{"id":36415,"date":"2026-02-27T00:34:21","date_gmt":"2026-02-27T00:34:21","guid":{"rendered":"https:\/\/nordicmart.andreevmaster.com\/product\/vasagle-tulostuspoyta-3-tasoa-ja-pyorat\/"},"modified":"2026-02-27T09:52:06","modified_gmt":"2026-02-27T09:52:06","slug":"vasagle-tulostuspoyta-3-tasoa-ja-pyorat","status":"publish","type":"product","link":"https:\/\/nordicmart.andreevmaster.com\/fi\/tuote\/vasagle-tulostuspoyta-3-tasoa-ja-pyorat\/","title":{"rendered":"VASAGLE tulostusp\u00f6yt\u00e4, 3 tasoa ja py\u00f6r\u00e4t"},"content":{"rendered":"<p>VASAGLE tulostusp\u00f6yt\u00e4 py\u00f6rill\u00e4, 3-tasoinen tulostinteline, s\u00e4\u00e4dett\u00e4v\u00e4 p\u00f6yt\u00e4levy, kest\u00e4v\u00e4, s\u00e4ilytyshylly, teollinen, toimistoon tai ty\u00f6huoneeseen, vintage-ruskea-musta OPS003B01V1<br \/>\nV\u00e4ri: vintage-ruskea-musta<br \/>\nMateriaali: lastulevy, ter\u00e4s<br \/>\nKoko: 48,5 x 40,4 x (66 tai 76) cm<br \/>\nP\u00f6yt\u00e4levyn koko: 48,5 x 40,4 cm<br \/>\nAlahyllyn koko: 39,4 x 30,2 cm<br \/>\nKeskimm\u00e4isen ja alimman hyllyn v\u00e4linen et\u00e4isyys: 22,5 cm<br \/>\nYl\u00e4levyn ja keskimm\u00e4isen hyllyn v\u00e4linen et\u00e4isyys: 27,5 cm tai 37,5 cm<br \/>\nPaino: 9,1 kg<br \/>\nP\u00f6yt\u00e4levyn maks. staattinen kantavuus: 45 kg<br \/>\nAlemman hyllyn maks. staattinen kantavuus: 15 kg<\/p>\n","protected":false},"excerpt":{"rendered":"<p>VASAGLE tulostusp\u00f6yt\u00e4 py\u00f6rill\u00e4, 3-tasoinen tulostinteline, s\u00e4\u00e4dett\u00e4v\u00e4 p\u00f6yt\u00e4levy, kest\u00e4v\u00e4, s\u00e4ilytyshylly, teollinen, toimistoon tai ty\u00f6huoneeseen, vintage-ruskea-musta OPS003B01V1<\/p>\n","protected":false},"featured_media":44709,"comment_status":"open","ping_status":"closed","template":"","meta":[],"product_brand":[],"product_cat":[32],"product_tag":[],"class_list":{"0":"post-36415","1":"product","2":"type-product","3":"status-publish","4":"has-post-thumbnail","6":"product_cat-uncategorized-fi","8":"first","9":"instock","10":"shipping-taxable","11":"purchasable","12":"product-type-simple"},"_links":{"self":[{"href":"https:\/\/nordicmart.andreevmaster.com\/fi\/wp-json\/wp\/v2\/product\/36415","targetHints":{"allow":["GET"]}}],"collection":[{"href":"https:\/\/nordicmart.andreevmaster.com\/fi\/wp-json\/wp\/v2\/product"}],"about":[{"href":"https:\/\/nordicmart.andreevmaster.com\/fi\/wp-json\/wp\/v2\/types\/product"}],"replies":[{"embeddable":true,"href":"https:\/\/nordicmart.andreevmaster.com\/fi\/wp-json\/wp\/v2\/comments?post=36415"}],"wp:featuredmedia":[{"embeddable":true,"href":"https:\/\/nordicmart.andreevmaster.com\/fi\/wp-json\/wp\/v2\/media\/44709"}],"wp:attachment":[{"href":"https:\/\/nordicmart.andreevmaster.com\/fi\/wp-json\/wp\/v2\/media?parent=36415"}],"wp:term":[{"taxonomy":"product_brand","embeddable":true,"href":"https:\/\/nordicmart.andreevmaster.com\/fi\/wp-json\/wp\/v2\/product_brand?post=36415"},{"taxonomy":"product_cat","embeddable":true,"href":"https:\/\/nordicmart.andreevmaster.com\/fi\/wp-json\/wp\/v2\/product_cat?post=36415"},{"taxonomy":"product_tag","embeddable":true,"href":"https:\/\/nordicmart.andreevmaster.com\/fi\/wp-json\/wp\/v2\/product_tag?post=36415"}],"curies":[{"name":"wp","href":"https:\/\/api.w.org\/{rel}","templated":true}]}}