{"id":36411,"date":"2026-02-27T00:34:19","date_gmt":"2026-02-27T00:34:19","guid":{"rendered":"https:\/\/nordicmart.andreevmaster.com\/product\/songmics-arkistokaappi-monikayttoinen-kaappi-sailytyskaappi\/"},"modified":"2026-02-27T09:52:05","modified_gmt":"2026-02-27T09:52:05","slug":"songmics-arkistokaappi-monikayttoinen-kaappi-sailytyskaappi","status":"publish","type":"product","link":"https:\/\/nordicmart.andreevmaster.com\/fi\/tuote\/songmics-arkistokaappi-monikayttoinen-kaappi-sailytyskaappi\/","title":{"rendered":"SONGMICS arkistokaappi, monik\u00e4ytt\u00f6inen kaappi, s\u00e4ilytyskaappi"},"content":{"rendered":"<p>Arkistokaappi, monik\u00e4ytt\u00f6inen kaappi, s\u00e4ilytyskaappi, 5 tasoa, 40 x 80 x 180 cm, pariovet, lukko, s\u00e4\u00e4dett\u00e4v\u00e4t hyllyt, mattavalkoinen<br \/>\nTuotetiedot:<br \/>\n&#8211; V\u00e4ri: mattamusta<br \/>\n&#8211; Materiaali: jauhemaalattu ter\u00e4s<br \/>\n&#8211; Koko: 40 x 80 x 180 cm (S x L x K)<br \/>\n&#8211; Paino: 40,5 kg<br \/>\n&#8211; Maks. staattinen kantavuus per hylly: 25 kg<\/p>\n<p>Toimitus sis\u00e4lt\u00e4\u00e4<br \/>\n&#8211; 1 x s\u00e4ilytyskaappi<br \/>\n&#8211; 1 x lis\u00e4varustepaketti<br \/>\n&#8211; 1 x kaatumissuoja<br \/>\n&#8211; 1 x k\u00e4ytt\u00f6ohje<\/p>\n<p>Huomautukset:<br \/>\n&#8211; Asennukseen tarvitaan s\u00e4hk\u00f6porakone.<\/p>\n","protected":false},"excerpt":{"rendered":"<p>Arkistokaappi, monik\u00e4ytt\u00f6inen kaappi, s\u00e4ilytyskaappi, 5 tasoa, 40 x 80 x 180 cm, pariovet, lukko, s\u00e4\u00e4dett\u00e4v\u00e4t hyllyt, mattavalkoinen<\/p>\n","protected":false},"featured_media":44706,"comment_status":"open","ping_status":"closed","template":"","meta":[],"product_brand":[],"product_cat":[32],"product_tag":[],"class_list":{"0":"post-36411","1":"product","2":"type-product","3":"status-publish","4":"has-post-thumbnail","6":"product_cat-uncategorized-fi","8":"first","9":"instock","10":"shipping-taxable","11":"purchasable","12":"product-type-simple"},"_links":{"self":[{"href":"https:\/\/nordicmart.andreevmaster.com\/fi\/wp-json\/wp\/v2\/product\/36411","targetHints":{"allow":["GET"]}}],"collection":[{"href":"https:\/\/nordicmart.andreevmaster.com\/fi\/wp-json\/wp\/v2\/product"}],"about":[{"href":"https:\/\/nordicmart.andreevmaster.com\/fi\/wp-json\/wp\/v2\/types\/product"}],"replies":[{"embeddable":true,"href":"https:\/\/nordicmart.andreevmaster.com\/fi\/wp-json\/wp\/v2\/comments?post=36411"}],"wp:featuredmedia":[{"embeddable":true,"href":"https:\/\/nordicmart.andreevmaster.com\/fi\/wp-json\/wp\/v2\/media\/44706"}],"wp:attachment":[{"href":"https:\/\/nordicmart.andreevmaster.com\/fi\/wp-json\/wp\/v2\/media?parent=36411"}],"wp:term":[{"taxonomy":"product_brand","embeddable":true,"href":"https:\/\/nordicmart.andreevmaster.com\/fi\/wp-json\/wp\/v2\/product_brand?post=36411"},{"taxonomy":"product_cat","embeddable":true,"href":"https:\/\/nordicmart.andreevmaster.com\/fi\/wp-json\/wp\/v2\/product_cat?post=36411"},{"taxonomy":"product_tag","embeddable":true,"href":"https:\/\/nordicmart.andreevmaster.com\/fi\/wp-json\/wp\/v2\/product_tag?post=36411"}],"curies":[{"name":"wp","href":"https:\/\/api.w.org\/{rel}","templated":true}]}}