{"id":36409,"date":"2026-02-27T00:34:19","date_gmt":"2026-02-27T00:34:19","guid":{"rendered":"https:\/\/nordicmart.andreevmaster.com\/product\/songmics-arkistokaappi-monikayttoinen-kaappi-toimistokaappi-2-ovella\/"},"modified":"2026-02-27T09:52:04","modified_gmt":"2026-02-27T09:52:04","slug":"songmics-arkistokaappi-monikayttoinen-kaappi-toimistokaappi-2-ovella","status":"publish","type":"product","link":"https:\/\/nordicmart.andreevmaster.com\/fi\/tuote\/songmics-arkistokaappi-monikayttoinen-kaappi-toimistokaappi-2-ovella\/","title":{"rendered":"SONGMICS arkistokaappi, monik\u00e4ytt\u00f6inen kaappi, toimistokaappi 2 ovella"},"content":{"rendered":"<p>Arkistokaappi, monik\u00e4ytt\u00f6inen kaappi, toimistokaappi 2 ovella, lukittava kaappi, ty\u00f6huoneeseen, olohuoneeseen, mattagray<br \/>\nTuotetiedot:<br \/>\n&#8211; V\u00e4ri: mattamusta<br \/>\n&#8211; Materiaali: ter\u00e4s<br \/>\n&#8211; Koko (ilman jalkoja): 40 x 80 x 90 cm (S x L x K)<br \/>\n&#8211; Paino: 22,3 kg<br \/>\n&#8211; Pinnan maks. staattinen kantavuus: 30 kg<br \/>\n&#8211; S\u00e4\u00e4dett\u00e4v\u00e4n hyllyn maks. staattinen kantavuus: 25 kg<\/p>\n<p>Toimitus sis\u00e4lt\u00e4\u00e4:<br \/>\n&#8211; 1 x metallikaappi<br \/>\n&#8211; 1 x lis\u00e4varustepaketti<br \/>\n&#8211; 1 x kaatumissuoja<br \/>\n&#8211; 1 x k\u00e4ytt\u00f6ohje<\/p>\n<p>Huomautukset:<br \/>\n&#8211; Kiinnit\u00e4 t\u00e4m\u00e4 arkistokaappi sein\u00e4\u00e4n mukana toimitetulla kaatumissuojalla turvallisen k\u00e4ytt\u00f6ymp\u00e4rist\u00f6n luomiseksi.<\/p>\n","protected":false},"excerpt":{"rendered":"<p>Arkistokaappi, monik\u00e4ytt\u00f6inen kaappi, toimistokaappi 2 ovella, lukittava kaappi, ty\u00f6huoneeseen, olohuoneeseen, mattagray<\/p>\n","protected":false},"featured_media":44704,"comment_status":"open","ping_status":"closed","template":"","meta":[],"product_brand":[],"product_cat":[32],"product_tag":[],"class_list":{"0":"post-36409","1":"product","2":"type-product","3":"status-publish","4":"has-post-thumbnail","6":"product_cat-uncategorized-fi","8":"first","9":"instock","10":"shipping-taxable","11":"purchasable","12":"product-type-simple"},"_links":{"self":[{"href":"https:\/\/nordicmart.andreevmaster.com\/fi\/wp-json\/wp\/v2\/product\/36409","targetHints":{"allow":["GET"]}}],"collection":[{"href":"https:\/\/nordicmart.andreevmaster.com\/fi\/wp-json\/wp\/v2\/product"}],"about":[{"href":"https:\/\/nordicmart.andreevmaster.com\/fi\/wp-json\/wp\/v2\/types\/product"}],"replies":[{"embeddable":true,"href":"https:\/\/nordicmart.andreevmaster.com\/fi\/wp-json\/wp\/v2\/comments?post=36409"}],"wp:featuredmedia":[{"embeddable":true,"href":"https:\/\/nordicmart.andreevmaster.com\/fi\/wp-json\/wp\/v2\/media\/44704"}],"wp:attachment":[{"href":"https:\/\/nordicmart.andreevmaster.com\/fi\/wp-json\/wp\/v2\/media?parent=36409"}],"wp:term":[{"taxonomy":"product_brand","embeddable":true,"href":"https:\/\/nordicmart.andreevmaster.com\/fi\/wp-json\/wp\/v2\/product_brand?post=36409"},{"taxonomy":"product_cat","embeddable":true,"href":"https:\/\/nordicmart.andreevmaster.com\/fi\/wp-json\/wp\/v2\/product_cat?post=36409"},{"taxonomy":"product_tag","embeddable":true,"href":"https:\/\/nordicmart.andreevmaster.com\/fi\/wp-json\/wp\/v2\/product_tag?post=36409"}],"curies":[{"name":"wp","href":"https:\/\/api.w.org\/{rel}","templated":true}]}}