{"id":36408,"date":"2026-02-27T00:34:18","date_gmt":"2026-02-27T00:34:18","guid":{"rendered":"https:\/\/nordicmart.andreevmaster.com\/product\/songmics-arkistokaappi-laatikolla\/"},"modified":"2026-02-27T09:52:04","modified_gmt":"2026-02-27T09:52:04","slug":"songmics-arkistokaappi-laatikolla","status":"publish","type":"product","link":"https:\/\/nordicmart.andreevmaster.com\/fi\/tuote\/songmics-arkistokaappi-laatikolla\/","title":{"rendered":"SONGMICS arkistokaappi laatikolla"},"content":{"rendered":"<p>Etsitk\u00f6 k\u00e4yt\u00e4nn\u00f6llist\u00e4 arkistokaappia? Tada! Olen juuri oikea valinta sinulle. Sopii olohuoneeseen, makuuhuoneeseen ja toimistoon ja tarjoaa luotettavan s\u00e4ilytystilan kirjoillesi, asiakirjoillesi jne. Vai onko sinulla parempia ideoita? Tuotetiedot: V\u00e4ri: vintage-ruskea-musta Materiaali: ter\u00e4s, lastulevy Koko: 41 x 46 x 105 cm (P x L x K) Paino: 14,9 kgPinnan maks. staattinen kantavuus: 50 kgKeskimm\u00e4isen hyllyn maks. staattinen kantavuus: 20 kgLaatikon maks. staattinen kantavuus: 20 kgToimitus sis\u00e4lt\u00e4\u00e4:1 x arkistokaappi1 x lis\u00e4varustepaketti1 x kaatumissuoja1 x ohjeetSONGMICS Huomautukset:Kiinnit\u00e4 t\u00e4m\u00e4 tuote sein\u00e4\u00e4n mukana toimitetulla kaatumissuojalla kaatumisen est\u00e4miseksi.<\/p>\n","protected":false},"excerpt":{"rendered":"<p>SONGMICS arkistokaappi, toimistokaappi lokeroilla ja laatikolla, ter\u00e4ksinen s\u00e4ilytyskaappi, toimistoon, ty\u00f6huoneeseen, olohuoneeseen, vintage-ruskea-musta OMC301B01<\/p>\n","protected":false},"featured_media":44703,"comment_status":"open","ping_status":"closed","template":"","meta":[],"product_brand":[],"product_cat":[32],"product_tag":[],"class_list":{"0":"post-36408","1":"product","2":"type-product","3":"status-publish","4":"has-post-thumbnail","6":"product_cat-uncategorized-fi","8":"first","9":"instock","10":"shipping-taxable","11":"purchasable","12":"product-type-simple"},"_links":{"self":[{"href":"https:\/\/nordicmart.andreevmaster.com\/fi\/wp-json\/wp\/v2\/product\/36408","targetHints":{"allow":["GET"]}}],"collection":[{"href":"https:\/\/nordicmart.andreevmaster.com\/fi\/wp-json\/wp\/v2\/product"}],"about":[{"href":"https:\/\/nordicmart.andreevmaster.com\/fi\/wp-json\/wp\/v2\/types\/product"}],"replies":[{"embeddable":true,"href":"https:\/\/nordicmart.andreevmaster.com\/fi\/wp-json\/wp\/v2\/comments?post=36408"}],"wp:featuredmedia":[{"embeddable":true,"href":"https:\/\/nordicmart.andreevmaster.com\/fi\/wp-json\/wp\/v2\/media\/44703"}],"wp:attachment":[{"href":"https:\/\/nordicmart.andreevmaster.com\/fi\/wp-json\/wp\/v2\/media?parent=36408"}],"wp:term":[{"taxonomy":"product_brand","embeddable":true,"href":"https:\/\/nordicmart.andreevmaster.com\/fi\/wp-json\/wp\/v2\/product_brand?post=36408"},{"taxonomy":"product_cat","embeddable":true,"href":"https:\/\/nordicmart.andreevmaster.com\/fi\/wp-json\/wp\/v2\/product_cat?post=36408"},{"taxonomy":"product_tag","embeddable":true,"href":"https:\/\/nordicmart.andreevmaster.com\/fi\/wp-json\/wp\/v2\/product_tag?post=36408"}],"curies":[{"name":"wp","href":"https:\/\/api.w.org\/{rel}","templated":true}]}}