{"id":36406,"date":"2026-02-27T00:34:18","date_gmt":"2026-02-27T00:34:18","guid":{"rendered":"https:\/\/nordicmart.andreevmaster.com\/product\/songmics-metallinen-arkistokaappi-harmaa\/"},"modified":"2026-02-27T09:52:04","modified_gmt":"2026-02-27T09:52:04","slug":"songmics-metallinen-arkistokaappi-harmaa","status":"publish","type":"product","link":"https:\/\/nordicmart.andreevmaster.com\/fi\/tuote\/songmics-metallinen-arkistokaappi-harmaa\/","title":{"rendered":"SONGMICS metallinen arkistokaappi, harmaa"},"content":{"rendered":"<p>Jos toimistosi tai ty\u00f6huoneesi on t\u00e4ysin sekaisin ja joudut jatkuvasti uhraamaan arvokasta ty\u00f6aikaasi tietyn kansion etsimiseen, on aika hankkia t\u00e4m\u00e4 SONGMICS-metallikaappi! Mitk\u00e4 ovat t\u00e4m\u00e4n toimistokaapin vahvuudet? Yksinkertaista: harmaaksi lakattu metalli antaa jokaiselle huoneelle voimakkaan ilmeen.Jokainen 3 29 cm korkeista hyllytasoista on eritt\u00e4in tilava ja mahdollistaa korkeiden esineiden tai asiakirjapakettien s\u00e4ilytt\u00e4misen. Kaksinkertaiset ovet mahdollistavat helpon p\u00e4\u00e4syn metallikaapin sis\u00e4lt\u00f6\u00f6n. Jokainen ovi on varustettu magneetilla ja kumipuskureilla, jotka varmistavat hiljaisen sulkeutumisen.Kaapin metallirakenne on vakaa, kest\u00e4v\u00e4 ja pitk\u00e4ik\u00e4inen. Jokaisen hyllytasanteen staattinen kantavuus on 15 kg. Kaapin jalkojen muovikorkit est\u00e4v\u00e4t lattian naarmuuntumisen. Tuotetiedot:V\u00e4ri: harmaa Materiaali: lakattu metalli Koko: 65 x 36 x 105,2 cm (P x L x K) Paino: 15,9 kg Maks. staattinen kantavuus hylly\u00e4 kohti: 15 kg Toimitus sis\u00e4lt\u00e4\u00e4: 1 x metallikaappi 1 x s\u00e4ilytyslaatikko tarvikkeineen 1 x ohjeet (DE, EN, FR, ES, IT) SONGMICS-ohjeet:Asennus on suositeltavaa suorittaa akkuporakoneella. Jos asennuksessa ilmenee ongelmia, ota meihin yhteytt\u00e4.<\/p>\n","protected":false},"excerpt":{"rendered":"<p>SONGMICS metallikaappi, 3 hylly\u00e4, arkistokaappi, kaksoisovet, toimistokaappi, ty\u00f6kalukaappi, autotalliin, ty\u00f6pajaan, 65 x 36 x 105,2 cm, kantavuus 15 kg\/taso, harmaa OMC06GB<\/p>\n","protected":false},"featured_media":44701,"comment_status":"open","ping_status":"closed","template":"","meta":[],"product_brand":[],"product_cat":[32],"product_tag":[],"class_list":{"0":"post-36406","1":"product","2":"type-product","3":"status-publish","4":"has-post-thumbnail","6":"product_cat-uncategorized-fi","8":"first","9":"instock","10":"shipping-taxable","11":"purchasable","12":"product-type-simple"},"_links":{"self":[{"href":"https:\/\/nordicmart.andreevmaster.com\/fi\/wp-json\/wp\/v2\/product\/36406","targetHints":{"allow":["GET"]}}],"collection":[{"href":"https:\/\/nordicmart.andreevmaster.com\/fi\/wp-json\/wp\/v2\/product"}],"about":[{"href":"https:\/\/nordicmart.andreevmaster.com\/fi\/wp-json\/wp\/v2\/types\/product"}],"replies":[{"embeddable":true,"href":"https:\/\/nordicmart.andreevmaster.com\/fi\/wp-json\/wp\/v2\/comments?post=36406"}],"wp:featuredmedia":[{"embeddable":true,"href":"https:\/\/nordicmart.andreevmaster.com\/fi\/wp-json\/wp\/v2\/media\/44701"}],"wp:attachment":[{"href":"https:\/\/nordicmart.andreevmaster.com\/fi\/wp-json\/wp\/v2\/media?parent=36406"}],"wp:term":[{"taxonomy":"product_brand","embeddable":true,"href":"https:\/\/nordicmart.andreevmaster.com\/fi\/wp-json\/wp\/v2\/product_brand?post=36406"},{"taxonomy":"product_cat","embeddable":true,"href":"https:\/\/nordicmart.andreevmaster.com\/fi\/wp-json\/wp\/v2\/product_cat?post=36406"},{"taxonomy":"product_tag","embeddable":true,"href":"https:\/\/nordicmart.andreevmaster.com\/fi\/wp-json\/wp\/v2\/product_tag?post=36406"}],"curies":[{"name":"wp","href":"https:\/\/api.w.org\/{rel}","templated":true}]}}