{"id":36402,"date":"2026-02-27T00:34:17","date_gmt":"2026-02-27T00:34:17","guid":{"rendered":"https:\/\/nordicmart.andreevmaster.com\/product\/songmics-arkistokaappi-5-tasoa-saadettavat-hyllyt\/"},"modified":"2026-02-27T09:52:03","modified_gmt":"2026-02-27T09:52:03","slug":"songmics-arkistokaappi-5-tasoa-saadettavat-hyllyt","status":"publish","type":"product","link":"https:\/\/nordicmart.andreevmaster.com\/fi\/tuote\/songmics-arkistokaappi-5-tasoa-saadettavat-hyllyt\/","title":{"rendered":"SONGMICS arkistokaappi, 5 tasoa, s\u00e4\u00e4dett\u00e4v\u00e4t hyllyt"},"content":{"rendered":"<p>SONGMICS arkistokaappi, 2-ovinen toimistokaappi, ter\u00e4ksinen s\u00e4ilytyskaappi, 5 tasoa, autotalliin, ty\u00f6huoneeseen, harmaa OMC015G01<br \/>\n&#8211; V\u00e4ri: hopeanmusta<br \/>\n&#8211; Materiaali: jauhemaalattu ter\u00e4s<br \/>\n&#8211; Koko: 40 x 80 x 180 cm (S x L x K)<br \/>\n&#8211; Paino: 40,5 kg<br \/>\n&#8211; Maks. staattinen kantavuus hylly\u00e4 kohti: 25 kg<\/p>\n","protected":false},"excerpt":{"rendered":"<p>SONGMICS arkistokaappi, 2-ovinen toimistokaappi, ter\u00e4ksinen s\u00e4ilytyskaappi, 5 tasoa, autotalliin, ty\u00f6huoneeseen, harmaa OMC015G01<\/p>\n","protected":false},"featured_media":44697,"comment_status":"open","ping_status":"closed","template":"","meta":[],"product_brand":[],"product_cat":[32],"product_tag":[],"class_list":{"0":"post-36402","1":"product","2":"type-product","3":"status-publish","4":"has-post-thumbnail","6":"product_cat-uncategorized-fi","8":"first","9":"instock","10":"shipping-taxable","11":"purchasable","12":"product-type-simple"},"_links":{"self":[{"href":"https:\/\/nordicmart.andreevmaster.com\/fi\/wp-json\/wp\/v2\/product\/36402","targetHints":{"allow":["GET"]}}],"collection":[{"href":"https:\/\/nordicmart.andreevmaster.com\/fi\/wp-json\/wp\/v2\/product"}],"about":[{"href":"https:\/\/nordicmart.andreevmaster.com\/fi\/wp-json\/wp\/v2\/types\/product"}],"replies":[{"embeddable":true,"href":"https:\/\/nordicmart.andreevmaster.com\/fi\/wp-json\/wp\/v2\/comments?post=36402"}],"wp:featuredmedia":[{"embeddable":true,"href":"https:\/\/nordicmart.andreevmaster.com\/fi\/wp-json\/wp\/v2\/media\/44697"}],"wp:attachment":[{"href":"https:\/\/nordicmart.andreevmaster.com\/fi\/wp-json\/wp\/v2\/media?parent=36402"}],"wp:term":[{"taxonomy":"product_brand","embeddable":true,"href":"https:\/\/nordicmart.andreevmaster.com\/fi\/wp-json\/wp\/v2\/product_brand?post=36402"},{"taxonomy":"product_cat","embeddable":true,"href":"https:\/\/nordicmart.andreevmaster.com\/fi\/wp-json\/wp\/v2\/product_cat?post=36402"},{"taxonomy":"product_tag","embeddable":true,"href":"https:\/\/nordicmart.andreevmaster.com\/fi\/wp-json\/wp\/v2\/product_tag?post=36402"}],"curies":[{"name":"wp","href":"https:\/\/api.w.org\/{rel}","templated":true}]}}