{"id":36401,"date":"2026-02-27T00:34:17","date_gmt":"2026-02-27T00:34:17","guid":{"rendered":"https:\/\/nordicmart.andreevmaster.com\/product\/songmics-2-ovinen-arkistokaappi\/"},"modified":"2026-02-27T09:52:03","modified_gmt":"2026-02-27T09:52:03","slug":"songmics-2-ovinen-arkistokaappi","status":"publish","type":"product","link":"https:\/\/nordicmart.andreevmaster.com\/fi\/tuote\/songmics-2-ovinen-arkistokaappi\/","title":{"rendered":"SONGMICS 2-ovinen arkistokaappi"},"content":{"rendered":"<p>Jos toimistosi tai ty\u00f6huoneesi on t\u00e4ysin sekaisin ja joudut jatkuvasti uhraamaan arvokasta ty\u00f6aikaasi tietyn kansion etsimiseen, on aika hankkia t\u00e4m\u00e4 SONGMICS-metallikaappi! Mitk\u00e4 ovat t\u00e4m\u00e4n toimistokaapin vahvuudet? &#8211; Harmaa jauhemaalattu metalli antaa jokaiselle huoneelle voimakkaan ilmeen.- Jokainen nelj\u00e4st\u00e4 hyllyst\u00e4 on s\u00e4\u00e4dett\u00e4viss\u00e4, jotta korkeita esineit\u00e4 voidaan s\u00e4ilytt\u00e4\u00e4. &#8211; Kaksinkertaiset ovet mahdollistavat helpon p\u00e4\u00e4syn metallikaapin sis\u00e4lt\u00f6\u00f6n. &#8211; Kaapin metallirakenne on vakaa, kest\u00e4v\u00e4 ja pitk\u00e4ik\u00e4inen. &#8211; Jokainen hylly kest\u00e4\u00e4 jopa 25 kg:n painon.- Lukko ja 2 avainta pit\u00e4v\u00e4t asiakirjasi turvassa. Tuotetiedot: &#8211; V\u00e4ri: harmaa &#8211; Materiaali: jauhemaalattu ter\u00e4s &#8211; Koko: 80 x 40 x 180 cm (P x L x K) &#8211; Paino: 40,5 kg &#8211; Maks. staattinen kantavuus per taso: 25 kg Toimitus sis\u00e4lt\u00e4\u00e4:- 1 x metallikaappi &#8211; 1 x lis\u00e4varustepaketti &#8211; 1 x kaatumissuoja &#8211; 1 x ohjeet SONGMICS Huomautukset: &#8211; Asennus on suoritettava akkuporakoneella. &#8211; T\u00e4m\u00e4 tuote toimitetaan 2 paketissa. Jos saat aluksi vain 1 paketin, odota toisen paketin saapumista ennen asennuksen aloittamista.<\/p>\n","protected":false},"excerpt":{"rendered":"<p>SONGMICS arkistokaappi, 2-ovinen toimistokaappi, ter\u00e4ksinen s\u00e4ilytyskaappi, 5 tasoa, autotalliin, ty\u00f6huoneeseen, harmaa OMC015G01<\/p>\n","protected":false},"featured_media":44696,"comment_status":"open","ping_status":"closed","template":"","meta":[],"product_brand":[],"product_cat":[32],"product_tag":[],"class_list":{"0":"post-36401","1":"product","2":"type-product","3":"status-publish","4":"has-post-thumbnail","6":"product_cat-uncategorized-fi","8":"first","9":"instock","10":"shipping-taxable","11":"purchasable","12":"product-type-simple"},"_links":{"self":[{"href":"https:\/\/nordicmart.andreevmaster.com\/fi\/wp-json\/wp\/v2\/product\/36401","targetHints":{"allow":["GET"]}}],"collection":[{"href":"https:\/\/nordicmart.andreevmaster.com\/fi\/wp-json\/wp\/v2\/product"}],"about":[{"href":"https:\/\/nordicmart.andreevmaster.com\/fi\/wp-json\/wp\/v2\/types\/product"}],"replies":[{"embeddable":true,"href":"https:\/\/nordicmart.andreevmaster.com\/fi\/wp-json\/wp\/v2\/comments?post=36401"}],"wp:featuredmedia":[{"embeddable":true,"href":"https:\/\/nordicmart.andreevmaster.com\/fi\/wp-json\/wp\/v2\/media\/44696"}],"wp:attachment":[{"href":"https:\/\/nordicmart.andreevmaster.com\/fi\/wp-json\/wp\/v2\/media?parent=36401"}],"wp:term":[{"taxonomy":"product_brand","embeddable":true,"href":"https:\/\/nordicmart.andreevmaster.com\/fi\/wp-json\/wp\/v2\/product_brand?post=36401"},{"taxonomy":"product_cat","embeddable":true,"href":"https:\/\/nordicmart.andreevmaster.com\/fi\/wp-json\/wp\/v2\/product_cat?post=36401"},{"taxonomy":"product_tag","embeddable":true,"href":"https:\/\/nordicmart.andreevmaster.com\/fi\/wp-json\/wp\/v2\/product_tag?post=36401"}],"curies":[{"name":"wp","href":"https:\/\/api.w.org\/{rel}","templated":true}]}}