{"id":36398,"date":"2026-02-27T00:34:16","date_gmt":"2026-02-27T00:34:16","guid":{"rendered":"https:\/\/nordicmart.andreevmaster.com\/product\/songmics-arkistokaappi-jossa-on-kaksoisovet-ja-5-tasoa\/"},"modified":"2026-02-27T09:52:02","modified_gmt":"2026-02-27T09:52:02","slug":"songmics-arkistokaappi-jossa-on-kaksoisovet-ja-5-tasoa","status":"publish","type":"product","link":"https:\/\/nordicmart.andreevmaster.com\/fi\/tuote\/songmics-arkistokaappi-jossa-on-kaksoisovet-ja-5-tasoa\/","title":{"rendered":"SONGMICS arkistokaappi, jossa on kaksoisovet ja 5 tasoa"},"content":{"rendered":"<p>SONGMICS arkistokaappi, 2-ovinen toimistokaappi, ter\u00e4ksinen s\u00e4ilytyskaappi, 5 tasoa, autotalliin, ty\u00f6huoneeseen, harmaa OMC015G01<br \/>\nV\u00e4ri: harmaa<br \/>\nMateriaali: jauhemaalattu ter\u00e4s<br \/>\nKoko: 40 x 60 x 180 cm (S x L x K)<br \/>\nPaino: 30,9 kg<br \/>\nMaks. staattinen kantavuus hylly\u00e4 kohti: 25 kg<\/p>\n","protected":false},"excerpt":{"rendered":"<p>SONGMICS arkistokaappi, 2-ovinen toimistokaappi, ter\u00e4ksinen s\u00e4ilytyskaappi, 5 tasoa, autotalliin, ty\u00f6huoneeseen, harmaa OMC015G01<\/p>\n","protected":false},"featured_media":44693,"comment_status":"open","ping_status":"closed","template":"","meta":[],"product_brand":[],"product_cat":[32],"product_tag":[],"class_list":{"0":"post-36398","1":"product","2":"type-product","3":"status-publish","4":"has-post-thumbnail","6":"product_cat-uncategorized-fi","8":"first","9":"instock","10":"shipping-taxable","11":"purchasable","12":"product-type-simple"},"_links":{"self":[{"href":"https:\/\/nordicmart.andreevmaster.com\/fi\/wp-json\/wp\/v2\/product\/36398","targetHints":{"allow":["GET"]}}],"collection":[{"href":"https:\/\/nordicmart.andreevmaster.com\/fi\/wp-json\/wp\/v2\/product"}],"about":[{"href":"https:\/\/nordicmart.andreevmaster.com\/fi\/wp-json\/wp\/v2\/types\/product"}],"replies":[{"embeddable":true,"href":"https:\/\/nordicmart.andreevmaster.com\/fi\/wp-json\/wp\/v2\/comments?post=36398"}],"wp:featuredmedia":[{"embeddable":true,"href":"https:\/\/nordicmart.andreevmaster.com\/fi\/wp-json\/wp\/v2\/media\/44693"}],"wp:attachment":[{"href":"https:\/\/nordicmart.andreevmaster.com\/fi\/wp-json\/wp\/v2\/media?parent=36398"}],"wp:term":[{"taxonomy":"product_brand","embeddable":true,"href":"https:\/\/nordicmart.andreevmaster.com\/fi\/wp-json\/wp\/v2\/product_brand?post=36398"},{"taxonomy":"product_cat","embeddable":true,"href":"https:\/\/nordicmart.andreevmaster.com\/fi\/wp-json\/wp\/v2\/product_cat?post=36398"},{"taxonomy":"product_tag","embeddable":true,"href":"https:\/\/nordicmart.andreevmaster.com\/fi\/wp-json\/wp\/v2\/product_tag?post=36398"}],"curies":[{"name":"wp","href":"https:\/\/api.w.org\/{rel}","templated":true}]}}