{"id":36397,"date":"2026-02-27T00:34:16","date_gmt":"2026-02-27T00:34:16","guid":{"rendered":"https:\/\/nordicmart.andreevmaster.com\/product\/songmics-arkistokaappi-5-tasoa-40-x-60-x-180-cm-mattamusta\/"},"modified":"2026-02-27T09:52:02","modified_gmt":"2026-02-27T09:52:02","slug":"songmics-arkistokaappi-5-tasoa-40-x-60-x-180-cm-mattamusta","status":"publish","type":"product","link":"https:\/\/nordicmart.andreevmaster.com\/fi\/tuote\/songmics-arkistokaappi-5-tasoa-40-x-60-x-180-cm-mattamusta\/","title":{"rendered":"SONGMICS arkistokaappi, 5 tasoa, 40 x 60 x 180 cm, mattamusta"},"content":{"rendered":"<p>SONGMICS arkistokaappi, 2-ovinen toimistokaappi, ter\u00e4ksinen s\u00e4ilytyskaappi, 5 tasoa, autotalliin, ty\u00f6huoneeseen, harmaa OMC015G01<br \/>\nTuotemerkki    \u200eSONGMICS<br \/>\nV\u00e4ri    \u200eHarmaa<br \/>\nTuotteen mitat    \u200e40 x 60 x 180 cm; 30,9 kg<br \/>\nSuurin kantavuus    \u200e25 kg<br \/>\nMuut tekniset tiedot    \u200e[INF] S\u00e4\u00e4dett\u00e4v\u00e4t hyllyt, pariovet, metallirunko, suuri painokapasiteetti<br \/>\nTuotteen paino    \u200e30,9 kg<\/p>\n","protected":false},"excerpt":{"rendered":"<p>SONGMICS arkistokaappi, 2-ovinen toimistokaappi, ter\u00e4ksinen s\u00e4ilytyskaappi, 5 tasoa, autotalliin, ty\u00f6huoneeseen, harmaa OMC015G01<\/p>\n","protected":false},"featured_media":44692,"comment_status":"open","ping_status":"closed","template":"","meta":[],"product_brand":[],"product_cat":[32],"product_tag":[],"class_list":{"0":"post-36397","1":"product","2":"type-product","3":"status-publish","4":"has-post-thumbnail","6":"product_cat-uncategorized-fi","8":"first","9":"instock","10":"shipping-taxable","11":"purchasable","12":"product-type-simple"},"_links":{"self":[{"href":"https:\/\/nordicmart.andreevmaster.com\/fi\/wp-json\/wp\/v2\/product\/36397","targetHints":{"allow":["GET"]}}],"collection":[{"href":"https:\/\/nordicmart.andreevmaster.com\/fi\/wp-json\/wp\/v2\/product"}],"about":[{"href":"https:\/\/nordicmart.andreevmaster.com\/fi\/wp-json\/wp\/v2\/types\/product"}],"replies":[{"embeddable":true,"href":"https:\/\/nordicmart.andreevmaster.com\/fi\/wp-json\/wp\/v2\/comments?post=36397"}],"wp:featuredmedia":[{"embeddable":true,"href":"https:\/\/nordicmart.andreevmaster.com\/fi\/wp-json\/wp\/v2\/media\/44692"}],"wp:attachment":[{"href":"https:\/\/nordicmart.andreevmaster.com\/fi\/wp-json\/wp\/v2\/media?parent=36397"}],"wp:term":[{"taxonomy":"product_brand","embeddable":true,"href":"https:\/\/nordicmart.andreevmaster.com\/fi\/wp-json\/wp\/v2\/product_brand?post=36397"},{"taxonomy":"product_cat","embeddable":true,"href":"https:\/\/nordicmart.andreevmaster.com\/fi\/wp-json\/wp\/v2\/product_cat?post=36397"},{"taxonomy":"product_tag","embeddable":true,"href":"https:\/\/nordicmart.andreevmaster.com\/fi\/wp-json\/wp\/v2\/product_tag?post=36397"}],"curies":[{"name":"wp","href":"https:\/\/api.w.org\/{rel}","templated":true}]}}