{"id":36394,"date":"2026-02-27T00:34:15","date_gmt":"2026-02-27T00:34:15","guid":{"rendered":"https:\/\/nordicmart.andreevmaster.com\/product\/songmics-teraksinen-arkistokaappi-2-ovea-lukittava-harmaa\/"},"modified":"2026-02-27T09:52:01","modified_gmt":"2026-02-27T09:52:01","slug":"songmics-teraksinen-arkistokaappi-2-ovea-lukittava-harmaa","status":"publish","type":"product","link":"https:\/\/nordicmart.andreevmaster.com\/fi\/tuote\/songmics-teraksinen-arkistokaappi-2-ovea-lukittava-harmaa\/","title":{"rendered":"SONGMICS ter\u00e4ksinen arkistokaappi, 2 ovea, lukittava, harmaa"},"content":{"rendered":"<p>SONGMICS arkistokaappi, monik\u00e4ytt\u00f6inen kaappi, toimistokaappi 2 ovella, lukittava kaappi, ter\u00e4ksinen s\u00e4ilytyskaappi, ty\u00f6huoneeseen, olohuoneeseen, musta OMC013B01<br \/>\nV\u00e4ri: harmaa<br \/>\nMateriaali: ter\u00e4s<br \/>\nKoko (ilman jalkoja): 40 x 80 x 90 cm (S x L x K)<br \/>\nPaino: 22,3 kg<br \/>\nPinnan maks. staattinen kantavuus: 30 kg<br \/>\nJokaisen s\u00e4\u00e4dett\u00e4v\u00e4n hyllyn maks. staattinen kantavuus: 25 kg<\/p>\n","protected":false},"excerpt":{"rendered":"<p>SONGMICS arkistokaappi, monik\u00e4ytt\u00f6inen kaappi, toimistokaappi 2 ovella, lukittava kaappi, ter\u00e4ksinen s\u00e4ilytyskaappi, ty\u00f6huoneeseen, olohuoneeseen, musta OMC013B01<\/p>\n","protected":false},"featured_media":44689,"comment_status":"open","ping_status":"closed","template":"","meta":[],"product_brand":[],"product_cat":[32],"product_tag":[],"class_list":{"0":"post-36394","1":"product","2":"type-product","3":"status-publish","4":"has-post-thumbnail","6":"product_cat-uncategorized-fi","8":"first","9":"instock","10":"shipping-taxable","11":"purchasable","12":"product-type-simple"},"_links":{"self":[{"href":"https:\/\/nordicmart.andreevmaster.com\/fi\/wp-json\/wp\/v2\/product\/36394","targetHints":{"allow":["GET"]}}],"collection":[{"href":"https:\/\/nordicmart.andreevmaster.com\/fi\/wp-json\/wp\/v2\/product"}],"about":[{"href":"https:\/\/nordicmart.andreevmaster.com\/fi\/wp-json\/wp\/v2\/types\/product"}],"replies":[{"embeddable":true,"href":"https:\/\/nordicmart.andreevmaster.com\/fi\/wp-json\/wp\/v2\/comments?post=36394"}],"wp:featuredmedia":[{"embeddable":true,"href":"https:\/\/nordicmart.andreevmaster.com\/fi\/wp-json\/wp\/v2\/media\/44689"}],"wp:attachment":[{"href":"https:\/\/nordicmart.andreevmaster.com\/fi\/wp-json\/wp\/v2\/media?parent=36394"}],"wp:term":[{"taxonomy":"product_brand","embeddable":true,"href":"https:\/\/nordicmart.andreevmaster.com\/fi\/wp-json\/wp\/v2\/product_brand?post=36394"},{"taxonomy":"product_cat","embeddable":true,"href":"https:\/\/nordicmart.andreevmaster.com\/fi\/wp-json\/wp\/v2\/product_cat?post=36394"},{"taxonomy":"product_tag","embeddable":true,"href":"https:\/\/nordicmart.andreevmaster.com\/fi\/wp-json\/wp\/v2\/product_tag?post=36394"}],"curies":[{"name":"wp","href":"https:\/\/api.w.org\/{rel}","templated":true}]}}