{"id":36391,"date":"2026-02-27T00:34:14","date_gmt":"2026-02-27T00:34:14","guid":{"rendered":"https:\/\/nordicmart.andreevmaster.com\/product\/songmics-lukittava-arkistokaappi-2-ovea-40-x-60-x-90-cm-mattagray\/"},"modified":"2026-02-27T09:52:01","modified_gmt":"2026-02-27T09:52:01","slug":"songmics-lukittava-arkistokaappi-2-ovea-40-x-60-x-90-cm-mattagray","status":"publish","type":"product","link":"https:\/\/nordicmart.andreevmaster.com\/fi\/tuote\/songmics-lukittava-arkistokaappi-2-ovea-40-x-60-x-90-cm-mattagray\/","title":{"rendered":"SONGMICS lukittava arkistokaappi, 2 ovea, 40 x 60 x 90 cm, mattagray"},"content":{"rendered":"<p>SONGMICS arkistokaappi, monik\u00e4ytt\u00f6inen kaappi, toimistokaappi 2 ovella, lukittava kaappi, ter\u00e4ksinen s\u00e4ilytyskaappi, ty\u00f6huoneeseen, olohuoneeseen, musta OMC013B01<br \/>\nV\u00e4ri: mattagray<br \/>\nMateriaali: ter\u00e4s<br \/>\nKoko (ilman jalkoja): 40 x 60 x 90 cm (S x L x K)<br \/>\nPaino: 17,6 kg<br \/>\nPinnan maks. staattinen kantavuus: 30 kg<br \/>\nJokaisen s\u00e4\u00e4dett\u00e4v\u00e4n hyllyn maks. staattinen kantavuus: 25 kg<\/p>\n","protected":false},"excerpt":{"rendered":"<p>SONGMICS arkistokaappi, monik\u00e4ytt\u00f6inen kaappi, toimistokaappi 2 ovella, lukittava kaappi, ter\u00e4ksinen s\u00e4ilytyskaappi, ty\u00f6huoneeseen, olohuoneeseen, musta OMC013B01<\/p>\n","protected":false},"featured_media":44686,"comment_status":"open","ping_status":"closed","template":"","meta":[],"product_brand":[],"product_cat":[32],"product_tag":[],"class_list":{"0":"post-36391","1":"product","2":"type-product","3":"status-publish","4":"has-post-thumbnail","6":"product_cat-uncategorized-fi","8":"first","9":"instock","10":"shipping-taxable","11":"purchasable","12":"product-type-simple"},"_links":{"self":[{"href":"https:\/\/nordicmart.andreevmaster.com\/fi\/wp-json\/wp\/v2\/product\/36391","targetHints":{"allow":["GET"]}}],"collection":[{"href":"https:\/\/nordicmart.andreevmaster.com\/fi\/wp-json\/wp\/v2\/product"}],"about":[{"href":"https:\/\/nordicmart.andreevmaster.com\/fi\/wp-json\/wp\/v2\/types\/product"}],"replies":[{"embeddable":true,"href":"https:\/\/nordicmart.andreevmaster.com\/fi\/wp-json\/wp\/v2\/comments?post=36391"}],"wp:featuredmedia":[{"embeddable":true,"href":"https:\/\/nordicmart.andreevmaster.com\/fi\/wp-json\/wp\/v2\/media\/44686"}],"wp:attachment":[{"href":"https:\/\/nordicmart.andreevmaster.com\/fi\/wp-json\/wp\/v2\/media?parent=36391"}],"wp:term":[{"taxonomy":"product_brand","embeddable":true,"href":"https:\/\/nordicmart.andreevmaster.com\/fi\/wp-json\/wp\/v2\/product_brand?post=36391"},{"taxonomy":"product_cat","embeddable":true,"href":"https:\/\/nordicmart.andreevmaster.com\/fi\/wp-json\/wp\/v2\/product_cat?post=36391"},{"taxonomy":"product_tag","embeddable":true,"href":"https:\/\/nordicmart.andreevmaster.com\/fi\/wp-json\/wp\/v2\/product_tag?post=36391"}],"curies":[{"name":"wp","href":"https:\/\/api.w.org\/{rel}","templated":true}]}}