{"id":36388,"date":"2026-02-27T00:34:13","date_gmt":"2026-02-27T00:34:13","guid":{"rendered":"https:\/\/nordicmart.andreevmaster.com\/product\/songmics-monikayttoinen-kaappi-ritilaovilla-keskiyonsininen\/"},"modified":"2026-02-27T09:52:00","modified_gmt":"2026-02-27T09:52:00","slug":"songmics-monikayttoinen-kaappi-ritilaovilla-keskiyonsininen","status":"publish","type":"product","link":"https:\/\/nordicmart.andreevmaster.com\/fi\/tuote\/songmics-monikayttoinen-kaappi-ritilaovilla-keskiyonsininen\/","title":{"rendered":"SONGMICS monik\u00e4ytt\u00f6inen kaappi ritil\u00e4ovilla, keskiy\u00f6nsininen"},"content":{"rendered":"<p>SONGMICS s\u00e4ilytyskaappi, metallikaappi, kaksoisovet, magneettilukko, s\u00e4\u00e4dett\u00e4v\u00e4 hylly, ter\u00e4srunko<br \/>\nV\u00e4ri: keskiy\u00f6nsininen<br \/>\nMateriaali: Ter\u00e4ksinen kaappi, alumiiniseoksesta valmistetut kahvat<br \/>\nKoko: 40 x 80 x 105 cm (S x L x K)<br \/>\nPaino: 19,5 kg<br \/>\nMaks. staattinen kantavuus hylly\u00e4 kohti: 25 kg<\/p>\n","protected":false},"excerpt":{"rendered":"<p>SONGMICS s\u00e4ilytyskaappi, metallikaappi, kaksoisovet, magneettilukko, s\u00e4\u00e4dett\u00e4v\u00e4 hylly, ter\u00e4srunko<\/p>\n","protected":false},"featured_media":44683,"comment_status":"open","ping_status":"closed","template":"","meta":[],"product_brand":[],"product_cat":[32],"product_tag":[],"class_list":{"0":"post-36388","1":"product","2":"type-product","3":"status-publish","4":"has-post-thumbnail","6":"product_cat-uncategorized-fi","8":"first","9":"instock","10":"shipping-taxable","11":"purchasable","12":"product-type-simple"},"_links":{"self":[{"href":"https:\/\/nordicmart.andreevmaster.com\/fi\/wp-json\/wp\/v2\/product\/36388","targetHints":{"allow":["GET"]}}],"collection":[{"href":"https:\/\/nordicmart.andreevmaster.com\/fi\/wp-json\/wp\/v2\/product"}],"about":[{"href":"https:\/\/nordicmart.andreevmaster.com\/fi\/wp-json\/wp\/v2\/types\/product"}],"replies":[{"embeddable":true,"href":"https:\/\/nordicmart.andreevmaster.com\/fi\/wp-json\/wp\/v2\/comments?post=36388"}],"wp:featuredmedia":[{"embeddable":true,"href":"https:\/\/nordicmart.andreevmaster.com\/fi\/wp-json\/wp\/v2\/media\/44683"}],"wp:attachment":[{"href":"https:\/\/nordicmart.andreevmaster.com\/fi\/wp-json\/wp\/v2\/media?parent=36388"}],"wp:term":[{"taxonomy":"product_brand","embeddable":true,"href":"https:\/\/nordicmart.andreevmaster.com\/fi\/wp-json\/wp\/v2\/product_brand?post=36388"},{"taxonomy":"product_cat","embeddable":true,"href":"https:\/\/nordicmart.andreevmaster.com\/fi\/wp-json\/wp\/v2\/product_cat?post=36388"},{"taxonomy":"product_tag","embeddable":true,"href":"https:\/\/nordicmart.andreevmaster.com\/fi\/wp-json\/wp\/v2\/product_tag?post=36388"}],"curies":[{"name":"wp","href":"https:\/\/api.w.org\/{rel}","templated":true}]}}