{"id":36386,"date":"2026-02-27T00:34:13","date_gmt":"2026-02-27T00:34:13","guid":{"rendered":"https:\/\/nordicmart.andreevmaster.com\/product\/songmics-diy-poytahylly-bambusta\/"},"modified":"2026-02-27T09:51:59","modified_gmt":"2026-02-27T09:51:59","slug":"songmics-diy-poytahylly-bambusta","status":"publish","type":"product","link":"https:\/\/nordicmart.andreevmaster.com\/fi\/tuote\/songmics-diy-poytahylly-bambusta\/","title":{"rendered":"SONGMICS DIY-p\u00f6yt\u00e4hylly bambusta"},"content":{"rendered":"<p>T\u00e4m\u00e4 pieni, monipuolinen p\u00f6yt\u00e4organisaattori SONGMICS:lt\u00e4 on k\u00e4yt\u00e4nn\u00f6llinen, kompakti ja tilaa s\u00e4\u00e4st\u00e4v\u00e4, ja se auttaa sinua pit\u00e4m\u00e4\u00e4n j\u00e4rjestyst\u00e4 ilman, ett\u00e4 se vie liikaa tilaa. Voit k\u00e4ytt\u00e4\u00e4 sit\u00e4 eri muodoissa ja eri huoneissa: olohuoneessa, studiossa tai toimistossa. P\u00f6yt\u00e4hyllyn mukautettavuus ja laajennettavuus tekev\u00e4t siit\u00e4 t\u00e4ydellisen lis\u00e4varusteen ty\u00f6p\u00f6yd\u00e4llesi kirjojen, kyn\u00e4telineiden, pienten kasvi- ja valokuvamaljakkojen tai muiden ty\u00f6- ja opiskelutarvikkeiden j\u00e4rjest\u00e4miseen.KylpyhuoneessaVedenkest\u00e4v\u00e4n bambumateriaalin ansiosta t\u00e4m\u00e4 j\u00e4rjestelij\u00e4 voidaan sijoittaa my\u00f6s pesualtaan tai kylpyammeen viereen saippuoiden, parfyymipullojen ja voiteiden s\u00e4ilytt\u00e4mist\u00e4 varten.Keitti\u00f6ss\u00e4 Voit k\u00e4ytt\u00e4\u00e4 hylly\u00e4 my\u00f6s keitti\u00f6ss\u00e4si mausteiden, suola- ja pippurisirottimien, kahvikuppien, astianpesuaineen, sienien tai kuivausliinojen s\u00e4ilytt\u00e4miseen. Nyt on sinun vuorosi: mit\u00e4 haluat tehd\u00e4 t\u00e4ll\u00e4 bambusta valmistetulla p\u00f6yt\u00e4hyllyll\u00e4? Tuotetiedot:- V\u00e4ri: luonnonv\u00e4ri &#8211; Materiaali: bambu &#8211; Tuotteen koko: 64,7 x 15 x 40 cm (L x S x K) &#8211; Paino: 2,7 kg Toimitus sis\u00e4lt\u00e4\u00e4: &#8211; 1 x p\u00f6yt\u00e4organisaattori &#8211; 1 x tarvikepussi &#8211; 1 x ohjeet (DE, EN, FR, ES, IT)<\/p>\n","protected":false},"excerpt":{"rendered":"<p>SONGMICS 3 s\u00e4\u00e4dett\u00e4v\u00e4\u00e4 s\u00e4ilytysj\u00e4rjestelm\u00e4\u00e4 sis\u00e4lt\u00e4v\u00e4 p\u00f6yt\u00e4organisaattori, tilaa s\u00e4\u00e4st\u00e4v\u00e4 DIY-p\u00f6yt\u00e4hylly, pieni kirjahylly, toimisto, keitti\u00f6, kylpyhuone, luonnonbambu OFS45NL<\/p>\n","protected":false},"featured_media":44681,"comment_status":"open","ping_status":"closed","template":"","meta":[],"product_brand":[],"product_cat":[32],"product_tag":[],"class_list":{"0":"post-36386","1":"product","2":"type-product","3":"status-publish","4":"has-post-thumbnail","6":"product_cat-uncategorized-fi","8":"first","9":"instock","10":"shipping-taxable","11":"purchasable","12":"product-type-simple"},"_links":{"self":[{"href":"https:\/\/nordicmart.andreevmaster.com\/fi\/wp-json\/wp\/v2\/product\/36386","targetHints":{"allow":["GET"]}}],"collection":[{"href":"https:\/\/nordicmart.andreevmaster.com\/fi\/wp-json\/wp\/v2\/product"}],"about":[{"href":"https:\/\/nordicmart.andreevmaster.com\/fi\/wp-json\/wp\/v2\/types\/product"}],"replies":[{"embeddable":true,"href":"https:\/\/nordicmart.andreevmaster.com\/fi\/wp-json\/wp\/v2\/comments?post=36386"}],"wp:featuredmedia":[{"embeddable":true,"href":"https:\/\/nordicmart.andreevmaster.com\/fi\/wp-json\/wp\/v2\/media\/44681"}],"wp:attachment":[{"href":"https:\/\/nordicmart.andreevmaster.com\/fi\/wp-json\/wp\/v2\/media?parent=36386"}],"wp:term":[{"taxonomy":"product_brand","embeddable":true,"href":"https:\/\/nordicmart.andreevmaster.com\/fi\/wp-json\/wp\/v2\/product_brand?post=36386"},{"taxonomy":"product_cat","embeddable":true,"href":"https:\/\/nordicmart.andreevmaster.com\/fi\/wp-json\/wp\/v2\/product_cat?post=36386"},{"taxonomy":"product_tag","embeddable":true,"href":"https:\/\/nordicmart.andreevmaster.com\/fi\/wp-json\/wp\/v2\/product_tag?post=36386"}],"curies":[{"name":"wp","href":"https:\/\/api.w.org\/{rel}","templated":true}]}}