{"id":36385,"date":"2026-02-27T00:34:12","date_gmt":"2026-02-27T00:34:12","guid":{"rendered":"https:\/\/nordicmart.andreevmaster.com\/product\/songmics-bambusta-valmistettu-poytalaatikko\/"},"modified":"2026-02-27T09:51:59","modified_gmt":"2026-02-27T09:51:59","slug":"songmics-bambusta-valmistettu-poytalaatikko","status":"publish","type":"product","link":"https:\/\/nordicmart.andreevmaster.com\/fi\/tuote\/songmics-bambusta-valmistettu-poytalaatikko\/","title":{"rendered":"SONGMICS bambusta valmistettu p\u00f6yt\u00e4laatikko"},"content":{"rendered":"<p>T\u00e4m\u00e4 SONGMICS bambusta valmistettu s\u00e4ilytysj\u00e4rjestelm\u00e4 on loistava ratkaisu ty\u00f6p\u00f6yd\u00e4n asiakirjojen siistiin ja j\u00e4rjestelm\u00e4lliseen s\u00e4ilytykseen! Tuote on valmistettu luonnollisesta, kest\u00e4v\u00e4st\u00e4 bambusta, joka on kest\u00e4v\u00e4 ja vett\u00e4 hylkiv\u00e4, joten lika voidaan pyyhki\u00e4 pois helposti kostealla liinalla. Lis\u00e4ksi asiakirjojen j\u00e4rjestelij\u00e4ss\u00e4 on 5 erikseen s\u00e4\u00e4dett\u00e4v\u00e4\u00e4 lokeroa eri m\u00e4\u00e4rille papereita. Se yhdist\u00e4\u00e4 my\u00f6s arkistokaapin, esitteiden ja lehtien telineen ominaisuudet yhteen s\u00e4ilytysj\u00e4rjestelm\u00e4\u00e4n, joka tarjoaa sinulle loputtomat s\u00e4ilytysmahdollisuudet. Py\u00f6ristetyt kulmat ja syvennykset suojaavat sinua ja t\u00e4rkeit\u00e4 papereitasi. Hanki t\u00e4m\u00e4 k\u00e4yt\u00e4nn\u00f6llinen ja kest\u00e4v\u00e4 asiakirjojen j\u00e4rjestelij\u00e4 ja s\u00e4ilyt\u00e4 toimistotarvikkeesi siististi ja j\u00e4rjestelm\u00e4llisesti. Tuotetiedot:- V\u00e4ri: luonnonbambu &#8211; Materiaali: bambu, MDF (hylly) &#8211; Koko: 32,5 x 24,5 x 25 cm (L x S x K) &#8211; Paino: 2,3 kg Toimitus sis\u00e4lt\u00e4\u00e4: &#8211; 1 x bambuorganisaattori &#8211; 1 x kuusiokoloavain &#8211; 1 x ohjeet (DE, EN, FR, ES, IT)<\/p>\n","protected":false},"excerpt":{"rendered":"<p>SONGMICS bambusta valmistettu s\u00e4ilytysj\u00e4rjestelm\u00e4, paperilajittelija, jossa 5 s\u00e4\u00e4dett\u00e4v\u00e4\u00e4 lokeroa ja yl\u00e4osassa s\u00e4ilytystila, luonnonbambu OFS44Y<\/p>\n","protected":false},"featured_media":44680,"comment_status":"open","ping_status":"closed","template":"","meta":[],"product_brand":[],"product_cat":[32],"product_tag":[],"class_list":{"0":"post-36385","1":"product","2":"type-product","3":"status-publish","4":"has-post-thumbnail","6":"product_cat-uncategorized-fi","8":"first","9":"instock","10":"shipping-taxable","11":"purchasable","12":"product-type-simple"},"_links":{"self":[{"href":"https:\/\/nordicmart.andreevmaster.com\/fi\/wp-json\/wp\/v2\/product\/36385","targetHints":{"allow":["GET"]}}],"collection":[{"href":"https:\/\/nordicmart.andreevmaster.com\/fi\/wp-json\/wp\/v2\/product"}],"about":[{"href":"https:\/\/nordicmart.andreevmaster.com\/fi\/wp-json\/wp\/v2\/types\/product"}],"replies":[{"embeddable":true,"href":"https:\/\/nordicmart.andreevmaster.com\/fi\/wp-json\/wp\/v2\/comments?post=36385"}],"wp:featuredmedia":[{"embeddable":true,"href":"https:\/\/nordicmart.andreevmaster.com\/fi\/wp-json\/wp\/v2\/media\/44680"}],"wp:attachment":[{"href":"https:\/\/nordicmart.andreevmaster.com\/fi\/wp-json\/wp\/v2\/media?parent=36385"}],"wp:term":[{"taxonomy":"product_brand","embeddable":true,"href":"https:\/\/nordicmart.andreevmaster.com\/fi\/wp-json\/wp\/v2\/product_brand?post=36385"},{"taxonomy":"product_cat","embeddable":true,"href":"https:\/\/nordicmart.andreevmaster.com\/fi\/wp-json\/wp\/v2\/product_cat?post=36385"},{"taxonomy":"product_tag","embeddable":true,"href":"https:\/\/nordicmart.andreevmaster.com\/fi\/wp-json\/wp\/v2\/product_tag?post=36385"}],"curies":[{"name":"wp","href":"https:\/\/api.w.org\/{rel}","templated":true}]}}