{"id":36383,"date":"2026-02-27T00:34:12","date_gmt":"2026-02-27T00:34:12","guid":{"rendered":"https:\/\/nordicmart.andreevmaster.com\/product\/songmics-3-tasoinen-maustehylly-tyotasolle-eebenpuunmusta\/"},"modified":"2026-02-27T09:51:59","modified_gmt":"2026-02-27T09:51:59","slug":"songmics-3-tasoinen-maustehylly-tyotasolle-eebenpuunmusta","status":"publish","type":"product","link":"https:\/\/nordicmart.andreevmaster.com\/fi\/tuote\/songmics-3-tasoinen-maustehylly-tyotasolle-eebenpuunmusta\/","title":{"rendered":"SONGMICS 3-tasoinen maustehylly ty\u00f6tasolle, eebenpuunmusta"},"content":{"rendered":"<p>SONGMICS 3-tasoinen maustehylly, keitti\u00f6hylly, s\u00e4ilytyshylly, ty\u00f6tasolle, bamburungolla, keitti\u00f6\u00f6n, ruokailuhuoneeseen, toimistoon, vintage-ruskea-musta OFS047B01<br \/>\nV\u00e4ri: eebenpuunmusta<br \/>\nMateriaali: MDF (keskitihe\u00e4 kuitulevy), bambu<br \/>\nKoko: 18 x 41 x 53 cm (S x L x K)<br \/>\nPaino: 2,6 kg<\/p>\n","protected":false},"excerpt":{"rendered":"<p>SONGMICS 3-tasoinen maustehylly, keitti\u00f6hylly, s\u00e4ilytyshylly, ty\u00f6tasolle, bamburungolla, keitti\u00f6\u00f6n, ruokailuhuoneeseen, toimistoon, vintage-ruskea-musta OFS047B01<\/p>\n","protected":false},"featured_media":44678,"comment_status":"open","ping_status":"closed","template":"","meta":[],"product_brand":[],"product_cat":[32],"product_tag":[],"class_list":{"0":"post-36383","1":"product","2":"type-product","3":"status-publish","4":"has-post-thumbnail","6":"product_cat-uncategorized-fi","8":"first","9":"instock","10":"shipping-taxable","11":"purchasable","12":"product-type-simple"},"_links":{"self":[{"href":"https:\/\/nordicmart.andreevmaster.com\/fi\/wp-json\/wp\/v2\/product\/36383","targetHints":{"allow":["GET"]}}],"collection":[{"href":"https:\/\/nordicmart.andreevmaster.com\/fi\/wp-json\/wp\/v2\/product"}],"about":[{"href":"https:\/\/nordicmart.andreevmaster.com\/fi\/wp-json\/wp\/v2\/types\/product"}],"replies":[{"embeddable":true,"href":"https:\/\/nordicmart.andreevmaster.com\/fi\/wp-json\/wp\/v2\/comments?post=36383"}],"wp:featuredmedia":[{"embeddable":true,"href":"https:\/\/nordicmart.andreevmaster.com\/fi\/wp-json\/wp\/v2\/media\/44678"}],"wp:attachment":[{"href":"https:\/\/nordicmart.andreevmaster.com\/fi\/wp-json\/wp\/v2\/media?parent=36383"}],"wp:term":[{"taxonomy":"product_brand","embeddable":true,"href":"https:\/\/nordicmart.andreevmaster.com\/fi\/wp-json\/wp\/v2\/product_brand?post=36383"},{"taxonomy":"product_cat","embeddable":true,"href":"https:\/\/nordicmart.andreevmaster.com\/fi\/wp-json\/wp\/v2\/product_cat?post=36383"},{"taxonomy":"product_tag","embeddable":true,"href":"https:\/\/nordicmart.andreevmaster.com\/fi\/wp-json\/wp\/v2\/product_tag?post=36383"}],"curies":[{"name":"wp","href":"https:\/\/api.w.org\/{rel}","templated":true}]}}