{"id":36380,"date":"2026-02-27T00:34:11","date_gmt":"2026-02-27T00:34:11","guid":{"rendered":"https:\/\/nordicmart.andreevmaster.com\/product\/songmics-saadettava-poytaorganisaattori\/"},"modified":"2026-02-27T09:51:58","modified_gmt":"2026-02-27T09:51:58","slug":"songmics-saadettava-poytaorganisaattori","status":"publish","type":"product","link":"https:\/\/nordicmart.andreevmaster.com\/fi\/tuote\/songmics-saadettava-poytaorganisaattori\/","title":{"rendered":"SONGMICS s\u00e4\u00e4dett\u00e4v\u00e4 p\u00f6yt\u00e4organisaattori"},"content":{"rendered":"<p>Kompakti, tilaa s\u00e4\u00e4st\u00e4v\u00e4 ja eritt\u00e4in k\u00e4yt\u00e4nn\u00f6llinen! T\u00e4m\u00e4 SONGMICS-p\u00f6yt\u00e4organisaattori auttaa sinua pit\u00e4m\u00e4\u00e4n j\u00e4rjestyst\u00e4 ja vie vain v\u00e4h\u00e4n tilaa. T\u00e4m\u00e4n j\u00e4rjestelij\u00e4n 2 pient\u00e4 hylly\u00e4 voidaan yhdistell\u00e4 eri tavoin. Mihin haluat sijoittaa t\u00e4m\u00e4n p\u00f6yt\u00e4j\u00e4rjestelij\u00e4n? Olohuoneeseen, ty\u00f6huoneeseen tai toimistoon T\u00e4m\u00e4 joustava p\u00f6yt\u00e4hylly on t\u00e4ydellinen lis\u00e4 ty\u00f6p\u00f6yd\u00e4llesi, jotta voit s\u00e4ilytt\u00e4\u00e4 kirjoja, toimistotarvikkeita, pieni\u00e4 maljakoita kasveilla, valokuvakehyksi\u00e4 jne. siististi.Keitti\u00f6ss\u00e4 K\u00e4yt\u00e4 t\u00e4t\u00e4 hylly\u00e4 keitti\u00f6ss\u00e4si luodaksesi tilaa maustepurkeille, kahvikuppeille, astianpesuaineille, sienille tai kuivausliinoille. Nyt on sinun vuorosi: mit\u00e4 haluat tehd\u00e4 t\u00e4ll\u00e4 p\u00f6yt\u00e4hyllyll\u00e4? Tuotetiedot:- V\u00e4ri: vintage-ruskea &#8211; Materiaali: MDF (keskitihe\u00e4 kuitulevy) &#8211; Koko: 37,5 x 17,5 x 38,5 cm (P x L x K) &#8211; Paino: 3,5 kg Toimitus sis\u00e4lt\u00e4\u00e4: &#8211; 1 x p\u00f6yt\u00e4organisaattori &#8211; 1 x lis\u00e4varustepaketti &#8211; 1 x ohjeet (DE, EN, FR, ES, IT)<\/p>\n","protected":false},"excerpt":{"rendered":"<p>SONGMICS p\u00f6yt\u00e4organisaattori, ty\u00f6p\u00f6yt\u00e4organisaattori, hylly ty\u00f6p\u00f6yd\u00e4lle, tilaa s\u00e4\u00e4st\u00e4v\u00e4, s\u00e4\u00e4dett\u00e4v\u00e4, pieni kirjahylly, toimistoon, ty\u00f6huoneeseen, keitti\u00f6\u00f6n, vintage-ruskea OFS045B01<\/p>\n","protected":false},"featured_media":44675,"comment_status":"open","ping_status":"closed","template":"","meta":[],"product_brand":[],"product_cat":[32],"product_tag":[],"class_list":{"0":"post-36380","1":"product","2":"type-product","3":"status-publish","4":"has-post-thumbnail","6":"product_cat-uncategorized-fi","8":"first","9":"instock","10":"shipping-taxable","11":"purchasable","12":"product-type-simple"},"_links":{"self":[{"href":"https:\/\/nordicmart.andreevmaster.com\/fi\/wp-json\/wp\/v2\/product\/36380","targetHints":{"allow":["GET"]}}],"collection":[{"href":"https:\/\/nordicmart.andreevmaster.com\/fi\/wp-json\/wp\/v2\/product"}],"about":[{"href":"https:\/\/nordicmart.andreevmaster.com\/fi\/wp-json\/wp\/v2\/types\/product"}],"replies":[{"embeddable":true,"href":"https:\/\/nordicmart.andreevmaster.com\/fi\/wp-json\/wp\/v2\/comments?post=36380"}],"wp:featuredmedia":[{"embeddable":true,"href":"https:\/\/nordicmart.andreevmaster.com\/fi\/wp-json\/wp\/v2\/media\/44675"}],"wp:attachment":[{"href":"https:\/\/nordicmart.andreevmaster.com\/fi\/wp-json\/wp\/v2\/media?parent=36380"}],"wp:term":[{"taxonomy":"product_brand","embeddable":true,"href":"https:\/\/nordicmart.andreevmaster.com\/fi\/wp-json\/wp\/v2\/product_brand?post=36380"},{"taxonomy":"product_cat","embeddable":true,"href":"https:\/\/nordicmart.andreevmaster.com\/fi\/wp-json\/wp\/v2\/product_cat?post=36380"},{"taxonomy":"product_tag","embeddable":true,"href":"https:\/\/nordicmart.andreevmaster.com\/fi\/wp-json\/wp\/v2\/product_tag?post=36380"}],"curies":[{"name":"wp","href":"https:\/\/api.w.org\/{rel}","templated":true}]}}