{"id":36379,"date":"2026-02-27T00:34:11","date_gmt":"2026-02-27T00:34:11","guid":{"rendered":"https:\/\/nordicmart.andreevmaster.com\/product\/songmics-rullakontti-4-laatikolla-ja-pyorilla-musta\/"},"modified":"2026-02-27T09:51:58","modified_gmt":"2026-02-27T09:51:58","slug":"songmics-rullakontti-4-laatikolla-ja-pyorilla-musta","status":"publish","type":"product","link":"https:\/\/nordicmart.andreevmaster.com\/fi\/tuote\/songmics-rullakontti-4-laatikolla-ja-pyorilla-musta\/","title":{"rendered":"SONGMICS Rullakontti 4 laatikolla ja py\u00f6rill\u00e4 musta"},"content":{"rendered":"<p>SONGMICS Rullakontti, siirrett\u00e4v\u00e4 arkistokaappi, lukittava, 3 laatikolla, asiakirjojen ja toimistotarvikkeiden s\u00e4ilytys, esiasennettu, toimisto, kotitoimisto, 39 x 45 x 55 cm (P x L x K), mattamusta OFC63BK<br \/>\nV\u00e4ri: mattamusta<br \/>\nMateriaali: ter\u00e4s<br \/>\nKoko: 45 x 39 x 55 cm (S x L x K)<br \/>\nPaino: 15,8 kg<br \/>\nJokaisen laatikon enimm\u00e4iskuormitus: 15 kg<\/p>\n","protected":false},"excerpt":{"rendered":"<p>SONGMICS Rullakontti, siirrett\u00e4v\u00e4 arkistokaappi, lukittava, 3 laatikolla, asiakirjojen ja toimistotarvikkeiden s\u00e4ilytys, esiasennettu, toimisto, kotitoimisto, 39 x 45 x 55 cm (P x L x K), mattamusta OFC63BK<\/p>\n","protected":false},"featured_media":44674,"comment_status":"open","ping_status":"closed","template":"","meta":[],"product_brand":[],"product_cat":[32],"product_tag":[],"class_list":{"0":"post-36379","1":"product","2":"type-product","3":"status-publish","4":"has-post-thumbnail","6":"product_cat-uncategorized-fi","8":"first","9":"instock","10":"shipping-taxable","11":"purchasable","12":"product-type-simple"},"_links":{"self":[{"href":"https:\/\/nordicmart.andreevmaster.com\/fi\/wp-json\/wp\/v2\/product\/36379","targetHints":{"allow":["GET"]}}],"collection":[{"href":"https:\/\/nordicmart.andreevmaster.com\/fi\/wp-json\/wp\/v2\/product"}],"about":[{"href":"https:\/\/nordicmart.andreevmaster.com\/fi\/wp-json\/wp\/v2\/types\/product"}],"replies":[{"embeddable":true,"href":"https:\/\/nordicmart.andreevmaster.com\/fi\/wp-json\/wp\/v2\/comments?post=36379"}],"wp:featuredmedia":[{"embeddable":true,"href":"https:\/\/nordicmart.andreevmaster.com\/fi\/wp-json\/wp\/v2\/media\/44674"}],"wp:attachment":[{"href":"https:\/\/nordicmart.andreevmaster.com\/fi\/wp-json\/wp\/v2\/media?parent=36379"}],"wp:term":[{"taxonomy":"product_brand","embeddable":true,"href":"https:\/\/nordicmart.andreevmaster.com\/fi\/wp-json\/wp\/v2\/product_brand?post=36379"},{"taxonomy":"product_cat","embeddable":true,"href":"https:\/\/nordicmart.andreevmaster.com\/fi\/wp-json\/wp\/v2\/product_cat?post=36379"},{"taxonomy":"product_tag","embeddable":true,"href":"https:\/\/nordicmart.andreevmaster.com\/fi\/wp-json\/wp\/v2\/product_tag?post=36379"}],"curies":[{"name":"wp","href":"https:\/\/api.w.org\/{rel}","templated":true}]}}