{"id":36374,"date":"2026-02-27T00:34:10","date_gmt":"2026-02-27T00:34:10","guid":{"rendered":"https:\/\/nordicmart.andreevmaster.com\/product\/songmics-rullakontti-2-laatikkoa-valkoinen-sininen\/"},"modified":"2026-02-27T09:51:57","modified_gmt":"2026-02-27T09:51:57","slug":"songmics-rullakontti-2-laatikkoa-valkoinen-sininen","status":"publish","type":"product","link":"https:\/\/nordicmart.andreevmaster.com\/fi\/tuote\/songmics-rullakontti-2-laatikkoa-valkoinen-sininen\/","title":{"rendered":"SONGMICS rullakontti 2 laatikkoa valkoinen-sininen"},"content":{"rendered":"<p>Sopii erilaisille riippukansioille: Toisin kuin perinteisiss\u00e4 rullakontteissa, jokaisessa arkistokaapin laatikossa on 2 s\u00e4\u00e4dett\u00e4v\u00e4\u00e4 tankoa. N\u00e4in voit lajitella ja arkistoida riippukansiot eri muodoissa (A4-, Letter-, Legal- tai F4-muoto) tarpeen mukaan.Kest\u00e4v\u00e4 ja k\u00e4yt\u00e4nn\u00f6llinen: asiakirjat, kirjoitusv\u00e4lineet, henkil\u00f6kohtaiset tavarat, kaikki mit\u00e4 tarvitset ty\u00f6ss\u00e4si, l\u00f6yt\u00e4\u00e4 oman paikkansa t\u00e4ss\u00e4 rullalaatikossa. Kumpikin 2 suuresta laatikosta kest\u00e4\u00e4 jopa 23 kg:n painon, ja t\u00e4ysvetoiset vetolaatikot helpottavat niiden avaamista ja sulkemista. Ter\u00e4srakenne on lis\u00e4ksi niin vakaa, ett\u00e4 voit k\u00e4ytt\u00e4\u00e4 t\u00e4t\u00e4 arkistokaappia monien vuosien ajan. Etsitk\u00f6 k\u00e4yt\u00e4nn\u00f6llist\u00e4, tilavaa lipastoa helpottamaan ty\u00f6el\u00e4m\u00e4\u00e4si? Etsint\u00e4si on p\u00e4\u00e4ttynyt, sill\u00e4 olet jo l\u00f6yt\u00e4nyt sen! Tuotetiedot: V\u00e4ri: Valkoinen-sininen Materiaali: Ter\u00e4s Koko: 39 x 50,7 x 68,5 cm (P x L x K) Paino: 20,2 kg Maks. kantavuus per laatikko: 23 kg Toimitus sis\u00e4lt\u00e4\u00e4: 1 x rullakaappi 2 laatikolla 1 x lis\u00e4varustepussi 1 x ohjeet (DE, EN, IT, FR, ES) SONGMICS Huomautukset:\u00c4l\u00e4 ved\u00e4 t\u00e4m\u00e4n tuotteen laatikoita ulos samanaikaisesti, jos niiss\u00e4 on esineit\u00e4. Kaatumisvaara!<\/p>\n","protected":false},"excerpt":{"rendered":"<p>SONGMICS rullavaunu, siirrett\u00e4v\u00e4 arkistokaappi, 2 laatikkoa, lukittava, toimistodokumenteille, esiasennettu, 39 x 50,7 x 68,5 cm (P x L x K), valkoinen-sininen OFC72WB<\/p>\n","protected":false},"featured_media":44669,"comment_status":"open","ping_status":"closed","template":"","meta":[],"product_brand":[],"product_cat":[32],"product_tag":[],"class_list":{"0":"post-36374","1":"product","2":"type-product","3":"status-publish","4":"has-post-thumbnail","6":"product_cat-uncategorized-fi","8":"first","9":"instock","10":"shipping-taxable","11":"purchasable","12":"product-type-simple"},"_links":{"self":[{"href":"https:\/\/nordicmart.andreevmaster.com\/fi\/wp-json\/wp\/v2\/product\/36374","targetHints":{"allow":["GET"]}}],"collection":[{"href":"https:\/\/nordicmart.andreevmaster.com\/fi\/wp-json\/wp\/v2\/product"}],"about":[{"href":"https:\/\/nordicmart.andreevmaster.com\/fi\/wp-json\/wp\/v2\/types\/product"}],"replies":[{"embeddable":true,"href":"https:\/\/nordicmart.andreevmaster.com\/fi\/wp-json\/wp\/v2\/comments?post=36374"}],"wp:featuredmedia":[{"embeddable":true,"href":"https:\/\/nordicmart.andreevmaster.com\/fi\/wp-json\/wp\/v2\/media\/44669"}],"wp:attachment":[{"href":"https:\/\/nordicmart.andreevmaster.com\/fi\/wp-json\/wp\/v2\/media?parent=36374"}],"wp:term":[{"taxonomy":"product_brand","embeddable":true,"href":"https:\/\/nordicmart.andreevmaster.com\/fi\/wp-json\/wp\/v2\/product_brand?post=36374"},{"taxonomy":"product_cat","embeddable":true,"href":"https:\/\/nordicmart.andreevmaster.com\/fi\/wp-json\/wp\/v2\/product_cat?post=36374"},{"taxonomy":"product_tag","embeddable":true,"href":"https:\/\/nordicmart.andreevmaster.com\/fi\/wp-json\/wp\/v2\/product_tag?post=36374"}],"curies":[{"name":"wp","href":"https:\/\/api.w.org\/{rel}","templated":true}]}}