{"id":36373,"date":"2026-02-27T00:34:10","date_gmt":"2026-02-27T00:34:10","guid":{"rendered":"https:\/\/nordicmart.andreevmaster.com\/product\/vasagle-2-laatikkoinen-arkistokaappi\/"},"modified":"2026-02-27T09:51:57","modified_gmt":"2026-02-27T09:51:57","slug":"vasagle-2-laatikkoinen-arkistokaappi","status":"publish","type":"product","link":"https:\/\/nordicmart.andreevmaster.com\/fi\/tuote\/vasagle-2-laatikkoinen-arkistokaappi\/","title":{"rendered":"VASAGLE 2-laatikkoinen arkistokaappi"},"content":{"rendered":"<p>No niin! 4 py\u00f6r\u00e4n ansiosta, joista 2 on lukittavissa, huonekalun siirt\u00e4minen ei ole koskaan ollut n\u00e4in helppoa. Hienoa! Tilavat laatikot tarjoavat tilaa A4-kokoisille asiakirjoille. Alempi laatikko on varustettu jopa riippukansioj\u00e4rjestelm\u00e4ll\u00e4. Aina vakaa T\u00e4m\u00e4 arkistokaappi ei heilua edes t\u00e4yteen ladattuina laatikoina. Se on luotettava kumppani ty\u00f6ss\u00e4. Tuotetiedot:V\u00e4ri: vintage-ruskea-musta Materiaali: lastulevy, ter\u00e4s Koko: 41 x 45 x 66 cm (P x L x K) Paino: 21 kg Maks. staattinen kantavuus: 50 kg Toimitus sis\u00e4lt\u00e4\u00e4: 1 x rullattava arkistokaappi 1 x lis\u00e4varustepaketti 1 x ohjeet (DE, EN, ES, FR, IT) VASAGLE Huomautukset:Turvallisuussyist\u00e4 lapset eiv\u00e4t saa kiivet\u00e4 tuotteen p\u00e4\u00e4lle tai leikki\u00e4 sill\u00e4.<\/p>\n","protected":false},"excerpt":{"rendered":"<p>VASAGLE 2-laatikkoinen arkistokaappi, siirrett\u00e4v\u00e4 toimistokaappi py\u00f6rill\u00e4, rullavaunu, avoin lokero, riippukaappi, tukeva ter\u00e4srunko, teollinen muotoilu, vintage-ruskea-musta OFC71X<\/p>\n","protected":false},"featured_media":44668,"comment_status":"open","ping_status":"closed","template":"","meta":[],"product_brand":[],"product_cat":[32],"product_tag":[],"class_list":{"0":"post-36373","1":"product","2":"type-product","3":"status-publish","4":"has-post-thumbnail","6":"product_cat-uncategorized-fi","8":"first","9":"instock","10":"shipping-taxable","11":"purchasable","12":"product-type-simple"},"_links":{"self":[{"href":"https:\/\/nordicmart.andreevmaster.com\/fi\/wp-json\/wp\/v2\/product\/36373","targetHints":{"allow":["GET"]}}],"collection":[{"href":"https:\/\/nordicmart.andreevmaster.com\/fi\/wp-json\/wp\/v2\/product"}],"about":[{"href":"https:\/\/nordicmart.andreevmaster.com\/fi\/wp-json\/wp\/v2\/types\/product"}],"replies":[{"embeddable":true,"href":"https:\/\/nordicmart.andreevmaster.com\/fi\/wp-json\/wp\/v2\/comments?post=36373"}],"wp:featuredmedia":[{"embeddable":true,"href":"https:\/\/nordicmart.andreevmaster.com\/fi\/wp-json\/wp\/v2\/media\/44668"}],"wp:attachment":[{"href":"https:\/\/nordicmart.andreevmaster.com\/fi\/wp-json\/wp\/v2\/media?parent=36373"}],"wp:term":[{"taxonomy":"product_brand","embeddable":true,"href":"https:\/\/nordicmart.andreevmaster.com\/fi\/wp-json\/wp\/v2\/product_brand?post=36373"},{"taxonomy":"product_cat","embeddable":true,"href":"https:\/\/nordicmart.andreevmaster.com\/fi\/wp-json\/wp\/v2\/product_cat?post=36373"},{"taxonomy":"product_tag","embeddable":true,"href":"https:\/\/nordicmart.andreevmaster.com\/fi\/wp-json\/wp\/v2\/product_tag?post=36373"}],"curies":[{"name":"wp","href":"https:\/\/api.w.org\/{rel}","templated":true}]}}