{"id":36372,"date":"2026-02-27T00:34:09","date_gmt":"2026-02-27T00:34:09","guid":{"rendered":"https:\/\/nordicmart.andreevmaster.com\/product\/songmics-lukittava-rullavaunu-valkoinen-sininen-harmaa\/"},"modified":"2026-02-27T09:51:57","modified_gmt":"2026-02-27T09:51:57","slug":"songmics-lukittava-rullavaunu-valkoinen-sininen-harmaa","status":"publish","type":"product","link":"https:\/\/nordicmart.andreevmaster.com\/fi\/tuote\/songmics-lukittava-rullavaunu-valkoinen-sininen-harmaa\/","title":{"rendered":"SONGMICS Lukittava rullavaunu, valkoinen-sininen-harmaa"},"content":{"rendered":"<p>Optimoi toimistoty\u00f6skentelysi: peitt\u00e4v\u00e4tk\u00f6 paperipinot ty\u00f6p\u00f6yt\u00e4si? S\u00e4ilyt\u00e4 ne siististi t\u00e4ss\u00e4 SONGMICS-rullakontissa! 3 laatikkoa, riippukansiota ja irrotettava lokero toimistotarvikkeille varmistavat, ett\u00e4 kaikki toimistotarvikkeet voidaan s\u00e4ilytt\u00e4\u00e4 selke\u00e4sti ja nopeasti l\u00f6ydett\u00e4viss\u00e4.Vakaa, k\u00e4yt\u00e4nn\u00f6llinen ja joustava: \u00e4l\u00e4 huoli t\u00e4m\u00e4n arkistokaapin vakaudesta! Jokainen metallinen laatikko kest\u00e4\u00e4 jopa 15 kg:n painon ja on varustettu korkealaatuisilla t\u00e4ysvetoisilla kiskoilla, jotka mahdollistavat sujuvan ulosvet\u00e4misen ja sis\u00e4\u00e4n ty\u00f6nt\u00e4misen. Haluatko siirt\u00e4\u00e4 kaapin toiseen huoneeseen? Kaapin 5 py\u00f6r\u00e4\u00e4, joista 2 on lukittavissa, tekev\u00e4t siit\u00e4 helppoa. Ty\u00f6skenteletp\u00e4 sitten toimistossa tai kotona, t\u00e4m\u00e4n arkistokaapin avulla voit sanoa hyv\u00e4stit ty\u00f6p\u00f6yd\u00e4n kaaokselle ja lis\u00e4t\u00e4 tuottavuuttasi. Tuotetiedot:V\u00e4ri: valkoinen-sininenharmaa Materiaali: ter\u00e4s Koko: 39,3 x 51 x 59,5 cm (P x L x K) Paino: 19 kg Maks. staattinen kantavuus per laatikko: 15 kg Toimitus sis\u00e4lt\u00e4\u00e4: 1 x rullakaappi 1 x lis\u00e4varustepussi 1 x ohjeet (DE, EN, ES, FR, IT) SONGMICS-huomautukset:Jokaisen laatikon enimm\u00e4iskuormituskyky on 15 kg. \u00c4l\u00e4 t\u00e4yt\u00e4 laatikoita raskaammilla esineill\u00e4. Lapset eiv\u00e4t saa kiivet\u00e4 tuotteen p\u00e4\u00e4lle tai leikki\u00e4 sill\u00e4, jotta v\u00e4ltyt\u00e4\u00e4n kaatumisen aiheuttamilta vammoilta.<\/p>\n","protected":false},"excerpt":{"rendered":"<p>SONGMICS rullakontti, siirrett\u00e4v\u00e4 arkistokaappi, ter\u00e4ksinen toimistokaappi, 3 laatikkoa, asiakirjoille ja papereille, riippukaapilla, lukittava, toimistoon, ty\u00f6huoneeseen, valkoinen-sininen-harmaa OFC70WB<\/p>\n","protected":false},"featured_media":0,"comment_status":"open","ping_status":"closed","template":"","meta":[],"product_brand":[],"product_cat":[32],"product_tag":[],"class_list":{"0":"post-36372","1":"product","2":"type-product","3":"status-publish","5":"product_cat-uncategorized-fi","7":"first","8":"instock","9":"shipping-taxable","10":"purchasable","11":"product-type-simple"},"_links":{"self":[{"href":"https:\/\/nordicmart.andreevmaster.com\/fi\/wp-json\/wp\/v2\/product\/36372","targetHints":{"allow":["GET"]}}],"collection":[{"href":"https:\/\/nordicmart.andreevmaster.com\/fi\/wp-json\/wp\/v2\/product"}],"about":[{"href":"https:\/\/nordicmart.andreevmaster.com\/fi\/wp-json\/wp\/v2\/types\/product"}],"replies":[{"embeddable":true,"href":"https:\/\/nordicmart.andreevmaster.com\/fi\/wp-json\/wp\/v2\/comments?post=36372"}],"wp:attachment":[{"href":"https:\/\/nordicmart.andreevmaster.com\/fi\/wp-json\/wp\/v2\/media?parent=36372"}],"wp:term":[{"taxonomy":"product_brand","embeddable":true,"href":"https:\/\/nordicmart.andreevmaster.com\/fi\/wp-json\/wp\/v2\/product_brand?post=36372"},{"taxonomy":"product_cat","embeddable":true,"href":"https:\/\/nordicmart.andreevmaster.com\/fi\/wp-json\/wp\/v2\/product_cat?post=36372"},{"taxonomy":"product_tag","embeddable":true,"href":"https:\/\/nordicmart.andreevmaster.com\/fi\/wp-json\/wp\/v2\/product_tag?post=36372"}],"curies":[{"name":"wp","href":"https:\/\/api.w.org\/{rel}","templated":true}]}}