{"id":36371,"date":"2026-02-27T00:34:09","date_gmt":"2026-02-27T00:34:09","guid":{"rendered":"https:\/\/nordicmart.andreevmaster.com\/product\/songmics-3-laatikkoinen-arkistokaappi\/"},"modified":"2026-02-27T09:51:56","modified_gmt":"2026-02-27T09:51:56","slug":"songmics-3-laatikkoinen-arkistokaappi","status":"publish","type":"product","link":"https:\/\/nordicmart.andreevmaster.com\/fi\/tuote\/songmics-3-laatikkoinen-arkistokaappi\/","title":{"rendered":"SONGMICS 3-laatikkoinen arkistokaappi"},"content":{"rendered":"<p>Ty\u00f6skenteletp\u00e4 sitten kotona tai toimistossa, siisti ty\u00f6piste vaikuttaa suuresti keskittymiskykyysi ja tuottavuuteesi. SONGMICS:n 3-laatikkoisella arkistokaapilla saat ty\u00f6pisteesi j\u00e4rjestykseen ja optimoit samalla ty\u00f6aikasi. Kest\u00e4v\u00e4 ja k\u00e4yt\u00e4nn\u00f6llinen: asiakirjat, kirjoitusv\u00e4lineet, henkil\u00f6kohtaiset tavarat \u2013 kaikki, mit\u00e4 tarvitset ty\u00f6ss\u00e4si, mahtuu t\u00e4h\u00e4n rullakaappiin. Jokainen kolmesta suuresta laatikosta kest\u00e4\u00e4 jopa 15 kg:n painon, ja t\u00e4ysvetoiset laatikot helpottavat laatikoiden avaamista ja sulkemista. Ter\u00e4srakenne on lis\u00e4ksi niin tukeva, ett\u00e4 voit k\u00e4ytt\u00e4\u00e4 t\u00e4t\u00e4 arkistokaappia monien vuosien ajan. T\u00e4rkeit\u00e4 yksityiskohtia: \u00c4l\u00e4 huoli, jos j\u00e4t\u00e4t t\u00e4m\u00e4n kaapin vartioimatta! Laadukas lukko suojaa asiakirjasi uteliailta katseilta ja lasten k\u00e4silt\u00e4. Voit my\u00f6s siirt\u00e4\u00e4 t\u00e4m\u00e4n rullakaapin helposti haluamaasi paikkaan, jos esimerkiksi haluat ty\u00f6skennell\u00e4 olohuoneessa. Uskollinen kumppani, joka on aina k\u00e4ytett\u00e4viss\u00e4si! Etsitk\u00f6 k\u00e4yt\u00e4nn\u00f6llist\u00e4, tilavaa lipastoa helpottamaan ty\u00f6el\u00e4m\u00e4\u00e4si? Etsint\u00e4si on p\u00e4\u00e4ttynyt, koska olet jo l\u00f6yt\u00e4nyt sen! Tuotetiedot:V\u00e4ri: valkoinen Materiaali: ter\u00e4s Koko: 39 x 45 x 55 cm (P x L x K) Paino: 16 kg Jokaisen laatikon enimm\u00e4iskuormitus: 15 kg Toimitus sis\u00e4lt\u00e4\u00e4: 1 x rullakaappi 3 laatikolla 1 x lis\u00e4varustepussi 1 x ohjeet (DE, EN, IT, FR, ES) SONGMICS-ohjeet:\u00c4l\u00e4 ved\u00e4 t\u00e4m\u00e4n tuotteen laatikoita ulos samanaikaisesti, jos niiss\u00e4 on esineit\u00e4. Kaatumisvaara!<\/p>\n","protected":false},"excerpt":{"rendered":"<p>SONGMICS rullakontti, siirrett\u00e4v\u00e4 arkistokaappi, lukittava, 3 laatikolla, asiakirjojen ja toimistotarvikkeiden s\u00e4ilytys, esiasennettu, toimisto, kotitoimisto, 39 x 45 x 55 cm (P x L x K), mattamusta OFC63BK<\/p>\n","protected":false},"featured_media":44667,"comment_status":"open","ping_status":"closed","template":"","meta":[],"product_brand":[],"product_cat":[32],"product_tag":[],"class_list":{"0":"post-36371","1":"product","2":"type-product","3":"status-publish","4":"has-post-thumbnail","6":"product_cat-uncategorized-fi","8":"first","9":"instock","10":"shipping-taxable","11":"purchasable","12":"product-type-simple"},"_links":{"self":[{"href":"https:\/\/nordicmart.andreevmaster.com\/fi\/wp-json\/wp\/v2\/product\/36371","targetHints":{"allow":["GET"]}}],"collection":[{"href":"https:\/\/nordicmart.andreevmaster.com\/fi\/wp-json\/wp\/v2\/product"}],"about":[{"href":"https:\/\/nordicmart.andreevmaster.com\/fi\/wp-json\/wp\/v2\/types\/product"}],"replies":[{"embeddable":true,"href":"https:\/\/nordicmart.andreevmaster.com\/fi\/wp-json\/wp\/v2\/comments?post=36371"}],"wp:featuredmedia":[{"embeddable":true,"href":"https:\/\/nordicmart.andreevmaster.com\/fi\/wp-json\/wp\/v2\/media\/44667"}],"wp:attachment":[{"href":"https:\/\/nordicmart.andreevmaster.com\/fi\/wp-json\/wp\/v2\/media?parent=36371"}],"wp:term":[{"taxonomy":"product_brand","embeddable":true,"href":"https:\/\/nordicmart.andreevmaster.com\/fi\/wp-json\/wp\/v2\/product_brand?post=36371"},{"taxonomy":"product_cat","embeddable":true,"href":"https:\/\/nordicmart.andreevmaster.com\/fi\/wp-json\/wp\/v2\/product_cat?post=36371"},{"taxonomy":"product_tag","embeddable":true,"href":"https:\/\/nordicmart.andreevmaster.com\/fi\/wp-json\/wp\/v2\/product_tag?post=36371"}],"curies":[{"name":"wp","href":"https:\/\/api.w.org\/{rel}","templated":true}]}}