{"id":36368,"date":"2026-02-27T00:34:08","date_gmt":"2026-02-27T00:34:08","guid":{"rendered":"https:\/\/nordicmart.andreevmaster.com\/product\/songmics-rullakontti-3-laatikkoa-valkoinen\/"},"modified":"2026-02-27T09:51:56","modified_gmt":"2026-02-27T09:51:56","slug":"songmics-rullakontti-3-laatikkoa-valkoinen","status":"publish","type":"product","link":"https:\/\/nordicmart.andreevmaster.com\/fi\/tuote\/songmics-rullakontti-3-laatikkoa-valkoinen\/","title":{"rendered":"SONGMICS rullakontti 3 laatikkoa, valkoinen"},"content":{"rendered":"<p>Kaikki t\u00e4rke\u00e4t asiakirjat turvallisesti yhdess\u00e4 paikassa Rullakontti tarjoaa tilaa erilaisille asiakirjoille ja toimistotarvikkeille. Ylimm\u00e4ss\u00e4 laatikossa on ylim\u00e4\u00e4r\u00e4inen lokero, jota voidaan k\u00e4ytt\u00e4\u00e4 kynille ja toimistotarvikkeille. N\u00e4in kaikki on yhdess\u00e4 paikassa. Nelj\u00e4st\u00e4 360 astetta k\u00e4\u00e4ntyv\u00e4st\u00e4 rullasta kaksi voidaan lukita, jotta kontti pysyy tukevasti ja turvallisesti paikallaan.  S\u00e4\u00e4dett\u00e4v\u00e4 riippukansio-laatikko Alinta laatikkoa voidaan k\u00e4ytt\u00e4\u00e4 DIN A4 -kokoisten riippukansioiden s\u00e4ilytyspaikkana. Jos sinulla on suurempia tai pienempi\u00e4 asiakirjoja, kuten Legal Size-, F4- tai Letter Size -kokoisia, riippukansiot voidaan mukauttaa laatikon jakajien avulla. Alimpaan laatikkoon on kiinnitetty rulla, joka helpottaa riippukaappien ulosvet\u00e4mist\u00e4 ja est\u00e4\u00e4 niiden taipumisen, jos laatikko j\u00e4\u00e4 pidemm\u00e4ksi aikaa auki. Turvallisesti lukittu ja sopii t\u00e4ydellisesti ty\u00f6p\u00f6yd\u00e4n alle Kahdella avaimella varustettu lukko lukitsee kaikki 3 laatikkoa samanaikaisesti, joten kaikki asiakirjat ovat turvallisesti s\u00e4ilytettyin\u00e4 kaappikontissa. 60 cm:n korkeudellaan rullakontti mahtuu my\u00f6s tavallisten ty\u00f6p\u00f6ytien alle ja s\u00e4\u00e4st\u00e4\u00e4 viel\u00e4 enemm\u00e4n tilaa.  SONGMICS Huomautus: &#8211; Ole varovainen rullien asennuksessa. Tuotetiedot: V\u00e4ri: Valkoinen Materiaali: Ter\u00e4s Koko: 52 x 39 x 60 cm (S x L x K) Paino: 18,7 kg Ylimm\u00e4n 2 laatikon maks. staattinen kantavuus: 15 kg kumpikinAlemman laatikon maks. staattinen kantavuus: 20 kg Toimitussis\u00e4lt\u00f6: &#8211; 1 x rullakontti &#8211; 1 x lis\u00e4varustepussi &#8211; 1 x ohjeet (DE, EN, FR, IT, ES)<\/p>\n","protected":false},"excerpt":{"rendered":"<p>SONGMICS ter\u00e4srullakaappi, 3 laatikkoa ja riippukaappi, lukittava toimistokaappi, kaapin runko esiasennettu, 39 x 60 x 52 cm, valkoinen OFC60WT<\/p>\n","protected":false},"featured_media":44664,"comment_status":"open","ping_status":"closed","template":"","meta":[],"product_brand":[],"product_cat":[32],"product_tag":[],"class_list":{"0":"post-36368","1":"product","2":"type-product","3":"status-publish","4":"has-post-thumbnail","6":"product_cat-uncategorized-fi","8":"first","9":"instock","10":"shipping-taxable","11":"purchasable","12":"product-type-simple"},"_links":{"self":[{"href":"https:\/\/nordicmart.andreevmaster.com\/fi\/wp-json\/wp\/v2\/product\/36368","targetHints":{"allow":["GET"]}}],"collection":[{"href":"https:\/\/nordicmart.andreevmaster.com\/fi\/wp-json\/wp\/v2\/product"}],"about":[{"href":"https:\/\/nordicmart.andreevmaster.com\/fi\/wp-json\/wp\/v2\/types\/product"}],"replies":[{"embeddable":true,"href":"https:\/\/nordicmart.andreevmaster.com\/fi\/wp-json\/wp\/v2\/comments?post=36368"}],"wp:featuredmedia":[{"embeddable":true,"href":"https:\/\/nordicmart.andreevmaster.com\/fi\/wp-json\/wp\/v2\/media\/44664"}],"wp:attachment":[{"href":"https:\/\/nordicmart.andreevmaster.com\/fi\/wp-json\/wp\/v2\/media?parent=36368"}],"wp:term":[{"taxonomy":"product_brand","embeddable":true,"href":"https:\/\/nordicmart.andreevmaster.com\/fi\/wp-json\/wp\/v2\/product_brand?post=36368"},{"taxonomy":"product_cat","embeddable":true,"href":"https:\/\/nordicmart.andreevmaster.com\/fi\/wp-json\/wp\/v2\/product_cat?post=36368"},{"taxonomy":"product_tag","embeddable":true,"href":"https:\/\/nordicmart.andreevmaster.com\/fi\/wp-json\/wp\/v2\/product_tag?post=36368"}],"curies":[{"name":"wp","href":"https:\/\/api.w.org\/{rel}","templated":true}]}}