{"id":36367,"date":"2026-02-27T00:34:08","date_gmt":"2026-02-27T00:34:08","guid":{"rendered":"https:\/\/nordicmart.andreevmaster.com\/product\/songmics-lukittava-rullakaappi-valkoinen-sininen\/"},"modified":"2026-02-27T09:51:56","modified_gmt":"2026-02-27T09:51:56","slug":"songmics-lukittava-rullakaappi-valkoinen-sininen","status":"publish","type":"product","link":"https:\/\/nordicmart.andreevmaster.com\/fi\/tuote\/songmics-lukittava-rullakaappi-valkoinen-sininen\/","title":{"rendered":"SONGMICS Lukittava rullakaappi, valkoinen-sininen"},"content":{"rendered":"<p>Lukittava, joten voit s\u00e4ilytt\u00e4\u00e4 t\u00e4rkeit\u00e4 asiakirjoja turvallisesti my\u00f6s kaikille avoimissa toimistoissa. Jos ty\u00f6skentelet kotona, lukko suojaa asiakirjojasi lasten k\u00e4silt\u00e4. Irrotettava j\u00e4rjestelij\u00e4 J\u00e4rjestelij\u00e4ss\u00e4 on useita lokeroita, jotka mahdollistavat toimistotarvikkeiden j\u00e4rjestyksellisen s\u00e4ilytyksen. K\u00e4yt\u00e4tk\u00f6 j\u00e4rjestelij\u00e4\u00e4 ja kaappia yhdess\u00e4 vai erikseen? P\u00e4\u00e4t\u00f6s on sinun! 3 tilavaa laatikkoa N\u00e4ihin 3 laatikkoon mahtuu suuri m\u00e4\u00e4r\u00e4 asiakirjoja. N\u00e4in kaikki asiakirjojen s\u00e4ilytyst\u00e4 koskevat vaatimuksesi t\u00e4yttyv\u00e4t.Tuotetiedot: V\u00e4ri: valkoinen-sininen Materiaali: ter\u00e4s Koko: 52 x 39 x 60 cm (P x L x K) Paino: 18,7 kg Maks. staattinen kantavuus per laatikko: 15 kg Toimitus sis\u00e4lt\u00e4\u00e4: 1 x rullakaappi 1 x s\u00e4ilytyslaatikko tarvikkeilla 1 x ohjeet (DE, EN, FR, IT, ES)<\/p>\n","protected":false},"excerpt":{"rendered":"<p>SONGMICS ter\u00e4srullakaappi, 3 laatikkoa ja riippukaappi, lukittava toimistokaappi, kaapin runko esiasennettu, 39 x 60 x 52 cm, valkoinen OFC60WT<\/p>\n","protected":false},"featured_media":44663,"comment_status":"open","ping_status":"closed","template":"","meta":[],"product_brand":[],"product_cat":[32],"product_tag":[],"class_list":{"0":"post-36367","1":"product","2":"type-product","3":"status-publish","4":"has-post-thumbnail","6":"product_cat-uncategorized-fi","8":"first","9":"instock","10":"shipping-taxable","11":"purchasable","12":"product-type-simple"},"_links":{"self":[{"href":"https:\/\/nordicmart.andreevmaster.com\/fi\/wp-json\/wp\/v2\/product\/36367","targetHints":{"allow":["GET"]}}],"collection":[{"href":"https:\/\/nordicmart.andreevmaster.com\/fi\/wp-json\/wp\/v2\/product"}],"about":[{"href":"https:\/\/nordicmart.andreevmaster.com\/fi\/wp-json\/wp\/v2\/types\/product"}],"replies":[{"embeddable":true,"href":"https:\/\/nordicmart.andreevmaster.com\/fi\/wp-json\/wp\/v2\/comments?post=36367"}],"wp:featuredmedia":[{"embeddable":true,"href":"https:\/\/nordicmart.andreevmaster.com\/fi\/wp-json\/wp\/v2\/media\/44663"}],"wp:attachment":[{"href":"https:\/\/nordicmart.andreevmaster.com\/fi\/wp-json\/wp\/v2\/media?parent=36367"}],"wp:term":[{"taxonomy":"product_brand","embeddable":true,"href":"https:\/\/nordicmart.andreevmaster.com\/fi\/wp-json\/wp\/v2\/product_brand?post=36367"},{"taxonomy":"product_cat","embeddable":true,"href":"https:\/\/nordicmart.andreevmaster.com\/fi\/wp-json\/wp\/v2\/product_cat?post=36367"},{"taxonomy":"product_tag","embeddable":true,"href":"https:\/\/nordicmart.andreevmaster.com\/fi\/wp-json\/wp\/v2\/product_tag?post=36367"}],"curies":[{"name":"wp","href":"https:\/\/api.w.org\/{rel}","templated":true}]}}