{"id":36363,"date":"2026-02-27T00:34:07","date_gmt":"2026-02-27T00:34:07","guid":{"rendered":"https:\/\/nordicmart.andreevmaster.com\/product\/songmics-lukittava-rullakontti-musta\/"},"modified":"2026-02-27T09:51:55","modified_gmt":"2026-02-27T09:51:55","slug":"songmics-lukittava-rullakontti-musta","status":"publish","type":"product","link":"https:\/\/nordicmart.andreevmaster.com\/fi\/tuote\/songmics-lukittava-rullakontti-musta\/","title":{"rendered":"SONGMICS Lukittava rullakontti Musta"},"content":{"rendered":"<p>Kaikki t\u00e4rke\u00e4t asiakirjat turvallisesti yhdess\u00e4 paikassa Rullakontti tarjoaa tilaa erilaisille asiakirjoille ja toimistotarvikkeille. Yl\u00e4laatikossa on ylim\u00e4\u00e4r\u00e4inen lokero, jota voidaan k\u00e4ytt\u00e4\u00e4 kynille ja toimistotarvikkeille. N\u00e4in kaikki on yhdess\u00e4 paikassa. Nelj\u00e4st\u00e4 360 astetta k\u00e4\u00e4ntyv\u00e4st\u00e4 rullasta kaksi voidaan lukita, jotta kontti pysyy tukevasti ja turvallisesti paikallaan. S\u00e4\u00e4dett\u00e4v\u00e4 riippukaappilaatikkoAlempi laatikko voidaan k\u00e4ytt\u00e4\u00e4 DIN A4 -kokoisen riippukaapin laatikkona. Jos sinulla on suurempia tai pienempi\u00e4 asiakirjoja, kuten Legal Size-, F4- tai Letter Size -kokoa, riippukaappia voidaan s\u00e4\u00e4t\u00e4\u00e4 laatikon jakajien avulla. Alempi laatikko on varustettu rullalla, joka helpottaa riippukaappien ulosvet\u00e4mist\u00e4 ja est\u00e4\u00e4 niiden taipumisen, jos laatikko j\u00e4\u00e4 auki pidemm\u00e4ksi aikaa. Turvallisesti lukittuva ja sopii t\u00e4ydellisesti ty\u00f6p\u00f6yd\u00e4n alle Kahdella avaimella varustettu lukko lukitsee 2 laatikkoa samanaikaisesti, joten kaikki asiakirjat ovat turvallisesti s\u00e4ilytettyin\u00e4 kaappikontissa. 54 cm:n korkeudellaan rullakaappi mahtuu my\u00f6s tavallisten ty\u00f6p\u00f6ytien alle ja s\u00e4\u00e4st\u00e4\u00e4 viel\u00e4 enemm\u00e4n tilaa. SONGMICS-huomautus: &#8211; Ole varovainen rullien asennuksessa. Tuotetiedot:- V\u00e4ri: musta (OFC50BK), valkoinen (OFC50WT) &#8211; Materiaali: ter\u00e4s &#8211; Mitat: 39 x 54 x 52 cm (L x K x S) &#8211; Paino: 15,22 kg Toimitus sis\u00e4lt\u00e4\u00e4: &#8211; 1 x rullakaappi &#8211; 1 x lis\u00e4varustepussi &#8211; 1 x ohjeet (DE, EN, FR, IT, ES)<\/p>\n","protected":false},"excerpt":{"rendered":"<p>SONGMICS Ter\u00e4srullakaappi, 2 laatikkoa ja riippukaappi, lukittava toimistokaappi, kaapin runko esiasennettu, 39 x 54 x 52 cm, valkoinen OFC50WT<\/p>\n","protected":false},"featured_media":44659,"comment_status":"open","ping_status":"closed","template":"","meta":[],"product_brand":[],"product_cat":[32],"product_tag":[],"class_list":{"0":"post-36363","1":"product","2":"type-product","3":"status-publish","4":"has-post-thumbnail","6":"product_cat-uncategorized-fi","8":"first","9":"instock","10":"shipping-taxable","11":"purchasable","12":"product-type-simple"},"_links":{"self":[{"href":"https:\/\/nordicmart.andreevmaster.com\/fi\/wp-json\/wp\/v2\/product\/36363","targetHints":{"allow":["GET"]}}],"collection":[{"href":"https:\/\/nordicmart.andreevmaster.com\/fi\/wp-json\/wp\/v2\/product"}],"about":[{"href":"https:\/\/nordicmart.andreevmaster.com\/fi\/wp-json\/wp\/v2\/types\/product"}],"replies":[{"embeddable":true,"href":"https:\/\/nordicmart.andreevmaster.com\/fi\/wp-json\/wp\/v2\/comments?post=36363"}],"wp:featuredmedia":[{"embeddable":true,"href":"https:\/\/nordicmart.andreevmaster.com\/fi\/wp-json\/wp\/v2\/media\/44659"}],"wp:attachment":[{"href":"https:\/\/nordicmart.andreevmaster.com\/fi\/wp-json\/wp\/v2\/media?parent=36363"}],"wp:term":[{"taxonomy":"product_brand","embeddable":true,"href":"https:\/\/nordicmart.andreevmaster.com\/fi\/wp-json\/wp\/v2\/product_brand?post=36363"},{"taxonomy":"product_cat","embeddable":true,"href":"https:\/\/nordicmart.andreevmaster.com\/fi\/wp-json\/wp\/v2\/product_cat?post=36363"},{"taxonomy":"product_tag","embeddable":true,"href":"https:\/\/nordicmart.andreevmaster.com\/fi\/wp-json\/wp\/v2\/product_tag?post=36363"}],"curies":[{"name":"wp","href":"https:\/\/api.w.org\/{rel}","templated":true}]}}