{"id":36361,"date":"2026-02-27T00:34:06","date_gmt":"2026-02-27T00:34:06","guid":{"rendered":"https:\/\/nordicmart.andreevmaster.com\/product\/songmics-arkistokaappi-2-laatikkoa-pyorilla\/"},"modified":"2026-02-27T09:51:54","modified_gmt":"2026-02-27T09:51:54","slug":"songmics-arkistokaappi-2-laatikkoa-pyorilla","status":"publish","type":"product","link":"https:\/\/nordicmart.andreevmaster.com\/fi\/tuote\/songmics-arkistokaappi-2-laatikkoa-pyorilla\/","title":{"rendered":"SONGMICS arkistokaappi, 2 laatikkoa, py\u00f6rill\u00e4"},"content":{"rendered":"<p>Lis\u00e4\u00e4 tarvittavaa s\u00e4ilytystilaa: Ovatko asiakirjasi hajallaan ty\u00f6p\u00f6yd\u00e4ll\u00e4si? \u00c4l\u00e4 en\u00e4\u00e4 tuhlaa aikaa etsimiseen. Asenna t\u00e4m\u00e4 SONGMICS-arkistokaappi! Sile\u00e4 hylly yl\u00e4osassa, avoin lokero, 2 laatikkoa, riippukansio ja laatikkosisustus \u2013 muokkaa kotitoimistosi todelliseksi s\u00e4ilytys- ja esittelyihmeeksi t\u00e4m\u00e4n kaapin avulla. Pid\u00e4tk\u00f6 t\u00e4st\u00e4 tyylist\u00e4? Puuv\u00e4riset laatikot ja musta ter\u00e4srunko muodostavat yhdess\u00e4 upean arkistokaapin, joka on sek\u00e4 trendik\u00e4s ett\u00e4 ajaton. Tuotetiedot: V\u00e4ri: vintage-ruskea-musta Materiaali: ter\u00e4s, lastulevy Koko: 40 x 45 x 58,7 cm (P x L x K) Paino: 22,5 kg Maks. staattinen kantavuus per laatikko: 15 kg Maks. staattinen kantavuus avoimessa lokerossa: 20 kg Maks. staattinen kantavuus pinnalla: 50 kg Toimitus sis\u00e4lt\u00e4\u00e4: 1 x arkistokaappi 1 x laatikoiden j\u00e4rjestelij\u00e4 toimistotarvikkeille 1 x riippukansi 1 x lis\u00e4varustepaketti 1 x ohjeet SONGMICS Huomautukset:Turvallisuussyist\u00e4 lapset eiv\u00e4t saa kiivet\u00e4 tuotteen p\u00e4\u00e4lle tai leikki\u00e4 sill\u00e4.T\u00e4ss\u00e4 tuotteessa ei ole ylim\u00e4\u00e4r\u00e4ist\u00e4 rullaa alalaatikossa, joka est\u00e4\u00e4 kaatumisen. Turvallisuussyist\u00e4 \u00e4l\u00e4 avaa molempia laatikoita samanaikaisesti.<\/p>\n","protected":false},"excerpt":{"rendered":"<p>SONGMICS ter\u00e4srullakontti, arkistokaappi 2 laatikolla, avoin lokero, ter\u00e4srunko, toimistodokumenteille, riippuva arkistokotelo, teollinen muotoilu, vintage-ruskea-musta OFC101B01<\/p>\n","protected":false},"featured_media":44657,"comment_status":"open","ping_status":"closed","template":"","meta":[],"product_brand":[],"product_cat":[32],"product_tag":[],"class_list":{"0":"post-36361","1":"product","2":"type-product","3":"status-publish","4":"has-post-thumbnail","6":"product_cat-uncategorized-fi","8":"first","9":"instock","10":"shipping-taxable","11":"purchasable","12":"product-type-simple"},"_links":{"self":[{"href":"https:\/\/nordicmart.andreevmaster.com\/fi\/wp-json\/wp\/v2\/product\/36361","targetHints":{"allow":["GET"]}}],"collection":[{"href":"https:\/\/nordicmart.andreevmaster.com\/fi\/wp-json\/wp\/v2\/product"}],"about":[{"href":"https:\/\/nordicmart.andreevmaster.com\/fi\/wp-json\/wp\/v2\/types\/product"}],"replies":[{"embeddable":true,"href":"https:\/\/nordicmart.andreevmaster.com\/fi\/wp-json\/wp\/v2\/comments?post=36361"}],"wp:featuredmedia":[{"embeddable":true,"href":"https:\/\/nordicmart.andreevmaster.com\/fi\/wp-json\/wp\/v2\/media\/44657"}],"wp:attachment":[{"href":"https:\/\/nordicmart.andreevmaster.com\/fi\/wp-json\/wp\/v2\/media?parent=36361"}],"wp:term":[{"taxonomy":"product_brand","embeddable":true,"href":"https:\/\/nordicmart.andreevmaster.com\/fi\/wp-json\/wp\/v2\/product_brand?post=36361"},{"taxonomy":"product_cat","embeddable":true,"href":"https:\/\/nordicmart.andreevmaster.com\/fi\/wp-json\/wp\/v2\/product_cat?post=36361"},{"taxonomy":"product_tag","embeddable":true,"href":"https:\/\/nordicmart.andreevmaster.com\/fi\/wp-json\/wp\/v2\/product_tag?post=36361"}],"curies":[{"name":"wp","href":"https:\/\/api.w.org\/{rel}","templated":true}]}}