{"id":36359,"date":"2026-02-27T00:34:06","date_gmt":"2026-02-27T00:34:06","guid":{"rendered":"https:\/\/nordicmart.andreevmaster.com\/product\/vasagle-arkistokaappi-4-lukittavaa-laatikkoa\/"},"modified":"2026-02-27T09:51:54","modified_gmt":"2026-02-27T09:51:54","slug":"vasagle-arkistokaappi-4-lukittavaa-laatikkoa","status":"publish","type":"product","link":"https:\/\/nordicmart.andreevmaster.com\/fi\/tuote\/vasagle-arkistokaappi-4-lukittavaa-laatikkoa\/","title":{"rendered":"VASAGLE arkistokaappi, 4 lukittavaa laatikkoa"},"content":{"rendered":"<p>VASAGLE arkistokaappi, toimistokaappi kotitoimistoon, tulostinteline, 3 lukittavaa laatikkoa, s\u00e4\u00e4dett\u00e4v\u00e4 ripustustanko, A4- ja Letter-kokoisille papereille<br \/>\nV\u00e4ri: vintage-ruskea-mustanmusta<br \/>\nMateriaali: lastulevy, MDF (keskitihe\u00e4 kuitulevy)<br \/>\nKoko: 40 x 41 x 135,5 cm (S x L x K)<br \/>\nPaino: 29 kg<br \/>\nMaks. staattinen kantavuus: 80 kg<\/p>\n","protected":false},"excerpt":{"rendered":"<p>VASAGLE arkistokaappi, toimistokaappi kotitoimistoon, tulostinteline, 3 lukittavaa laatikkoa, s\u00e4\u00e4dett\u00e4v\u00e4 ripustustanko, A4- ja Letter-kokoisille papereille<\/p>\n","protected":false},"featured_media":44655,"comment_status":"open","ping_status":"closed","template":"","meta":[],"product_brand":[],"product_cat":[32],"product_tag":[],"class_list":{"0":"post-36359","1":"product","2":"type-product","3":"status-publish","4":"has-post-thumbnail","6":"product_cat-uncategorized-fi","8":"first","9":"instock","10":"shipping-taxable","11":"purchasable","12":"product-type-simple"},"_links":{"self":[{"href":"https:\/\/nordicmart.andreevmaster.com\/fi\/wp-json\/wp\/v2\/product\/36359","targetHints":{"allow":["GET"]}}],"collection":[{"href":"https:\/\/nordicmart.andreevmaster.com\/fi\/wp-json\/wp\/v2\/product"}],"about":[{"href":"https:\/\/nordicmart.andreevmaster.com\/fi\/wp-json\/wp\/v2\/types\/product"}],"replies":[{"embeddable":true,"href":"https:\/\/nordicmart.andreevmaster.com\/fi\/wp-json\/wp\/v2\/comments?post=36359"}],"wp:featuredmedia":[{"embeddable":true,"href":"https:\/\/nordicmart.andreevmaster.com\/fi\/wp-json\/wp\/v2\/media\/44655"}],"wp:attachment":[{"href":"https:\/\/nordicmart.andreevmaster.com\/fi\/wp-json\/wp\/v2\/media?parent=36359"}],"wp:term":[{"taxonomy":"product_brand","embeddable":true,"href":"https:\/\/nordicmart.andreevmaster.com\/fi\/wp-json\/wp\/v2\/product_brand?post=36359"},{"taxonomy":"product_cat","embeddable":true,"href":"https:\/\/nordicmart.andreevmaster.com\/fi\/wp-json\/wp\/v2\/product_cat?post=36359"},{"taxonomy":"product_tag","embeddable":true,"href":"https:\/\/nordicmart.andreevmaster.com\/fi\/wp-json\/wp\/v2\/product_tag?post=36359"}],"curies":[{"name":"wp","href":"https:\/\/api.w.org\/{rel}","templated":true}]}}