{"id":36358,"date":"2026-02-27T00:34:05","date_gmt":"2026-02-27T00:34:05","guid":{"rendered":"https:\/\/nordicmart.andreevmaster.com\/product\/vasagle-siirrettava-rullalaatikko-viisi-laatikkoa\/"},"modified":"2026-02-27T09:51:54","modified_gmt":"2026-02-27T09:51:54","slug":"vasagle-siirrettava-rullalaatikko-viisi-laatikkoa","status":"publish","type":"product","link":"https:\/\/nordicmart.andreevmaster.com\/fi\/tuote\/vasagle-siirrettava-rullalaatikko-viisi-laatikkoa\/","title":{"rendered":"VASAGLE Siirrett\u00e4v\u00e4 rullalaatikko, viisi laatikkoa"},"content":{"rendered":"<p>VASAGLE rullakontti, siirrett\u00e4v\u00e4 arkistokaappi, laatikosto, tulostinteline 5 laatikolla, ruuvittomat liukukiskot, toimistoon, kotitoimistoon, pilvinen valkoinen OFC081W01<br \/>\nV\u00e4ri: pilvinen valkoinen<br \/>\nMateriaali: lastulevy, MDF (keskitihe\u00e4 kuitulevy), muovi<br \/>\nKoko: 40 x 42 x 65,7 cm (S x L x K)<br \/>\nPaino: 16,65 kg<br \/>\nJokaisen laatikon maks. staattinen kantavuus: 5 kg<br \/>\nMaks. staattinen kokonaiskuormitus: 45 kg<\/p>\n","protected":false},"excerpt":{"rendered":"<p>VASAGLE rullakontti, siirrett\u00e4v\u00e4 arkistokaappi, laatikosto, tulostinteline 5 laatikolla, ruuvittomat liukukiskot, toimistoon, kotitoimistoon, pilvinen valkoinen OFC081W01<\/p>\n","protected":false},"featured_media":44654,"comment_status":"open","ping_status":"closed","template":"","meta":[],"product_brand":[],"product_cat":[32],"product_tag":[],"class_list":{"0":"post-36358","1":"product","2":"type-product","3":"status-publish","4":"has-post-thumbnail","6":"product_cat-uncategorized-fi","8":"first","9":"instock","10":"shipping-taxable","11":"purchasable","12":"product-type-simple"},"_links":{"self":[{"href":"https:\/\/nordicmart.andreevmaster.com\/fi\/wp-json\/wp\/v2\/product\/36358","targetHints":{"allow":["GET"]}}],"collection":[{"href":"https:\/\/nordicmart.andreevmaster.com\/fi\/wp-json\/wp\/v2\/product"}],"about":[{"href":"https:\/\/nordicmart.andreevmaster.com\/fi\/wp-json\/wp\/v2\/types\/product"}],"replies":[{"embeddable":true,"href":"https:\/\/nordicmart.andreevmaster.com\/fi\/wp-json\/wp\/v2\/comments?post=36358"}],"wp:featuredmedia":[{"embeddable":true,"href":"https:\/\/nordicmart.andreevmaster.com\/fi\/wp-json\/wp\/v2\/media\/44654"}],"wp:attachment":[{"href":"https:\/\/nordicmart.andreevmaster.com\/fi\/wp-json\/wp\/v2\/media?parent=36358"}],"wp:term":[{"taxonomy":"product_brand","embeddable":true,"href":"https:\/\/nordicmart.andreevmaster.com\/fi\/wp-json\/wp\/v2\/product_brand?post=36358"},{"taxonomy":"product_cat","embeddable":true,"href":"https:\/\/nordicmart.andreevmaster.com\/fi\/wp-json\/wp\/v2\/product_cat?post=36358"},{"taxonomy":"product_tag","embeddable":true,"href":"https:\/\/nordicmart.andreevmaster.com\/fi\/wp-json\/wp\/v2\/product_tag?post=36358"}],"curies":[{"name":"wp","href":"https:\/\/api.w.org\/{rel}","templated":true}]}}