{"id":36339,"date":"2026-02-27T00:34:00","date_gmt":"2026-02-27T00:34:00","guid":{"rendered":"https:\/\/nordicmart.andreevmaster.com\/product\/vasagle-arkistokaappi-jossa-3-lukittavaa-laatikkoa\/"},"modified":"2026-02-27T09:51:50","modified_gmt":"2026-02-27T09:51:50","slug":"vasagle-arkistokaappi-jossa-3-lukittavaa-laatikkoa","status":"publish","type":"product","link":"https:\/\/nordicmart.andreevmaster.com\/fi\/tuote\/vasagle-arkistokaappi-jossa-3-lukittavaa-laatikkoa\/","title":{"rendered":"VASAGLE arkistokaappi, jossa 3 lukittavaa laatikkoa"},"content":{"rendered":"<p>VASAGLE arkistokaappi, toimistokaappi kotitoimistoon, tulostinteline, 3 lukittavaa laatikkoa, s\u00e4\u00e4dett\u00e4v\u00e4 ripustustanko, A4- ja Letter-kokoisille papereille<br \/>\nV\u00e4ri: vintage-ruskea-musta<br \/>\nMateriaali: lastulevy<br \/>\nKoko: 40 x 41 x 103 cm (S x L x K)<br \/>\nPaino: 23 kg<br \/>\nMaks. staattinen kantavuus: 50 kg<\/p>\n","protected":false},"excerpt":{"rendered":"<p>VASAGLE arkistokaappi, toimistokaappi kotitoimistoon, tulostinteline, 3 lukittavaa laatikkoa, s\u00e4\u00e4dett\u00e4v\u00e4 ripustustanko, A4- ja Letter-kokoisille papereille<\/p>\n","protected":false},"featured_media":0,"comment_status":"open","ping_status":"closed","template":"","meta":[],"product_brand":[],"product_cat":[32],"product_tag":[],"class_list":{"0":"post-36339","1":"product","2":"type-product","3":"status-publish","5":"product_cat-uncategorized-fi","7":"first","8":"instock","9":"shipping-taxable","10":"purchasable","11":"product-type-simple"},"_links":{"self":[{"href":"https:\/\/nordicmart.andreevmaster.com\/fi\/wp-json\/wp\/v2\/product\/36339","targetHints":{"allow":["GET"]}}],"collection":[{"href":"https:\/\/nordicmart.andreevmaster.com\/fi\/wp-json\/wp\/v2\/product"}],"about":[{"href":"https:\/\/nordicmart.andreevmaster.com\/fi\/wp-json\/wp\/v2\/types\/product"}],"replies":[{"embeddable":true,"href":"https:\/\/nordicmart.andreevmaster.com\/fi\/wp-json\/wp\/v2\/comments?post=36339"}],"wp:attachment":[{"href":"https:\/\/nordicmart.andreevmaster.com\/fi\/wp-json\/wp\/v2\/media?parent=36339"}],"wp:term":[{"taxonomy":"product_brand","embeddable":true,"href":"https:\/\/nordicmart.andreevmaster.com\/fi\/wp-json\/wp\/v2\/product_brand?post=36339"},{"taxonomy":"product_cat","embeddable":true,"href":"https:\/\/nordicmart.andreevmaster.com\/fi\/wp-json\/wp\/v2\/product_cat?post=36339"},{"taxonomy":"product_tag","embeddable":true,"href":"https:\/\/nordicmart.andreevmaster.com\/fi\/wp-json\/wp\/v2\/product_tag?post=36339"}],"curies":[{"name":"wp","href":"https:\/\/api.w.org\/{rel}","templated":true}]}}