{"id":36338,"date":"2026-02-27T00:34:00","date_gmt":"2026-02-27T00:34:00","guid":{"rendered":"https:\/\/nordicmart.andreevmaster.com\/product\/songmics-siirrettava-arkistokaappi-2-laatikkoa\/"},"modified":"2026-02-27T09:51:50","modified_gmt":"2026-02-27T09:51:50","slug":"songmics-siirrettava-arkistokaappi-2-laatikkoa","status":"publish","type":"product","link":"https:\/\/nordicmart.andreevmaster.com\/fi\/tuote\/songmics-siirrettava-arkistokaappi-2-laatikkoa\/","title":{"rendered":"SONGMICS Siirrett\u00e4v\u00e4 arkistokaappi, 2 laatikkoa"},"content":{"rendered":"<p>Ty\u00f6skenteletp\u00e4 sitten kotona tai toimistossa, siisti ty\u00f6piste vaikuttaa suuresti keskittymiskykyysi ja tuottavuuteesi. SONGMICS:n 2 laatikolla varustetun arkistokaapin avulla saat ty\u00f6pisteesi j\u00e4rjestykseen ja optimoit samalla ty\u00f6aikasi.Sopii erilaisille riippukansioille: Toisin kuin perinteisiss\u00e4 rullakaapeissa, jokaisessa arkistokaapin laatikossa on 1 s\u00e4\u00e4dett\u00e4v\u00e4 tanko. N\u00e4in voit lajitella ja s\u00e4ilytt\u00e4\u00e4 riippukansioita eri muodoissa (A4-, Letter-, Legal- tai F4-muoto) tarpeen mukaan. Kest\u00e4v\u00e4 ja k\u00e4yt\u00e4nn\u00f6llinen: Asiakirjat, kirjoitusv\u00e4lineet, henkil\u00f6kohtaiset tavarat \u2013 kaikki, mit\u00e4 tarvitset ty\u00f6ss\u00e4si, l\u00f6yt\u00e4\u00e4 oman paikkansa t\u00e4ss\u00e4 rullakaapissa. Kukin kahdesta suuresta laatikosta kest\u00e4\u00e4 jopa 23 kg:n painon, ja t\u00e4ysvetoiset vetokiskot helpottavat laatikoiden avaamista ja sulkemista. Ter\u00e4srakenne on lis\u00e4ksi niin vakaa, ett\u00e4 voit k\u00e4ytt\u00e4\u00e4 t\u00e4t\u00e4 arkistokaappia monien vuosien ajan. Tuotetiedot: V\u00e4ri: valkoinen Materiaali: ter\u00e4s Koko: 39 x 50 x 69,5 cm (P x L x K) Paino: 19,4 kg Enimm\u00e4iskuormitus per laatikko: 23 kg Toimitus sis\u00e4lt\u00e4\u00e4: 1 x rullakaappi 2 laatikolla 1 x lis\u00e4varustepussi 1 x ohjeet (DE, EN, IT, FR, ES) SONGMICS-ohjeet: \u00c4l\u00e4 ved\u00e4 laatikoita, joissa on esineit\u00e4, samanaikaisesti ulos, jotta kaappi ei kaadu.<\/p>\n","protected":false},"excerpt":{"rendered":"<p>SONGMICS rullavaunu, siirrett\u00e4v\u00e4 arkistokaappi, 2 laatikkoa, lukittava, toimistodokumenteille, esiasennettu, 39 x 50 x 69,5 cm (P x L x K), mattamusta OFC52BK<\/p>\n","protected":false},"featured_media":44635,"comment_status":"open","ping_status":"closed","template":"","meta":[],"product_brand":[],"product_cat":[32],"product_tag":[],"class_list":{"0":"post-36338","1":"product","2":"type-product","3":"status-publish","4":"has-post-thumbnail","6":"product_cat-uncategorized-fi","8":"first","9":"instock","10":"shipping-taxable","11":"purchasable","12":"product-type-simple"},"_links":{"self":[{"href":"https:\/\/nordicmart.andreevmaster.com\/fi\/wp-json\/wp\/v2\/product\/36338","targetHints":{"allow":["GET"]}}],"collection":[{"href":"https:\/\/nordicmart.andreevmaster.com\/fi\/wp-json\/wp\/v2\/product"}],"about":[{"href":"https:\/\/nordicmart.andreevmaster.com\/fi\/wp-json\/wp\/v2\/types\/product"}],"replies":[{"embeddable":true,"href":"https:\/\/nordicmart.andreevmaster.com\/fi\/wp-json\/wp\/v2\/comments?post=36338"}],"wp:featuredmedia":[{"embeddable":true,"href":"https:\/\/nordicmart.andreevmaster.com\/fi\/wp-json\/wp\/v2\/media\/44635"}],"wp:attachment":[{"href":"https:\/\/nordicmart.andreevmaster.com\/fi\/wp-json\/wp\/v2\/media?parent=36338"}],"wp:term":[{"taxonomy":"product_brand","embeddable":true,"href":"https:\/\/nordicmart.andreevmaster.com\/fi\/wp-json\/wp\/v2\/product_brand?post=36338"},{"taxonomy":"product_cat","embeddable":true,"href":"https:\/\/nordicmart.andreevmaster.com\/fi\/wp-json\/wp\/v2\/product_cat?post=36338"},{"taxonomy":"product_tag","embeddable":true,"href":"https:\/\/nordicmart.andreevmaster.com\/fi\/wp-json\/wp\/v2\/product_tag?post=36338"}],"curies":[{"name":"wp","href":"https:\/\/api.w.org\/{rel}","templated":true}]}}