{"id":36336,"date":"2026-02-27T00:33:59","date_gmt":"2026-02-27T00:33:59","guid":{"rendered":"https:\/\/nordicmart.andreevmaster.com\/product\/vasagle-rullavaunu-2-laatikolla\/"},"modified":"2026-02-27T09:51:49","modified_gmt":"2026-02-27T09:51:49","slug":"vasagle-rullavaunu-2-laatikolla","status":"publish","type":"product","link":"https:\/\/nordicmart.andreevmaster.com\/fi\/tuote\/vasagle-rullavaunu-2-laatikolla\/","title":{"rendered":"VASAGLE rullavaunu 2 laatikolla"},"content":{"rendered":"<p>Tuotetiedot: &#8211; V\u00e4ri: vintage-ruskea-musta &#8211; Materiaali: lastulevy, ter\u00e4s &#8211; Koko: 41 x 40,2 x 107,9 cm (P x L x K) &#8211; Avoimen lokeron korkeus: 33 cm &#8211; Laatikon sis\u00e4tila: 32,6 x 33,8 x 28,3 cm (P x L x K) &#8211; Paino: 23 kg &#8211; Maks. staattinen kokonaiskuormitus: 50 kg Toimitus sis\u00e4lt\u00e4\u00e4: &#8211; 1 x arkistokaappi &#8211; 1 x lis\u00e4varustepaketti &#8211; 1 x kaatumissuoja &#8211; 1 x ohjeet VASAGLE Huomautukset: &#8211; Lapset eiv\u00e4t saa kiivet\u00e4 tuotteen p\u00e4\u00e4lle tai leikki\u00e4 sill\u00e4, jotta v\u00e4ltyt\u00e4\u00e4n kaatumisen aiheuttamilta vammoilta.<\/p>\n","protected":false},"excerpt":{"rendered":"<p>VASAGLE Rullakontti, arkistokaappi, toimistokaappi, 2 laatikkoa, DIN A4- ja Letter-kokoisille asiakirjoille, avoin lokero, tulostinteline, teollinen muotoilu, vintage-ruskea-musta OFC045B01<\/p>\n","protected":false},"featured_media":44633,"comment_status":"open","ping_status":"closed","template":"","meta":[],"product_brand":[],"product_cat":[32],"product_tag":[],"class_list":{"0":"post-36336","1":"product","2":"type-product","3":"status-publish","4":"has-post-thumbnail","6":"product_cat-uncategorized-fi","8":"first","9":"instock","10":"shipping-taxable","11":"purchasable","12":"product-type-simple"},"_links":{"self":[{"href":"https:\/\/nordicmart.andreevmaster.com\/fi\/wp-json\/wp\/v2\/product\/36336","targetHints":{"allow":["GET"]}}],"collection":[{"href":"https:\/\/nordicmart.andreevmaster.com\/fi\/wp-json\/wp\/v2\/product"}],"about":[{"href":"https:\/\/nordicmart.andreevmaster.com\/fi\/wp-json\/wp\/v2\/types\/product"}],"replies":[{"embeddable":true,"href":"https:\/\/nordicmart.andreevmaster.com\/fi\/wp-json\/wp\/v2\/comments?post=36336"}],"wp:featuredmedia":[{"embeddable":true,"href":"https:\/\/nordicmart.andreevmaster.com\/fi\/wp-json\/wp\/v2\/media\/44633"}],"wp:attachment":[{"href":"https:\/\/nordicmart.andreevmaster.com\/fi\/wp-json\/wp\/v2\/media?parent=36336"}],"wp:term":[{"taxonomy":"product_brand","embeddable":true,"href":"https:\/\/nordicmart.andreevmaster.com\/fi\/wp-json\/wp\/v2\/product_brand?post=36336"},{"taxonomy":"product_cat","embeddable":true,"href":"https:\/\/nordicmart.andreevmaster.com\/fi\/wp-json\/wp\/v2\/product_cat?post=36336"},{"taxonomy":"product_tag","embeddable":true,"href":"https:\/\/nordicmart.andreevmaster.com\/fi\/wp-json\/wp\/v2\/product_tag?post=36336"}],"curies":[{"name":"wp","href":"https:\/\/api.w.org\/{rel}","templated":true}]}}