{"id":36327,"date":"2026-02-27T00:33:57","date_gmt":"2026-02-27T00:33:57","guid":{"rendered":"https:\/\/nordicmart.andreevmaster.com\/product\/songmics-rullakontti-jossa-on-rullat-ja-lukko-musta\/"},"modified":"2026-02-27T09:51:47","modified_gmt":"2026-02-27T09:51:47","slug":"songmics-rullakontti-jossa-on-rullat-ja-lukko-musta","status":"publish","type":"product","link":"https:\/\/nordicmart.andreevmaster.com\/fi\/tuote\/songmics-rullakontti-jossa-on-rullat-ja-lukko-musta\/","title":{"rendered":"SONGMICS rullakontti, jossa on rullat ja lukko, musta"},"content":{"rendered":"<p>Kaikki t\u00e4rke\u00e4t asiakirjat turvallisesti yhdess\u00e4 paikassa: Rullakontti tarjoaa tilaa erilaisille asiakirjoille ja toimistotarvikkeille. Ylimm\u00e4ss\u00e4 laatikossa on lis\u00e4organisaattori, jossa kyn\u00e4t, muistiinpanot jne. voidaan s\u00e4ilytt\u00e4\u00e4 k\u00e4den ulottuvilla. Nelj\u00e4st\u00e4 360 astetta k\u00e4\u00e4ntyv\u00e4st\u00e4 rullasta kaksi voidaan lukita, jotta kontti pysyy tukevasti ja turvallisesti paikallaan.Joustava ja k\u00e4yt\u00e4nn\u00f6llinen: A4-kokoiset riippukansiot voidaan ripustaa alimpaan laatikkoon. Jos sinulla on suurempia tai pienempi\u00e4 asiakirjoja, kuten Legal-, F4- tai Letter-kokoisia, riippukansiot voidaan s\u00e4\u00e4t\u00e4\u00e4 s\u00e4\u00e4dett\u00e4vien tankojen avulla. Lis\u00e4ksi alimman laatikon pohjassa on rulla, joka lis\u00e4\u00e4 vakautta ja turvallisuutta, kun laatikko vedet\u00e4\u00e4n kokonaan ulos. Lukittavissa ja mahtuu t\u00e4ydellisesti ty\u00f6p\u00f6yd\u00e4n alle: Lukko (2 avainta mukana) lukitsee kaikki 3 laatikkoa samanaikaisesti, joten kaikki asiakirjat ovat turvallisesti s\u00e4ilytettyin\u00e4 kaappikontissa. 60 cm korkea rullakaappi mahtuu my\u00f6s kaikkien vakiokokoisten ty\u00f6p\u00f6ytien alle ja s\u00e4\u00e4st\u00e4\u00e4 viel\u00e4 enemm\u00e4n tilaa. Tuotetiedot: V\u00e4ri: musta Materiaali: ter\u00e4s Koko: 30 x 45 x 60 cm (P x L x K) Paino: 14,5 kg Ylimm\u00e4n 2 laatikon maks. staattinen kantavuus: 15 kg kumpikinAlemman laatikon maks. staattinen kantavuus: 20 kgToimitus sis\u00e4lt\u00e4\u00e4:1 x rullavaunu1 x lis\u00e4varustepussi1 x ohjeSONGMICS-ohjeet:\u00c4l\u00e4 ylit\u00e4 t\u00e4t\u00e4 laatikon maksimipainoa.Lapset eiv\u00e4t saa kiivet\u00e4 tuotteen p\u00e4\u00e4lle tai leikki\u00e4 sill\u00e4, jotta v\u00e4ltyt\u00e4\u00e4n kaatumisen aiheuttamilta vammoilta.<\/p>\n","protected":false},"excerpt":{"rendered":"<p>SONGMICS ter\u00e4srullakaappi, 3 laatikkoa ja riippukaappi, lukittava toimistokaappi, kaapin runko esiasennettu, 39 x 60 x 52 cm, valkoinen OFC60WT<\/p>\n","protected":false},"featured_media":44625,"comment_status":"open","ping_status":"closed","template":"","meta":[],"product_brand":[],"product_cat":[32],"product_tag":[],"class_list":{"0":"post-36327","1":"product","2":"type-product","3":"status-publish","4":"has-post-thumbnail","6":"product_cat-uncategorized-fi","8":"first","9":"instock","10":"shipping-taxable","11":"purchasable","12":"product-type-simple"},"_links":{"self":[{"href":"https:\/\/nordicmart.andreevmaster.com\/fi\/wp-json\/wp\/v2\/product\/36327","targetHints":{"allow":["GET"]}}],"collection":[{"href":"https:\/\/nordicmart.andreevmaster.com\/fi\/wp-json\/wp\/v2\/product"}],"about":[{"href":"https:\/\/nordicmart.andreevmaster.com\/fi\/wp-json\/wp\/v2\/types\/product"}],"replies":[{"embeddable":true,"href":"https:\/\/nordicmart.andreevmaster.com\/fi\/wp-json\/wp\/v2\/comments?post=36327"}],"wp:featuredmedia":[{"embeddable":true,"href":"https:\/\/nordicmart.andreevmaster.com\/fi\/wp-json\/wp\/v2\/media\/44625"}],"wp:attachment":[{"href":"https:\/\/nordicmart.andreevmaster.com\/fi\/wp-json\/wp\/v2\/media?parent=36327"}],"wp:term":[{"taxonomy":"product_brand","embeddable":true,"href":"https:\/\/nordicmart.andreevmaster.com\/fi\/wp-json\/wp\/v2\/product_brand?post=36327"},{"taxonomy":"product_cat","embeddable":true,"href":"https:\/\/nordicmart.andreevmaster.com\/fi\/wp-json\/wp\/v2\/product_cat?post=36327"},{"taxonomy":"product_tag","embeddable":true,"href":"https:\/\/nordicmart.andreevmaster.com\/fi\/wp-json\/wp\/v2\/product_tag?post=36327"}],"curies":[{"name":"wp","href":"https:\/\/api.w.org\/{rel}","templated":true}]}}