{"id":36326,"date":"2026-02-27T00:33:57","date_gmt":"2026-02-27T00:33:57","guid":{"rendered":"https:\/\/nordicmart.andreevmaster.com\/product\/songmics-toimistokaappi-pyorilla-ja-lukolla\/"},"modified":"2026-02-27T09:51:47","modified_gmt":"2026-02-27T09:51:47","slug":"songmics-toimistokaappi-pyorilla-ja-lukolla","status":"publish","type":"product","link":"https:\/\/nordicmart.andreevmaster.com\/fi\/tuote\/songmics-toimistokaappi-pyorilla-ja-lukolla\/","title":{"rendered":"SONGMICS toimistokaappi py\u00f6rill\u00e4 ja lukolla"},"content":{"rendered":"<p>Jotain hyv\u00e4\u00e4 ty\u00f6ymp\u00e4rist\u00f6\u00f6si: Oletko kyll\u00e4stynyt etsim\u00e4\u00e4n kiireellisesti tarvitsemaasi asiakirjaa paperipinojen seasta? Ja miss\u00e4 se kyn\u00e4 olikaan? T\u00e4m\u00e4 SONGMICS-arkistokaappi 3 laatikolla ja 1 laatikkovarusteella toimistotarvikkeille siivoaa kaapin kaaoksen! Lis\u00e4ksi voit s\u00e4ilytt\u00e4\u00e4 t\u00e4rkeit\u00e4 asiakirjoja turvallisesti toimistossa lukon takana. Erinomaiset tuotteet: \u00c4l\u00e4 huoli t\u00e4m\u00e4n arkistokaapin vakaudesta! Kaksi ylint\u00e4 laatikkoa kest\u00e4v\u00e4t kumpikin 15 kg:n painon ja alimmainen laatikko, jossa on riippukaapit, kest\u00e4\u00e4 jopa 20 kg:n painon. Premium-t\u00e4ysvetolaatikoiden ansiosta laatikot on helppo vet\u00e4\u00e4 ulos my\u00f6s suurella kuormituksella. Arkistokaapissa on 5 py\u00f6r\u00e4\u00e4, joten sit\u00e4 on helppo siirt\u00e4\u00e4 mihin tahansa. Tuotetiedot: V\u00e4ri: valkoinen Materiaali: ter\u00e4s Koko: 30 x 46 x 59,2 cm (P x L x K) Paino: 17,2 kg Yl\u00e4osan 2 laatikon maks. staattinen kantavuus: 15 kg kumpikinAlemman laatikon maks. staattinen kantavuus: 20 kgToimitus sis\u00e4lt\u00e4\u00e4:1 x arkistokaappi1 x laatikkosetti toimistotarvikkeille1 x riippukansi1 x lis\u00e4varustepaketti1 x ohjeet (DE, EN, FR, IT, ES)SONGMICS-huomautukset:\u00c4l\u00e4 ylit\u00e4 laatikon enimm\u00e4ispainoa.Lapset eiv\u00e4t saa kiivet\u00e4 tuotteen p\u00e4\u00e4lle tai leikki\u00e4 sill\u00e4, jotta v\u00e4ltyt\u00e4\u00e4n kaatumisen aiheuttamilta vammoilta.<\/p>\n","protected":false},"excerpt":{"rendered":"<p>SONGMICS rullavaunu, arkistokaappi, toimistokaappi rullilla ja lukolla, DINA4-, Legal- ja Letter-kokoisille asiakirjoille, riippukaappi, valkoinen OFC030W01<\/p>\n","protected":false},"featured_media":44624,"comment_status":"open","ping_status":"closed","template":"","meta":[],"product_brand":[],"product_cat":[32],"product_tag":[],"class_list":{"0":"post-36326","1":"product","2":"type-product","3":"status-publish","4":"has-post-thumbnail","6":"product_cat-uncategorized-fi","8":"first","9":"instock","10":"shipping-taxable","11":"purchasable","12":"product-type-simple"},"_links":{"self":[{"href":"https:\/\/nordicmart.andreevmaster.com\/fi\/wp-json\/wp\/v2\/product\/36326","targetHints":{"allow":["GET"]}}],"collection":[{"href":"https:\/\/nordicmart.andreevmaster.com\/fi\/wp-json\/wp\/v2\/product"}],"about":[{"href":"https:\/\/nordicmart.andreevmaster.com\/fi\/wp-json\/wp\/v2\/types\/product"}],"replies":[{"embeddable":true,"href":"https:\/\/nordicmart.andreevmaster.com\/fi\/wp-json\/wp\/v2\/comments?post=36326"}],"wp:featuredmedia":[{"embeddable":true,"href":"https:\/\/nordicmart.andreevmaster.com\/fi\/wp-json\/wp\/v2\/media\/44624"}],"wp:attachment":[{"href":"https:\/\/nordicmart.andreevmaster.com\/fi\/wp-json\/wp\/v2\/media?parent=36326"}],"wp:term":[{"taxonomy":"product_brand","embeddable":true,"href":"https:\/\/nordicmart.andreevmaster.com\/fi\/wp-json\/wp\/v2\/product_brand?post=36326"},{"taxonomy":"product_cat","embeddable":true,"href":"https:\/\/nordicmart.andreevmaster.com\/fi\/wp-json\/wp\/v2\/product_cat?post=36326"},{"taxonomy":"product_tag","embeddable":true,"href":"https:\/\/nordicmart.andreevmaster.com\/fi\/wp-json\/wp\/v2\/product_tag?post=36326"}],"curies":[{"name":"wp","href":"https:\/\/api.w.org\/{rel}","templated":true}]}}