{"id":36323,"date":"2026-02-27T00:33:56","date_gmt":"2026-02-27T00:33:56","guid":{"rendered":"https:\/\/nordicmart.andreevmaster.com\/product\/songmics-lukittava-arkistokaappi-laatikoilla-musta\/"},"modified":"2026-02-27T09:51:47","modified_gmt":"2026-02-27T09:51:47","slug":"songmics-lukittava-arkistokaappi-laatikoilla-musta","status":"publish","type":"product","link":"https:\/\/nordicmart.andreevmaster.com\/fi\/tuote\/songmics-lukittava-arkistokaappi-laatikoilla-musta\/","title":{"rendered":"SONGMICS Lukittava arkistokaappi laatikoilla, musta"},"content":{"rendered":"<p>Optimoi toimistoty\u00f6skentelysi: peitt\u00e4v\u00e4tk\u00f6 paperipinot ty\u00f6p\u00f6yt\u00e4si? S\u00e4ilyt\u00e4 ne siististi t\u00e4ss\u00e4 SONGMICS-rullakaapissa! 3 laatikkoa, riippukansiota ja irrotettava lokero toimistotarvikkeille varmistavat, ett\u00e4 kaikki toimistotarvikkeet voidaan s\u00e4ilytt\u00e4\u00e4 selke\u00e4sti ja nopeasti l\u00f6ydett\u00e4viss\u00e4.Vakaa, k\u00e4yt\u00e4nn\u00f6llinen ja joustava: \u00c4l\u00e4 huoli t\u00e4m\u00e4n arkistokaapin vakaudesta! Jokainen metallinen laatikko kest\u00e4\u00e4 jopa 15 kg:n painon ja on varustettu korkealaatuisilla t\u00e4ysvetoisilla kiskoilla, jotka mahdollistavat sujuvan ulosvet\u00e4misen ja sis\u00e4\u00e4n ty\u00f6nt\u00e4misen. Haluatko siirt\u00e4\u00e4 kaapin toiseen huoneeseen? Kaapin 5 py\u00f6r\u00e4\u00e4, joista 2 on lukittavissa, tekev\u00e4t ty\u00f6n puolestasi. Ty\u00f6skenteletp\u00e4 toimistossa tai kotona, t\u00e4m\u00e4n arkistokaapin avulla voit sanoa hyv\u00e4stit ty\u00f6p\u00f6yd\u00e4n kaaokselle ja lis\u00e4t\u00e4 tuottavuuttasi. Tuotetiedot: V\u00e4ri: musta Materiaali: ter\u00e4s, metallikahva Koko: 39 x 48 x 60 cm (P x L x K) Paino: 18,5 kg Maks. staattinen kantavuus per laatikko: 15 kg Toimitus sis\u00e4lt\u00e4\u00e4: 1 x rullakaappi 1 x laatikoiden j\u00e4rjestelij\u00e4 toimistotarvikkeille 1 x riippukansi 1 x lis\u00e4varustepaketti 1 x ohjeet SONGMICS Huomautukset:Jokaisen laatikon enimm\u00e4iskuormituskyky on 15 kg. \u00c4l\u00e4 t\u00e4yt\u00e4 laatikoita raskaammilla esineill\u00e4. Lapset eiv\u00e4t saa kiivet\u00e4 tuotteen p\u00e4\u00e4lle tai leikki\u00e4 sill\u00e4, jotta v\u00e4ltyt\u00e4\u00e4n kaatumisen aiheuttamilta vammoilta.<\/p>\n","protected":false},"excerpt":{"rendered":"<p>SONGMICS rullakontti, lukittava arkistokaappi laatikoilla, toimistokaappi rullilla, asiakirjoille ja papereille, riippukaapilla, toimistoon, ty\u00f6huoneeseen, ter\u00e4st\u00e4, valkoinen OFC010W01<\/p>\n","protected":false},"featured_media":44621,"comment_status":"open","ping_status":"closed","template":"","meta":[],"product_brand":[],"product_cat":[32],"product_tag":[],"class_list":{"0":"post-36323","1":"product","2":"type-product","3":"status-publish","4":"has-post-thumbnail","6":"product_cat-uncategorized-fi","8":"first","9":"instock","10":"shipping-taxable","11":"purchasable","12":"product-type-simple"},"_links":{"self":[{"href":"https:\/\/nordicmart.andreevmaster.com\/fi\/wp-json\/wp\/v2\/product\/36323","targetHints":{"allow":["GET"]}}],"collection":[{"href":"https:\/\/nordicmart.andreevmaster.com\/fi\/wp-json\/wp\/v2\/product"}],"about":[{"href":"https:\/\/nordicmart.andreevmaster.com\/fi\/wp-json\/wp\/v2\/types\/product"}],"replies":[{"embeddable":true,"href":"https:\/\/nordicmart.andreevmaster.com\/fi\/wp-json\/wp\/v2\/comments?post=36323"}],"wp:featuredmedia":[{"embeddable":true,"href":"https:\/\/nordicmart.andreevmaster.com\/fi\/wp-json\/wp\/v2\/media\/44621"}],"wp:attachment":[{"href":"https:\/\/nordicmart.andreevmaster.com\/fi\/wp-json\/wp\/v2\/media?parent=36323"}],"wp:term":[{"taxonomy":"product_brand","embeddable":true,"href":"https:\/\/nordicmart.andreevmaster.com\/fi\/wp-json\/wp\/v2\/product_brand?post=36323"},{"taxonomy":"product_cat","embeddable":true,"href":"https:\/\/nordicmart.andreevmaster.com\/fi\/wp-json\/wp\/v2\/product_cat?post=36323"},{"taxonomy":"product_tag","embeddable":true,"href":"https:\/\/nordicmart.andreevmaster.com\/fi\/wp-json\/wp\/v2\/product_tag?post=36323"}],"curies":[{"name":"wp","href":"https:\/\/api.w.org\/{rel}","templated":true}]}}