{"id":36322,"date":"2026-02-27T00:33:56","date_gmt":"2026-02-27T00:33:56","guid":{"rendered":"https:\/\/nordicmart.andreevmaster.com\/product\/songmics-tietokonetuoli-verkkokankaalla\/"},"modified":"2026-02-27T09:51:47","modified_gmt":"2026-02-27T09:51:47","slug":"songmics-tietokonetuoli-verkkokankaalla","status":"publish","type":"product","link":"https:\/\/nordicmart.andreevmaster.com\/fi\/tuote\/songmics-tietokonetuoli-verkkokankaalla\/","title":{"rendered":"SONGMICS-tietokonetuoli verkkokankaalla"},"content":{"rendered":"<p>Ergonominen muotoilu Ergonominen selk\u00e4noja mukautuu kehosi muotoihin ja v\u00e4hent\u00e4\u00e4 selk\u00e4rankaan ja lannerangaan kohdistuvaa painetta. Mukava istuin Joustava verkkokangas on eritt\u00e4in hengitt\u00e4v\u00e4\u00e4 eik\u00e4 se muutu muodoltaan. Istuimen reuna on pehmustettu, mik\u00e4 v\u00e4hent\u00e4\u00e4 jalkoihin kohdistuvaa painetta.Vakaa ja kest\u00e4v\u00e4Jauhemaalattu ter\u00e4ksinen jalkaristi on vakaa ja kest\u00e4v\u00e4 vuosiksi eteenp\u00e4in. Suurin kantavuus: 150 kgTuotetiedot:V\u00e4ri: mustaMateriaali: verkkokangas, ter\u00e4srunko, PU-k\u00e4sinojat, nailonrullatTuotteen mitat: 69 x (113-128) x 69 cm (L x K x S)Istuimen koko: 49 x (47-55) x 49 cm (L x K x S) Selk\u00e4nojan mitat: 45 x 49 cm (L x S) K\u00e4sinojien mitat: 30 x 7,5 cm (L x S) K\u00e4sinojien korkeus: 2,5 cm K\u00e4sinojien v\u00e4linen et\u00e4isyys: 53 cm Jalkaristin halkaisija: 70 cm Rullien halkaisija: 60 mm Paino: 23 kg Maks. kantavuus: 150 kg Toimitus sis\u00e4lt\u00e4\u00e4: 1 x ty\u00f6tuoli 2 x vararulla 1 x asennustarvikkeet 1 x kuusiokoloavain 1 x asennusohjeet (DE, EN, FR, IT, ES) SONGMICS Huomautus: Helppo asentaa, mieluiten kahden henkil\u00f6n voimin.<\/p>\n","protected":false},"excerpt":{"rendered":"<p>SONGMICS Ergonominen toimistotuoli, ty\u00f6tuoli lannerangatuella, joustava verkkokangasistuin, s\u00e4\u00e4dett\u00e4v\u00e4 p\u00e4\u00e4ntuki, keinutoiminto, ter\u00e4srunko, kantavuus 150 kg, musta OBN91BKV1<\/p>\n","protected":false},"featured_media":44620,"comment_status":"open","ping_status":"closed","template":"","meta":[],"product_brand":[],"product_cat":[32],"product_tag":[],"class_list":{"0":"post-36322","1":"product","2":"type-product","3":"status-publish","4":"has-post-thumbnail","6":"product_cat-uncategorized-fi","8":"first","9":"instock","10":"shipping-taxable","11":"purchasable","12":"product-type-simple"},"_links":{"self":[{"href":"https:\/\/nordicmart.andreevmaster.com\/fi\/wp-json\/wp\/v2\/product\/36322","targetHints":{"allow":["GET"]}}],"collection":[{"href":"https:\/\/nordicmart.andreevmaster.com\/fi\/wp-json\/wp\/v2\/product"}],"about":[{"href":"https:\/\/nordicmart.andreevmaster.com\/fi\/wp-json\/wp\/v2\/types\/product"}],"replies":[{"embeddable":true,"href":"https:\/\/nordicmart.andreevmaster.com\/fi\/wp-json\/wp\/v2\/comments?post=36322"}],"wp:featuredmedia":[{"embeddable":true,"href":"https:\/\/nordicmart.andreevmaster.com\/fi\/wp-json\/wp\/v2\/media\/44620"}],"wp:attachment":[{"href":"https:\/\/nordicmart.andreevmaster.com\/fi\/wp-json\/wp\/v2\/media?parent=36322"}],"wp:term":[{"taxonomy":"product_brand","embeddable":true,"href":"https:\/\/nordicmart.andreevmaster.com\/fi\/wp-json\/wp\/v2\/product_brand?post=36322"},{"taxonomy":"product_cat","embeddable":true,"href":"https:\/\/nordicmart.andreevmaster.com\/fi\/wp-json\/wp\/v2\/product_cat?post=36322"},{"taxonomy":"product_tag","embeddable":true,"href":"https:\/\/nordicmart.andreevmaster.com\/fi\/wp-json\/wp\/v2\/product_tag?post=36322"}],"curies":[{"name":"wp","href":"https:\/\/api.w.org\/{rel}","templated":true}]}}