{"id":36321,"date":"2026-02-27T00:33:55","date_gmt":"2026-02-27T00:33:55","guid":{"rendered":"https:\/\/nordicmart.andreevmaster.com\/product\/tietokonetuoli-verkkokankaalla\/"},"modified":"2026-02-27T09:51:47","modified_gmt":"2026-02-27T09:51:47","slug":"tietokonetuoli-verkkokankaalla","status":"publish","type":"product","link":"https:\/\/nordicmart.andreevmaster.com\/fi\/tuote\/tietokonetuoli-verkkokankaalla\/","title":{"rendered":"Tietokonetuoli verkkokankaalla"},"content":{"rendered":"<p>Ergonominen muotoiluErgonominen selk\u00e4noja muotoutuu kehosi mukaan ja v\u00e4hent\u00e4\u00e4 painetta selk\u00e4rankaan ja lannerangaan.Mukava istuinJoustava verkkokangas on eritt\u00e4in hengitt\u00e4v\u00e4\u00e4 eik\u00e4 se muodonmuutos. Istuimen reuna on pehmustettu v\u00e4hent\u00e4m\u00e4\u00e4n painetta jaloissa.Vakaa ja kest\u00e4v\u00e4Jauhemaalattu ter\u00e4sjalka on vakaa ja kest\u00e4v\u00e4 monien vuosien ajan. Suurin kantavuus: 150 kgTuotetiedot:V\u00e4ri: MustaMateriaali: Verkkokangas, ter\u00e4srunko, PU-k\u00e4sinojat, nailonpy\u00f6r\u00e4t Tuotteen mitat: 69 x (113-128) x 69 cm (L x K x S) Istuimen koko: 49 x (47-55) x 49 cm (L x K x S)Selk\u00e4nojan mitat: 45 x 49 cm (L x S)K\u00e4sinojan mitat: 30 x 7,5 cm (L x S)K\u00e4sinojan korkeus: 2,5 cmK\u00e4sinojien v\u00e4linen et\u00e4isyys: 53 cmJalkapohjan halkaisija: 70 cmPy\u00f6rien halkaisija: 60 mmPaino: 23 kgMaks. Kuormituskapasiteetti: 150 kgToimitus sis\u00e4lt\u00e4\u00e4:1 x ty\u00f6tuoli2 x varapy\u00f6r\u00e41 x asennustarvikkeet1 x kuusiokoloavain1 x asennusohjeet (DE, EN, FR, , IT, ES)SONGMICS Huomautus:Helppo koota, ihanteellinen 2 henkil\u00f6lle.<\/p>\n","protected":false},"excerpt":{"rendered":"<p>Ergonominen muotoiluErgonominen selk\u00e4noja muotoutuu kehosi mukaan ja v\u00e4hent\u00e4\u00e4 painetta selk\u00e4rankaan ja lannerangaan.Mukava istuinJoustava verkkokangas on eritt\u00e4in hengitt\u00e4v\u00e4\u00e4 eik\u00e4 se muodonmuutos. Istuimen reuna on pehmustettu v\u00e4hent\u00e4m\u00e4\u00e4n painetta jaloissa.Vakaa ja kest\u00e4v\u00e4Jauhemaalattu ter\u00e4sjalka on vakaa ja kest\u00e4v\u00e4 monien vuosien ajan. Suurin kantavuus: 150 kgTuotetiedot:V\u00e4ri: MustaMateriaali: Verkkokangas, ter\u00e4srunko, PU-k\u00e4sinojat, nailonpy\u00f6r\u00e4t Tuotteen mitat: 69 x (113-128) x 69 cm (L [&hellip;]<\/p>\n","protected":false},"featured_media":0,"comment_status":"open","ping_status":"closed","template":"","meta":[],"product_brand":[],"product_cat":[32],"product_tag":[],"class_list":{"0":"post-36321","1":"product","2":"type-product","3":"status-publish","5":"product_cat-uncategorized-fi","7":"first","8":"instock","9":"shipping-taxable","10":"product-type-simple"},"_links":{"self":[{"href":"https:\/\/nordicmart.andreevmaster.com\/fi\/wp-json\/wp\/v2\/product\/36321","targetHints":{"allow":["GET"]}}],"collection":[{"href":"https:\/\/nordicmart.andreevmaster.com\/fi\/wp-json\/wp\/v2\/product"}],"about":[{"href":"https:\/\/nordicmart.andreevmaster.com\/fi\/wp-json\/wp\/v2\/types\/product"}],"replies":[{"embeddable":true,"href":"https:\/\/nordicmart.andreevmaster.com\/fi\/wp-json\/wp\/v2\/comments?post=36321"}],"wp:attachment":[{"href":"https:\/\/nordicmart.andreevmaster.com\/fi\/wp-json\/wp\/v2\/media?parent=36321"}],"wp:term":[{"taxonomy":"product_brand","embeddable":true,"href":"https:\/\/nordicmart.andreevmaster.com\/fi\/wp-json\/wp\/v2\/product_brand?post=36321"},{"taxonomy":"product_cat","embeddable":true,"href":"https:\/\/nordicmart.andreevmaster.com\/fi\/wp-json\/wp\/v2\/product_cat?post=36321"},{"taxonomy":"product_tag","embeddable":true,"href":"https:\/\/nordicmart.andreevmaster.com\/fi\/wp-json\/wp\/v2\/product_tag?post=36321"}],"curies":[{"name":"wp","href":"https:\/\/api.w.org\/{rel}","templated":true}]}}