{"id":36320,"date":"2026-02-27T00:33:55","date_gmt":"2026-02-27T00:33:55","guid":{"rendered":"https:\/\/nordicmart.andreevmaster.com\/product\/songmics-pyoriva-tuoli-verkkokankaalla-ja-niskatuella\/"},"modified":"2026-02-27T09:51:46","modified_gmt":"2026-02-27T09:51:46","slug":"songmics-pyoriva-tuoli-verkkokankaalla-ja-niskatuella","status":"publish","type":"product","link":"https:\/\/nordicmart.andreevmaster.com\/fi\/tuote\/songmics-pyoriva-tuoli-verkkokankaalla-ja-niskatuella\/","title":{"rendered":"SONGMICS py\u00f6riv\u00e4 tuoli verkkokankaalla ja niskatuella"},"content":{"rendered":"<p>Tuotekuvaus: Ergonominen verkkokankaalla verhoiltu ty\u00f6tuoli tuntuu miellytt\u00e4v\u00e4n viile\u00e4lt\u00e4 kes\u00e4ll\u00e4. Leve\u00e4 selk\u00e4noja on valmistettu korkealaatuisesta hengitt\u00e4v\u00e4st\u00e4 verkkokankaasta ja tukee hyvin hartioita. Selk\u00e4nojan kallistuksen s\u00e4\u00e4t\u00e4misess\u00e4 selk\u00e4nojan iskuja est\u00e4\u00e4 iskunvaimennin. Valikoidut \u00e4\u00e4nett\u00f6m\u00e4t nailonrullat, jotka sopivat my\u00f6s koville lattiapinnoille, kuten puulattialle, laminaatille, laatoille, PVC:lle jne., mahdollistavat pehme\u00e4n liukumisen ja suojaavat lattiaasi. Mukana toimitetaan ylim\u00e4\u00e4r\u00e4inen rulla ja ruuvit tulevaa tarvetta varten. Blister-pakkauksessa olevat lis\u00e4varusteet ja kuvitettu k\u00e4ytt\u00f6ohje helpottavat kokoonpanoa. T\u00e4m\u00e4 moderni tietokonetuoli sopii t\u00e4ydellisesti keskittymisvaativaa ty\u00f6t\u00e4 tai rentoa kotik\u00e4ytt\u00f6\u00e4 varten. Tuotetiedot: Mitat: -Korkeus (kokonais): 124,5-132 cm -Leveys (kokonais): 66 cm -Syvyys (kokonais): 67 cm -Istuinkorkeus: 44\u201353 cm -Istuimen leveys (k\u00e4ytett\u00e4viss\u00e4): 50 cm -Istuimen syvyys (k\u00e4ytett\u00e4viss\u00e4): 52 cm -K\u00e4sinojan korkeus (lattiasta): 60,5\u201370 cm -Selk\u00e4nojan korkeus: 73\u201381 cm -Istuimen etuosan paksuus: 9 cm -Jalkaristikon halkaisija: 70 cm -Py\u00f6rien halkaisija: 50 mm -Tappi: 11 mm Materiaali: -Verhoilu: verkkokangas -Pehmuste: tihe\u00e4 vaahtomuovi -Jalkaristikko: ter\u00e4s -K\u00e4sinojan varsi: nailon -K\u00e4sinoja: PU  -Py\u00f6r\u00e4t: nailon -V\u00e4ri: musta -Bruttopaino: 19,4 kg -Maks. kantavuus: 150 kg  Toimitus sis\u00e4lt\u00e4\u00e4 -1 x ty\u00f6tuoli -1 x kiinnityspussi -1 x ohjeet (DE, EN, FR, IT, ES)<\/p>\n","protected":false},"excerpt":{"rendered":"<p>SONGMICS toimistotuoli, k\u00e4\u00e4ntyv\u00e4 tuoli, s\u00e4\u00e4dett\u00e4v\u00e4t PU-k\u00e4sinojat, p\u00e4\u00e4ntuki, toimistotuoli, leve\u00e4 hengitt\u00e4v\u00e4 selk\u00e4noja, musta OBN89BK<\/p>\n","protected":false},"featured_media":44619,"comment_status":"open","ping_status":"closed","template":"","meta":[],"product_brand":[],"product_cat":[32],"product_tag":[],"class_list":{"0":"post-36320","1":"product","2":"type-product","3":"status-publish","4":"has-post-thumbnail","6":"product_cat-uncategorized-fi","8":"first","9":"instock","10":"shipping-taxable","11":"purchasable","12":"product-type-simple"},"_links":{"self":[{"href":"https:\/\/nordicmart.andreevmaster.com\/fi\/wp-json\/wp\/v2\/product\/36320","targetHints":{"allow":["GET"]}}],"collection":[{"href":"https:\/\/nordicmart.andreevmaster.com\/fi\/wp-json\/wp\/v2\/product"}],"about":[{"href":"https:\/\/nordicmart.andreevmaster.com\/fi\/wp-json\/wp\/v2\/types\/product"}],"replies":[{"embeddable":true,"href":"https:\/\/nordicmart.andreevmaster.com\/fi\/wp-json\/wp\/v2\/comments?post=36320"}],"wp:featuredmedia":[{"embeddable":true,"href":"https:\/\/nordicmart.andreevmaster.com\/fi\/wp-json\/wp\/v2\/media\/44619"}],"wp:attachment":[{"href":"https:\/\/nordicmart.andreevmaster.com\/fi\/wp-json\/wp\/v2\/media?parent=36320"}],"wp:term":[{"taxonomy":"product_brand","embeddable":true,"href":"https:\/\/nordicmart.andreevmaster.com\/fi\/wp-json\/wp\/v2\/product_brand?post=36320"},{"taxonomy":"product_cat","embeddable":true,"href":"https:\/\/nordicmart.andreevmaster.com\/fi\/wp-json\/wp\/v2\/product_cat?post=36320"},{"taxonomy":"product_tag","embeddable":true,"href":"https:\/\/nordicmart.andreevmaster.com\/fi\/wp-json\/wp\/v2\/product_tag?post=36320"}],"curies":[{"name":"wp","href":"https:\/\/api.w.org\/{rel}","templated":true}]}}