{"id":36318,"date":"2026-02-27T00:33:55","date_gmt":"2026-02-27T00:33:55","guid":{"rendered":"https:\/\/nordicmart.andreevmaster.com\/product\/songmics-tyotuoli-verkkokankaalla-punainen-musta\/"},"modified":"2026-02-27T09:51:46","modified_gmt":"2026-02-27T09:51:46","slug":"songmics-tyotuoli-verkkokankaalla-punainen-musta","status":"publish","type":"product","link":"https:\/\/nordicmart.andreevmaster.com\/fi\/tuote\/songmics-tyotuoli-verkkokankaalla-punainen-musta\/","title":{"rendered":"SONGMICS-ty\u00f6tuoli verkkokankaalla, punainen-musta"},"content":{"rendered":"<p>Hyv\u00e4 ty\u00f6tuoli on erityisen t\u00e4rke\u00e4 ihmisille, jotka tekev\u00e4t suurimman osan toimistoty\u00f6st\u00e4\u00e4n istuen. Songmics-ty\u00f6tuoli tarjoaa mukavan istumamukavuuden ja helpottaa pitk\u00e4aikaista keskittymist\u00e4 ty\u00f6h\u00f6n. Kun nojaat taaksep\u00e4in, istuin kallistuu keinumekanismin ansiosta mukana, ja selk\u00e4nojan ja istuimen v\u00e4linen kulma pysyy vakiona, joten voit v\u00e4hent\u00e4\u00e4 selk\u00e4\u00e4n kohdistuvaa rasitusta ty\u00f6skennelless\u00e4si. Pitk\u00e4n istumisen aikana toimistossa, etenkin kes\u00e4ll\u00e4, verkkop\u00e4\u00e4llinen tuntuu miellytt\u00e4v\u00e4n viile\u00e4lt\u00e4 eik\u00e4 paita tartu en\u00e4\u00e4 ihoon. Huomautukset 1. Varaosarullat voi tilata meilt\u00e4 my\u00f6s erikseen. 2. Suositeltu k\u00e4ytt\u00f6aika: enint\u00e4\u00e4n 8 tuntia p\u00e4iv\u00e4ss\u00e4. Tuotetiedot: Materiaali: &#8211; Verhoilu (selk\u00e4noja): polyesteriverkko &#8211; Verhoilu (istuin): polyesterikangas &#8211; Jalkaristi: ter\u00e4s &#8211; K\u00e4sinojien varsi: metalli Mitat: &#8211; Korkeus (kokonais): 92-101,5 cm &#8211; Leveys (kokonais): 54 cm &#8211; Syvyys (kokonais): 54 cm &#8211; Istuinkorkeus: 43-52,5 cm &#8211; Istuimen leveys (k\u00e4ytett\u00e4viss\u00e4): 48 cm &#8211; Istuinsyvyys (k\u00e4ytt\u00f6kelpoinen): 50 cm &#8211; K\u00e4sinojan korkeus (istuinpinnasta): 19 cm &#8211; Selk\u00e4nojan korkeus: 49 cm &#8211; Rullien halkaisija: 50 mm &#8211; Tapin halkaisija: 11 mm &#8211; Jalkaristin halkaisija: 60 cm &#8211; V\u00e4ri: musta &#8211; Bruttopaino: 12,6 kg &#8211; Maks. kuormituskyky: 150 kgToimitus sis\u00e4lt\u00e4\u00e4- 1 x py\u00f6riv\u00e4 tuoli verkkokankaalla- 1 x kiinnityspussi- 1 x ohjeet (DE, EN, FR, IT, ES)<\/p>\n","protected":false},"excerpt":{"rendered":"<p>SONGMICS toimistotuoli, verkkotakana, johtajan tuoli, toimistok\u00e4\u00e4nt\u00f6tuoli, k\u00e4\u00e4nt\u00f6tuoli, korkeuss\u00e4\u00e4dett\u00e4v\u00e4, keinutoiminto, musta OBN83B<\/p>\n","protected":false},"featured_media":44617,"comment_status":"open","ping_status":"closed","template":"","meta":[],"product_brand":[],"product_cat":[32],"product_tag":[],"class_list":{"0":"post-36318","1":"product","2":"type-product","3":"status-publish","4":"has-post-thumbnail","6":"product_cat-uncategorized-fi","8":"first","9":"instock","10":"shipping-taxable","11":"purchasable","12":"product-type-simple"},"_links":{"self":[{"href":"https:\/\/nordicmart.andreevmaster.com\/fi\/wp-json\/wp\/v2\/product\/36318","targetHints":{"allow":["GET"]}}],"collection":[{"href":"https:\/\/nordicmart.andreevmaster.com\/fi\/wp-json\/wp\/v2\/product"}],"about":[{"href":"https:\/\/nordicmart.andreevmaster.com\/fi\/wp-json\/wp\/v2\/types\/product"}],"replies":[{"embeddable":true,"href":"https:\/\/nordicmart.andreevmaster.com\/fi\/wp-json\/wp\/v2\/comments?post=36318"}],"wp:featuredmedia":[{"embeddable":true,"href":"https:\/\/nordicmart.andreevmaster.com\/fi\/wp-json\/wp\/v2\/media\/44617"}],"wp:attachment":[{"href":"https:\/\/nordicmart.andreevmaster.com\/fi\/wp-json\/wp\/v2\/media?parent=36318"}],"wp:term":[{"taxonomy":"product_brand","embeddable":true,"href":"https:\/\/nordicmart.andreevmaster.com\/fi\/wp-json\/wp\/v2\/product_brand?post=36318"},{"taxonomy":"product_cat","embeddable":true,"href":"https:\/\/nordicmart.andreevmaster.com\/fi\/wp-json\/wp\/v2\/product_cat?post=36318"},{"taxonomy":"product_tag","embeddable":true,"href":"https:\/\/nordicmart.andreevmaster.com\/fi\/wp-json\/wp\/v2\/product_tag?post=36318"}],"curies":[{"name":"wp","href":"https:\/\/api.w.org\/{rel}","templated":true}]}}