{"id":36314,"date":"2026-02-27T00:33:54","date_gmt":"2026-02-27T00:33:54","guid":{"rendered":"https:\/\/nordicmart.andreevmaster.com\/product\/songmics-tyotuoli-verhoiltu-verkolla-harmaa\/"},"modified":"2026-02-27T09:51:45","modified_gmt":"2026-02-27T09:51:45","slug":"songmics-tyotuoli-verhoiltu-verkolla-harmaa","status":"publish","type":"product","link":"https:\/\/nordicmart.andreevmaster.com\/fi\/tuote\/songmics-tyotuoli-verhoiltu-verkolla-harmaa\/","title":{"rendered":"SONGMICS-ty\u00f6tuoli, verhoiltu verkolla, harmaa"},"content":{"rendered":"<p>T\u00e4m\u00e4 SONGMICS:n tyylik\u00e4s toimistotuoli on moderni, kest\u00e4v\u00e4 ja edullinen, joten se sopii erinomaisesti toimistoihin ja kokoushuoneisiin. Yl\u00f6sp\u00e4in k\u00e4\u00e4nnett\u00e4v\u00e4t k\u00e4sinojat Vaahtomuovipehmusteiset, verkkop\u00e4\u00e4llysteiset k\u00e4sinojat ovat eritt\u00e4in pehme\u00e4t. Ne voidaan my\u00f6s taittaa yl\u00f6sp\u00e4in tilan s\u00e4\u00e4st\u00e4miseksi. Kallistusmekanismilla varustettu selk\u00e4noja V\u00e4hent\u00e4\u00e4 selk\u00e4rankaan kohdistuvaa painetta ja lievitt\u00e4\u00e4 v\u00e4symyst\u00e4. Vakaa ja kest\u00e4v\u00e4 Laadukas viisipistejalka ja tukevat, kulutusta kest\u00e4v\u00e4t nailonpy\u00f6r\u00e4t takaavat vakauden ja kest\u00e4vyyden. Suurin kantavuus: 150 kg. Tekniset tiedot V\u00e4ri: Harmaa Pakkauksen mitat: 66 x 65 x 28,5 cm ; 15,2 kg Asennus tarvitaan: Kyll\u00e4 Materiaali: Muovi Tyyli: Ilman p\u00e4\u00e4ntukea Koko: Istuinkorkeus: 42-50 cm Pakkaus sis\u00e4lt\u00e4\u00e4: tuoli L\u00e4hetyspaino: 15,2 kg<\/p>\n","protected":false},"excerpt":{"rendered":"<p>SONGMICS toimistotuoli, ergonominen py\u00f6riv\u00e4 tuoli, taitettavat k\u00e4sinojat, korkeuss\u00e4\u00e4t\u00f6 ja keinutoiminto, ty\u00f6tuoli kotitoimistoon tai toimistoon, musta OBN81B<\/p>\n","protected":false},"featured_media":44613,"comment_status":"open","ping_status":"closed","template":"","meta":[],"product_brand":[],"product_cat":[32],"product_tag":[],"class_list":{"0":"post-36314","1":"product","2":"type-product","3":"status-publish","4":"has-post-thumbnail","6":"product_cat-uncategorized-fi","8":"first","9":"instock","10":"shipping-taxable","11":"purchasable","12":"product-type-simple"},"_links":{"self":[{"href":"https:\/\/nordicmart.andreevmaster.com\/fi\/wp-json\/wp\/v2\/product\/36314","targetHints":{"allow":["GET"]}}],"collection":[{"href":"https:\/\/nordicmart.andreevmaster.com\/fi\/wp-json\/wp\/v2\/product"}],"about":[{"href":"https:\/\/nordicmart.andreevmaster.com\/fi\/wp-json\/wp\/v2\/types\/product"}],"replies":[{"embeddable":true,"href":"https:\/\/nordicmart.andreevmaster.com\/fi\/wp-json\/wp\/v2\/comments?post=36314"}],"wp:featuredmedia":[{"embeddable":true,"href":"https:\/\/nordicmart.andreevmaster.com\/fi\/wp-json\/wp\/v2\/media\/44613"}],"wp:attachment":[{"href":"https:\/\/nordicmart.andreevmaster.com\/fi\/wp-json\/wp\/v2\/media?parent=36314"}],"wp:term":[{"taxonomy":"product_brand","embeddable":true,"href":"https:\/\/nordicmart.andreevmaster.com\/fi\/wp-json\/wp\/v2\/product_brand?post=36314"},{"taxonomy":"product_cat","embeddable":true,"href":"https:\/\/nordicmart.andreevmaster.com\/fi\/wp-json\/wp\/v2\/product_cat?post=36314"},{"taxonomy":"product_tag","embeddable":true,"href":"https:\/\/nordicmart.andreevmaster.com\/fi\/wp-json\/wp\/v2\/product_tag?post=36314"}],"curies":[{"name":"wp","href":"https:\/\/api.w.org\/{rel}","templated":true}]}}