{"id":36312,"date":"2026-02-27T00:33:53","date_gmt":"2026-02-27T00:33:53","guid":{"rendered":"https:\/\/nordicmart.andreevmaster.com\/product\/ergonominen-toimistotuoli-verkkokankaalla\/"},"modified":"2026-02-27T09:51:45","modified_gmt":"2026-02-27T09:51:45","slug":"ergonominen-toimistotuoli-verkkokankaalla","status":"publish","type":"product","link":"https:\/\/nordicmart.andreevmaster.com\/fi\/tuote\/ergonominen-toimistotuoli-verkkokankaalla\/","title":{"rendered":"Ergonominen toimistotuoli verkkokankaalla"},"content":{"rendered":"<p>T\u00e4m\u00e4 toimistotuoli, jossa yhdistyv\u00e4t innovaatio ja mukavuus, on varustettu PU-py\u00f6rill\u00e4, jotka sopivat kaikille lattiatyypeille. Mutta se, mik\u00e4 erottaa sen muista vakiomallisista ty\u00f6tuoleista, on ergonominen muotoilu ja hengitt\u00e4v\u00e4 polyesteriverhoilu. T\u00e4m\u00e4n ergonomisen ty\u00f6tuolin avulla voit optimoida ty\u00f6ajan tuottavuutesi v\u00e4hent\u00e4m\u00e4ll\u00e4 pitk\u00e4kestoisen istumaty\u00f6n aiheuttamaa v\u00e4symyst\u00e4 ja stressi\u00e4. On ep\u00e4miellytt\u00e4v\u00e4\u00e4, kun hiki tarttuu tuoliin. Hengitt\u00e4v\u00e4n materiaalin ansiosta tuoli ei en\u00e4\u00e4 haise hielt\u00e4! Tuoli on varustettu my\u00f6s lannerangatuella, joka kevent\u00e4\u00e4 lannerangan ja selk\u00e4rangan kuormitusta. \u00c4l\u00e4 odota en\u00e4\u00e4, vaan hanki t\u00e4m\u00e4 v\u00e4ltt\u00e4m\u00e4t\u00f6n ty\u00f6v\u00e4line! Erinomainen asiakaspalvelumme on k\u00e4ytett\u00e4viss\u00e4si ennen ja j\u00e4lkeen ostoksesi ja vastaa kysymyksiisi s\u00e4hk\u00f6postitse 24 tunnin kuluessa. Prioriteettimme on varmistaa t\u00e4ydellinen tyytyv\u00e4isyytesi. Valitse SONGMICS! Tuotetiedot: &#8211; V\u00e4ri: musta &#8211; Tuotteen koko: 68,5 x 75 x (116-134) cm (L x S x K) &#8211; Istuinkorkeus: 44-54 cm &#8211; Istuimen leveys: 53 cm &#8211; Istuimen syvyys: 54 cm &#8211; K\u00e4sinojan korkeus (istuinesta): 21\u201327 cm &#8211; Selk\u00e4nojan korkeus: 71,5\u201380 cm &#8211; Jalustan halkaisija: 70 cm &#8211; Py\u00f6r\u00e4n halkaisija: 60 mm &#8211; Tapin halkaisija: 11 mm Materiaalit &#8211; Py\u00f6r\u00e4t: PU &#8211; Jalusta: nailon &#8211; K\u00e4sinojan varsi: ter\u00e4s &#8211; K\u00e4sinojan verhoilu: PU &#8211; Selk\u00e4noja: polyesteriverkko &#8211; Istuin: vaahtomuovi, polyesteriverkko &#8211; Paino: 20,5 kg &#8211; Maks. kuormituskapasiteetti: 150 kg Maks. kuormituskapasiteetti: 150 kg Toimitus sis\u00e4lt\u00e4\u00e4: &#8211; 1 x toimistotuoli &#8211; 1 x kuusiokoloavain &#8211; 1 x laitteistopussi &#8211; 1 x k\u00e4ytt\u00f6ohje (DE, EN, FR, ES, IT)<\/p>\n","protected":false},"excerpt":{"rendered":"<p>T\u00e4m\u00e4 toimistotuoli, jossa yhdistyv\u00e4t innovaatio ja mukavuus, on varustettu PU-py\u00f6rill\u00e4, jotka sopivat kaikille lattiatyypeille. Mutta se, mik\u00e4 erottaa sen muista vakiomallisista ty\u00f6tuoleista, on ergonominen muotoilu ja hengitt\u00e4v\u00e4 polyesteriverhoilu. T\u00e4m\u00e4n ergonomisen ty\u00f6tuolin avulla voit optimoida ty\u00f6ajan tuottavuutesi v\u00e4hent\u00e4m\u00e4ll\u00e4 pitk\u00e4kestoisen istumaty\u00f6n aiheuttamaa v\u00e4symyst\u00e4 ja stressi\u00e4. On ep\u00e4miellytt\u00e4v\u00e4\u00e4, kun hiki tarttuu tuoliin. Hengitt\u00e4v\u00e4n materiaalin ansiosta tuoli ei en\u00e4\u00e4 [&hellip;]<\/p>\n","protected":false},"featured_media":0,"comment_status":"open","ping_status":"closed","template":"","meta":[],"product_brand":[],"product_cat":[32],"product_tag":[],"class_list":{"0":"post-36312","1":"product","2":"type-product","3":"status-publish","5":"product_cat-uncategorized-fi","7":"first","8":"instock","9":"shipping-taxable","10":"purchasable","11":"product-type-simple"},"_links":{"self":[{"href":"https:\/\/nordicmart.andreevmaster.com\/fi\/wp-json\/wp\/v2\/product\/36312","targetHints":{"allow":["GET"]}}],"collection":[{"href":"https:\/\/nordicmart.andreevmaster.com\/fi\/wp-json\/wp\/v2\/product"}],"about":[{"href":"https:\/\/nordicmart.andreevmaster.com\/fi\/wp-json\/wp\/v2\/types\/product"}],"replies":[{"embeddable":true,"href":"https:\/\/nordicmart.andreevmaster.com\/fi\/wp-json\/wp\/v2\/comments?post=36312"}],"wp:attachment":[{"href":"https:\/\/nordicmart.andreevmaster.com\/fi\/wp-json\/wp\/v2\/media?parent=36312"}],"wp:term":[{"taxonomy":"product_brand","embeddable":true,"href":"https:\/\/nordicmart.andreevmaster.com\/fi\/wp-json\/wp\/v2\/product_brand?post=36312"},{"taxonomy":"product_cat","embeddable":true,"href":"https:\/\/nordicmart.andreevmaster.com\/fi\/wp-json\/wp\/v2\/product_cat?post=36312"},{"taxonomy":"product_tag","embeddable":true,"href":"https:\/\/nordicmart.andreevmaster.com\/fi\/wp-json\/wp\/v2\/product_tag?post=36312"}],"curies":[{"name":"wp","href":"https:\/\/api.w.org\/{rel}","templated":true}]}}