{"id":36310,"date":"2026-02-27T00:33:52","date_gmt":"2026-02-27T00:33:52","guid":{"rendered":"https:\/\/nordicmart.andreevmaster.com\/product\/songmics-yksinkertainen-toimistotuoli-jalkatuella\/"},"modified":"2026-02-27T09:51:44","modified_gmt":"2026-02-27T09:51:44","slug":"songmics-yksinkertainen-toimistotuoli-jalkatuella","status":"publish","type":"product","link":"https:\/\/nordicmart.andreevmaster.com\/fi\/tuote\/songmics-yksinkertainen-toimistotuoli-jalkatuella\/","title":{"rendered":"SONGMICS Yksinkertainen toimistotuoli jalkatuella"},"content":{"rendered":"<p>Ty\u00f6 on t\u00e4rke\u00e4 osa el\u00e4m\u00e4\u00e4mme. Mutta toimistossa selviytyminen ei ole aina helppoa. SONGMICS haluaa auttaa sinua t\u00e4ss\u00e4 toimistotuolilla. Se kest\u00e4\u00e4 jopa 150 kg:n painon ja on ergonomisesti muotoiltu.T\u00e4ss\u00e4 ovat johtajan tuolin edut: Korkeuss\u00e4\u00e4dett\u00e4v\u00e4 360\u00b0 py\u00f6riv\u00e4 tuoli Istuin on pehmustettu tihe\u00e4ll\u00e4 Reflex-vaahtomuovilla Hengitt\u00e4v\u00e4, taaksep\u00e4in kallistuva ja lukittava selk\u00e4noja verkkokankaalla Keinutoiminto, jonka avulla istuinta ja selk\u00e4nojaa voidaan liikuttaa yhdess\u00e4 Pehmustettu jalkatuki voidaan vet\u00e4\u00e4 ulos jopa 42 cm. Se on hieman kallistettu, jotta se mukautuu optimaalisesti jalkojesi muotoihin. Keinonahkaiset k\u00e4sinojat; s\u00e4\u00e4dett\u00e4viss\u00e4 yl\u00f6s ja alas. Korkeuss\u00e4\u00e4dett\u00e4v\u00e4 p\u00e4\u00e4ntuki. Korkeuss\u00e4\u00e4dett\u00e4v\u00e4 lanneratuki. 360\u00b0 k\u00e4\u00e4ntyv\u00e4t nyloniset universaalipy\u00f6r\u00e4t. Asennus onnistuu ilman lis\u00e4ty\u00f6kaluja. Tarvitset vain toimitukseen sis\u00e4ltyv\u00e4n kuusiokoloavaimen. Tuo mukavuutta arkeesi ja pid\u00e4 motivaatiosi yll\u00e4 t\u00e4ll\u00e4 SONGMICS-ty\u00f6tuolilla! Tuotetiedot: V\u00e4ri: musta Materiaali: korkeatihe\u00e4 Reflex-vaahtomuovi, verkkokangas, nyloninen t\u00e4htijalka, nyloniset universaalipy\u00f6r\u00e4t, keinonahkaiset k\u00e4sinojat Koko: 68,5 x 70 x (116-133) cm (P x L x K) Paino: 18,5 kg Maks. staattinen kantavuus: 150 kg Toimitus sis\u00e4lt\u00e4\u00e4: 1 x toimistotuoli 1 x kuusiokoloavain 1 x s\u00e4ilytyslaatikko lis\u00e4varusteille 1 x ohjeet (DE, EN, FR, ES, IT) SONGMICS-ohjeet:\u00c4l\u00e4 istu tuolin reunalla, jotta tuoli ei kaadu.<\/p>\n","protected":false},"excerpt":{"rendered":"<p>SONGMICS Ergonominen toimistotuoli jalkatuella, ty\u00f6tuoli lannerangatuella, s\u00e4\u00e4dett\u00e4v\u00e4 p\u00e4\u00e4ntuki ja k\u00e4sinojat, korkeuss\u00e4\u00e4t\u00f6 ja keinutoiminto, kantavuus 150 kg, musta OBN61BKV1<\/p>\n","protected":false},"featured_media":44611,"comment_status":"open","ping_status":"closed","template":"","meta":[],"product_brand":[],"product_cat":[32],"product_tag":[],"class_list":{"0":"post-36310","1":"product","2":"type-product","3":"status-publish","4":"has-post-thumbnail","6":"product_cat-uncategorized-fi","8":"first","9":"instock","10":"shipping-taxable","11":"purchasable","12":"product-type-simple"},"_links":{"self":[{"href":"https:\/\/nordicmart.andreevmaster.com\/fi\/wp-json\/wp\/v2\/product\/36310","targetHints":{"allow":["GET"]}}],"collection":[{"href":"https:\/\/nordicmart.andreevmaster.com\/fi\/wp-json\/wp\/v2\/product"}],"about":[{"href":"https:\/\/nordicmart.andreevmaster.com\/fi\/wp-json\/wp\/v2\/types\/product"}],"replies":[{"embeddable":true,"href":"https:\/\/nordicmart.andreevmaster.com\/fi\/wp-json\/wp\/v2\/comments?post=36310"}],"wp:featuredmedia":[{"embeddable":true,"href":"https:\/\/nordicmart.andreevmaster.com\/fi\/wp-json\/wp\/v2\/media\/44611"}],"wp:attachment":[{"href":"https:\/\/nordicmart.andreevmaster.com\/fi\/wp-json\/wp\/v2\/media?parent=36310"}],"wp:term":[{"taxonomy":"product_brand","embeddable":true,"href":"https:\/\/nordicmart.andreevmaster.com\/fi\/wp-json\/wp\/v2\/product_brand?post=36310"},{"taxonomy":"product_cat","embeddable":true,"href":"https:\/\/nordicmart.andreevmaster.com\/fi\/wp-json\/wp\/v2\/product_cat?post=36310"},{"taxonomy":"product_tag","embeddable":true,"href":"https:\/\/nordicmart.andreevmaster.com\/fi\/wp-json\/wp\/v2\/product_tag?post=36310"}],"curies":[{"name":"wp","href":"https:\/\/api.w.org\/{rel}","templated":true}]}}