{"id":36309,"date":"2026-02-27T00:33:52","date_gmt":"2026-02-27T00:33:52","guid":{"rendered":"https:\/\/nordicmart.andreevmaster.com\/product\/ergonominen-tyotuoli-jalkatuella-tyopoytatuoli-lannerangatuella-saadettavalla-niskatuella-ja-kasinojilla-korkeussaato-ja-kallistustoiminto-enimmaiskuormitus-150-kg-musta\/"},"modified":"2026-02-27T09:51:44","modified_gmt":"2026-02-27T09:51:44","slug":"ergonominen-tyotuoli-jalkatuella-tyopoytatuoli-lannerangatuella-saadettavalla-niskatuella-ja-kasinojilla-korkeussaato-ja-kallistustoiminto-enimmaiskuormitus-150-kg-musta","status":"publish","type":"product","link":"https:\/\/nordicmart.andreevmaster.com\/fi\/tuote\/ergonominen-tyotuoli-jalkatuella-tyopoytatuoli-lannerangatuella-saadettavalla-niskatuella-ja-kasinojilla-korkeussaato-ja-kallistustoiminto-enimmaiskuormitus-150-kg-musta\/","title":{"rendered":"Ergonominen ty\u00f6tuoli jalkatuella, ty\u00f6p\u00f6yt\u00e4tuoli lannerangatuella, s\u00e4\u00e4dett\u00e4v\u00e4ll\u00e4 niskatuella ja k\u00e4sinojilla, korkeuss\u00e4\u00e4t\u00f6 ja kallistustoiminto, enimm\u00e4iskuormitus 150 kg, musta"},"content":{"rendered":"<p>Tank energi: Kontorarbejde kan tr\u00e6kke ud i det uendelige, n\u00e5r du sidder p\u00e5 en ukomfortabel stol. Denne kontorstol fra Songmics er polstret med skum med h\u00f8j densitet og et \u00e5ndbart rygl\u00e6n og giver den rette motivation til kontorets helte.<\/p>\n<p>Har du brug for en lille pause? K\u00e4yt\u00e4 42 cm:n pituista, ulosvedett\u00e4v\u00e4\u00e4 pehmustettua jalkatukea ja lep\u00e4\u00e4 muutama minuutti, jotta voit palata virke\u00e4n\u00e4 takaisin t\u00f6ihin.<\/p>\n<p>K\u00e4ytt\u00e4j\u00e4yst\u00e4v\u00e4llinen muotoilu: T\u00e4m\u00e4n tietokonetuolin korkeutta voi s\u00e4\u00e4t\u00e4\u00e4, ja lis\u00e4ksi kallistusmekanismin avulla voit l\u00f6yt\u00e4\u00e4 itsellesi sopivan asennon. Keinonahkaiset k\u00e4sinojat sek\u00e4 lanne- ja niskatuki ovat my\u00f6s siirrett\u00e4viss\u00e4.<\/p>\n<p>Turvallinen ja varma: Toimistotuolissa on tukeva ter\u00e4ksinen t\u00e4htijalka ja nailonpy\u00f6r\u00e4t, joten voit liu&#8217;uttaa sit\u00e4 sujuvasti ty\u00f6huoneessasi. Kaasupullo on my\u00f6s l\u00e4p\u00e4issyt T\u00dcV Rheinlandin EN16955:2017-04, luokka 3 -testin (raportti nro: 94625173_06, omistaja: toimittaja).<\/p>\n<p>Etk\u00f6 ole viel\u00e4k\u00e4\u00e4n tyytyv\u00e4inen? Asiakaspalvelumme on aina valmiina kuuntelemaan sinua. Joten varusta ty\u00f6alueesi t\u00e4ll\u00e4 mukavalla ty\u00f6tuolilla!<\/p>\n<p>Ty\u00f6mme on t\u00e4rke\u00e4 osa el\u00e4m\u00e4\u00e4mme. Mutta toimistossa selviytyminen ei ole niin helppoa. SONGMICS haluaa siksi tukea sinua t\u00e4ll\u00e4 ty\u00f6tuolilla. Se kest\u00e4\u00e4 jopa 150 kg:n painon ja on ergonomisesti muotoiltu. T\u00e4ss\u00e4 ovat pomotuolin edut:Korkeuss\u00e4\u00e4dett\u00e4v\u00e4 360\u00b0 k\u00e4\u00e4ntyv\u00e4 tuoli Istuin pehmustettu tihe\u00e4ll\u00e4 refleksivaahdolla Hengitt\u00e4v\u00e4, taaksep\u00e4in kallistuva ja lukittava selk\u00e4noja verkkokankaalla Rocker-toiminto, jonka ansiosta istuin ja selk\u00e4noja liikkuvat yhdess\u00e4 Pehmustettu jalkatuki voidaan pident\u00e4\u00e4 jopa 42 cm. Se on hieman kallistettu, joten se mukautuu t\u00e4ydellisesti jalkojesi kaarevuuteen. Keinotekoinen nahkaiset k\u00e4sinojat; s\u00e4\u00e4dett\u00e4viss\u00e4 yl\u00f6s ja alas. Korkeuss\u00e4\u00e4dett\u00e4v\u00e4 niskatuki. Korkeuss\u00e4\u00e4dett\u00e4v\u00e4 lanneratuki. Nyloniset yleispy\u00f6r\u00e4t, jotka k\u00e4\u00e4ntyv\u00e4t 360\u00b0. Asennus on mahdollista ilman lis\u00e4ty\u00f6kaluja. Tarvitset vain mukana toimitetun kuusiokoloavaimen. Tuo hieman viihtyisyytt\u00e4 toimistop\u00e4iv\u00e4\u00e4si ja pid\u00e4 motivaatio yll\u00e4 t\u00e4ll\u00e4 SONGMICS-toimistotuolilla!Tuotetiedot: V\u00e4ri: Musta Materiaali: Tihe\u00e4 heijastava vaahtomuovi, verkkokangas, nyloninen t\u00e4htijalka, nyloniset universaalipy\u00f6r\u00e4t, keinonahkaiset k\u00e4sinojat Koko: 68,5 x 70 x (116-133) cm (P x L x K)Paino: 18,5 kg Maks. staattinen kantavuus: 150 kg Toimitus sis\u00e4lt\u00e4\u00e4: 1 x toimistotuoli 1 x kuusiokoloavain 1 x s\u00e4ilytyslaatikko tarvikkeille 1 x k\u00e4ytt\u00f6ohje (DE, EN, FR, ES, IT) SONGMICS Huomautukset: \u00c4l\u00e4 istu istuimen reunalla, jotta tuoli ei kaadu.<\/p>\n","protected":false},"excerpt":{"rendered":"<p>Tank energi: Kontorarbejde kan tr\u00e6kke ud i det uendelige, n\u00e5r du sidder p\u00e5 en ukomfortabel stol. Denne kontorstol fra Songmics er polstret med skum med h\u00f8j densitet og et \u00e5ndbart rygl\u00e6n og giver den rette motivation til kontorets helte. Har du brug for en lille pause? K\u00e4yt\u00e4 42 cm:n pituista, ulosvedett\u00e4v\u00e4\u00e4 pehmustettua jalkatukea ja lep\u00e4\u00e4 [&hellip;]<\/p>\n","protected":false},"featured_media":0,"comment_status":"open","ping_status":"closed","template":"","meta":[],"product_brand":[],"product_cat":[32],"product_tag":[],"class_list":{"0":"post-36309","1":"product","2":"type-product","3":"status-publish","5":"product_cat-uncategorized-fi","7":"first","8":"instock","9":"shipping-taxable","10":"product-type-simple"},"_links":{"self":[{"href":"https:\/\/nordicmart.andreevmaster.com\/fi\/wp-json\/wp\/v2\/product\/36309","targetHints":{"allow":["GET"]}}],"collection":[{"href":"https:\/\/nordicmart.andreevmaster.com\/fi\/wp-json\/wp\/v2\/product"}],"about":[{"href":"https:\/\/nordicmart.andreevmaster.com\/fi\/wp-json\/wp\/v2\/types\/product"}],"replies":[{"embeddable":true,"href":"https:\/\/nordicmart.andreevmaster.com\/fi\/wp-json\/wp\/v2\/comments?post=36309"}],"wp:attachment":[{"href":"https:\/\/nordicmart.andreevmaster.com\/fi\/wp-json\/wp\/v2\/media?parent=36309"}],"wp:term":[{"taxonomy":"product_brand","embeddable":true,"href":"https:\/\/nordicmart.andreevmaster.com\/fi\/wp-json\/wp\/v2\/product_brand?post=36309"},{"taxonomy":"product_cat","embeddable":true,"href":"https:\/\/nordicmart.andreevmaster.com\/fi\/wp-json\/wp\/v2\/product_cat?post=36309"},{"taxonomy":"product_tag","embeddable":true,"href":"https:\/\/nordicmart.andreevmaster.com\/fi\/wp-json\/wp\/v2\/product_tag?post=36309"}],"curies":[{"name":"wp","href":"https:\/\/api.w.org\/{rel}","templated":true}]}}