{"id":36308,"date":"2026-02-27T00:33:52","date_gmt":"2026-02-27T00:33:52","guid":{"rendered":"https:\/\/nordicmart.andreevmaster.com\/product\/songmics-ergonominen-tietokonetuoli\/"},"modified":"2026-02-27T09:51:44","modified_gmt":"2026-02-27T09:51:44","slug":"songmics-ergonominen-tietokonetuoli","status":"publish","type":"product","link":"https:\/\/nordicmart.andreevmaster.com\/fi\/tuote\/songmics-ergonominen-tietokonetuoli\/","title":{"rendered":"SONGMICS Ergonominen tietokonetuoli"},"content":{"rendered":"<p>Kallistuskulman s\u00e4\u00e4t\u00e4minen: Kallistuskulman s\u00e4\u00e4t\u00e4miseksi sinun on ensin asetettava tuolin selk\u00e4noja pystyasentoon (90\u00b0). Ved\u00e4 sitten tuolin sivussa olevaa vipua ulosp\u00e4in. Nyt voit kallistaa selk\u00e4nojaa taaksep\u00e4in 90\u00b0\u2013120\u00b0 v\u00e4lille. Paina vipua sis\u00e4\u00e4np\u00e4in lukitaksesi selk\u00e4nojan haluttuun asentoon. Vastusasetus: S\u00e4\u00e4d\u00e4 kallistuskulman vastusta k\u00e4\u00e4nt\u00e4m\u00e4ll\u00e4 py\u00f6re\u00e4\u00e4 ruuvikahvaa tuolin alaosassa. K\u00e4\u00e4nn\u00e4 kahvaa my\u00f6t\u00e4p\u00e4iv\u00e4\u00e4n v\u00e4hent\u00e4\u00e4ksesi vastusta; kierr\u00e4 kahvaa vastap\u00e4iv\u00e4\u00e4n lis\u00e4t\u00e4ksesi vastusta. Tuotetiedot: V\u00e4ri: musta Materiaali: muovi, vaahtomuovi, nailon, ter\u00e4s Koko: Korkeus: 116\u2013126 cm Leveys ja syvyys: 65 x 53 cm Istuimen korkeus (lattiasta): 44\u201354 cm Istuimen mitat: 52 x 50 cm Selk\u00e4nojan korkeus ja leveys: 72 x 45 cm K\u00e4sinojien korkeus (istuinpinnasta): 20\u201330 cm P\u00e4\u00e4n tuen mitat: 43 x 20 cm Paino: 15,4 kg Maks. staattinen kantavuus: 120 kgToimitus sis\u00e4lt\u00e4\u00e4:1 x verkkop\u00e4\u00e4llysteinen ty\u00f6tuoli1 x kuusiokoloavain1 x lis\u00e4varusteet1 x ohjeet (DE, EN, IT, FR, ES)SONGMICS-ohjeet:\u00c4l\u00e4 altista tuotetta suoralle auringonvalolle pitk\u00e4ksi aikaa.Pid\u00e4 tuote poissa ter\u00e4vien ja ter\u00e4vien esineiden l\u00e4heisyydest\u00e4, jotta sen pinta ei vahingoitu.<\/p>\n","protected":false},"excerpt":{"rendered":"<p>SONGMICS toimistotuoli, ty\u00f6tuoli verkkokankaalla, ergonominen tietokonetuoli, 360\u00b0 k\u00e4\u00e4ntyv\u00e4 tuoli, s\u00e4\u00e4dett\u00e4v\u00e4 lanneratatuki, p\u00e4\u00e4ntuki, lukittava kallistuskulma 120\u00b0 asti, musta OBN55BK<\/p>\n","protected":false},"featured_media":44610,"comment_status":"open","ping_status":"closed","template":"","meta":[],"product_brand":[],"product_cat":[32],"product_tag":[],"class_list":{"0":"post-36308","1":"product","2":"type-product","3":"status-publish","4":"has-post-thumbnail","6":"product_cat-uncategorized-fi","8":"first","9":"instock","10":"shipping-taxable","11":"purchasable","12":"product-type-simple"},"_links":{"self":[{"href":"https:\/\/nordicmart.andreevmaster.com\/fi\/wp-json\/wp\/v2\/product\/36308","targetHints":{"allow":["GET"]}}],"collection":[{"href":"https:\/\/nordicmart.andreevmaster.com\/fi\/wp-json\/wp\/v2\/product"}],"about":[{"href":"https:\/\/nordicmart.andreevmaster.com\/fi\/wp-json\/wp\/v2\/types\/product"}],"replies":[{"embeddable":true,"href":"https:\/\/nordicmart.andreevmaster.com\/fi\/wp-json\/wp\/v2\/comments?post=36308"}],"wp:featuredmedia":[{"embeddable":true,"href":"https:\/\/nordicmart.andreevmaster.com\/fi\/wp-json\/wp\/v2\/media\/44610"}],"wp:attachment":[{"href":"https:\/\/nordicmart.andreevmaster.com\/fi\/wp-json\/wp\/v2\/media?parent=36308"}],"wp:term":[{"taxonomy":"product_brand","embeddable":true,"href":"https:\/\/nordicmart.andreevmaster.com\/fi\/wp-json\/wp\/v2\/product_brand?post=36308"},{"taxonomy":"product_cat","embeddable":true,"href":"https:\/\/nordicmart.andreevmaster.com\/fi\/wp-json\/wp\/v2\/product_cat?post=36308"},{"taxonomy":"product_tag","embeddable":true,"href":"https:\/\/nordicmart.andreevmaster.com\/fi\/wp-json\/wp\/v2\/product_tag?post=36308"}],"curies":[{"name":"wp","href":"https:\/\/api.w.org\/{rel}","templated":true}]}}