{"id":36305,"date":"2026-02-27T00:33:51","date_gmt":"2026-02-27T00:33:51","guid":{"rendered":"https:\/\/nordicmart.andreevmaster.com\/product\/ergonominen-toimisto-ja-tyotuoli-jossa-on-lannerangan-tuki-kaantyva-tietokonetuoli-jossa-on-saadettava-niskatuki-ja-kasinojat-keinutoiminto-ja-korkeussaato-musta-2\/"},"modified":"2026-02-27T09:51:44","modified_gmt":"2026-02-27T09:51:44","slug":"ergonominen-toimisto-ja-tyotuoli-jossa-on-lannerangan-tuki-kaantyva-tietokonetuoli-jossa-on-saadettava-niskatuki-ja-kasinojat-keinutoiminto-ja-korkeussaato-musta-2","status":"publish","type":"product","link":"https:\/\/nordicmart.andreevmaster.com\/fi\/tuote\/ergonominen-toimisto-ja-tyotuoli-jossa-on-lannerangan-tuki-kaantyva-tietokonetuoli-jossa-on-saadettava-niskatuki-ja-kasinojat-keinutoiminto-ja-korkeussaato-musta-2\/","title":{"rendered":"Ergonominen toimisto- ja ty\u00f6tuoli, jossa on lannerangan tuki, k\u00e4\u00e4ntyv\u00e4 tietokonetuoli, jossa on s\u00e4\u00e4dett\u00e4v\u00e4 niskatuki ja k\u00e4sinojat, keinutoiminto ja korkeuss\u00e4\u00e4t\u00f6, musta"},"content":{"rendered":"<p>Istu ja ty\u00f6skentele paremmin: S\u00e4\u00e4dett\u00e4v\u00e4n p\u00e4\u00e4ntuen, jousipehmustetun istuimen ja leve\u00e4n selk\u00e4nojan ansiosta voit istua mukavasti. Hy\u00f6tyilet terveest\u00e4 istuma-asennosta, kun sinun on keskitytt\u00e4v\u00e4 t\u00e4ysin ty\u00f6h\u00f6n.T\u00e4ysin s\u00e4\u00e4dett\u00e4viss\u00e4: P\u00e4\u00e4ntuen lis\u00e4ksi my\u00f6s istuimen korkeus, k\u00e4sinojat ja lannerangan tuki ovat s\u00e4\u00e4dett\u00e4viss\u00e4 erilaisiin tarpeisiin. Lis\u00e4ksi voit rentoutua t\u00e4m\u00e4n toimistotuolin kallistusmekanismin ansiosta.Luotettava istuimesi: Viiden t\u00e4hden laatua oleva t\u00e4htijalusta kest\u00e4isi keskiluokan auton painon. T\u00dcV-testattu kaasunostin (se t\u00e4ytt\u00e4\u00e4 DIN 4550:2004-12, luokka 3; nro 162821, sertifikaatin haltija: toimittaja) takaa lis\u00e4\u00e4 turvallisuutta. T\u00e4m\u00e4n toimistotuolin kantavuus on 120 kg.<\/p>\n<p>Helppo asentaa: Yksityiskohtaisten ohjeiden avulla voit asentaa 15 minuutissa. Jokaisen ruuvin mukana tulee vararuuvi.<\/p>\n<p>&#8211; \u00c4l\u00e4 mieti liian kauan &#8211; kokeile vain.<\/p>\n<p>Ominaisuudet:-V\u00e4ri: Musta &amp; Harmaa-Materiaalit:- T\u00e4htipohja: Materiaalit: Nylon- K\u00e4sinojan runko: Polypropeenimuovi- K\u00e4sinojan pinta: Polyuretaani- Selk\u00e4noja: Polypropeenimuovi, verkkokangas (polyesteri)- Istuin: Panneax, vaahtomuovi, polyesteri- Rattaat: Nailon- Kaasujousi: Ter\u00e4s- Tarjotin: Ter\u00e4s-Tuotteen mitat- Nojatuolin korkeus: 120-133 cm- Istuinkorkeus: 45-55 cm- Istuimen leveys: 53 cm- Istuimen syvyys: 52 cm- K\u00e4sinojan\/istuimen korkeus: 17-26 cm- Selk\u00e4nojan korkeus: 77\u201381,5 cm \u2013 T\u00e4htijalan halkaisija: 70 cm \u2013 Tuotteen paino: 14,7 kg \u2013 Maksimikuorma: 120 kg Toimitus: \u2013 1 x verkkotuoli \u2013 1 x kuusiokoloavain \u2013 1 x tarvikepussi \u2013 1 x asennusohjeet (FR, DE, EN, ES, IT).<\/p>\n","protected":false},"excerpt":{"rendered":"<p>Istu ja ty\u00f6skentele paremmin: S\u00e4\u00e4dett\u00e4v\u00e4n p\u00e4\u00e4ntuen, jousipehmustetun istuimen ja leve\u00e4n selk\u00e4nojan ansiosta voit istua mukavasti. Hy\u00f6tyilet terveest\u00e4 istuma-asennosta, kun sinun on keskitytt\u00e4v\u00e4 t\u00e4ysin ty\u00f6h\u00f6n.T\u00e4ysin s\u00e4\u00e4dett\u00e4viss\u00e4: P\u00e4\u00e4ntuen lis\u00e4ksi my\u00f6s istuimen korkeus, k\u00e4sinojat ja lannerangan tuki ovat s\u00e4\u00e4dett\u00e4viss\u00e4 erilaisiin tarpeisiin. Lis\u00e4ksi voit rentoutua t\u00e4m\u00e4n toimistotuolin kallistusmekanismin ansiosta.Luotettava istuimesi: Viiden t\u00e4hden laatua oleva t\u00e4htijalusta kest\u00e4isi keskiluokan auton painon. [&hellip;]<\/p>\n","protected":false},"featured_media":0,"comment_status":"open","ping_status":"closed","template":"","meta":[],"product_brand":[],"product_cat":[32],"product_tag":[],"class_list":{"0":"post-36305","1":"product","2":"type-product","3":"status-publish","5":"product_cat-uncategorized-fi","7":"first","8":"instock","9":"shipping-taxable","10":"product-type-simple"},"_links":{"self":[{"href":"https:\/\/nordicmart.andreevmaster.com\/fi\/wp-json\/wp\/v2\/product\/36305","targetHints":{"allow":["GET"]}}],"collection":[{"href":"https:\/\/nordicmart.andreevmaster.com\/fi\/wp-json\/wp\/v2\/product"}],"about":[{"href":"https:\/\/nordicmart.andreevmaster.com\/fi\/wp-json\/wp\/v2\/types\/product"}],"replies":[{"embeddable":true,"href":"https:\/\/nordicmart.andreevmaster.com\/fi\/wp-json\/wp\/v2\/comments?post=36305"}],"wp:attachment":[{"href":"https:\/\/nordicmart.andreevmaster.com\/fi\/wp-json\/wp\/v2\/media?parent=36305"}],"wp:term":[{"taxonomy":"product_brand","embeddable":true,"href":"https:\/\/nordicmart.andreevmaster.com\/fi\/wp-json\/wp\/v2\/product_brand?post=36305"},{"taxonomy":"product_cat","embeddable":true,"href":"https:\/\/nordicmart.andreevmaster.com\/fi\/wp-json\/wp\/v2\/product_cat?post=36305"},{"taxonomy":"product_tag","embeddable":true,"href":"https:\/\/nordicmart.andreevmaster.com\/fi\/wp-json\/wp\/v2\/product_tag?post=36305"}],"curies":[{"name":"wp","href":"https:\/\/api.w.org\/{rel}","templated":true}]}}