{"id":36304,"date":"2026-02-27T00:33:51","date_gmt":"2026-02-27T00:33:51","guid":{"rendered":"https:\/\/nordicmart.andreevmaster.com\/product\/songmics-ergonominen-pyoriva-tuoli\/"},"modified":"2026-02-27T09:51:43","modified_gmt":"2026-02-27T09:51:43","slug":"songmics-ergonominen-pyoriva-tuoli","status":"publish","type":"product","link":"https:\/\/nordicmart.andreevmaster.com\/fi\/tuote\/songmics-ergonominen-pyoriva-tuoli\/","title":{"rendered":"SONGMICS Ergonominen py\u00f6riv\u00e4 tuoli"},"content":{"rendered":"<p>Ty\u00f6tuoli, joka tarjoaa mukavuutta ja hyvinvointia. T\u00e4m\u00e4 py\u00f6riv\u00e4 ty\u00f6tuoli on varustettu nailonrullilla. Mutta se, mik\u00e4 erottaa sen muista tavallisista ty\u00f6tuoleista, on sen ergonomia ja verkkokangas. T\u00e4m\u00e4 ergonominen toimistotuoli auttaa sinua maksimoimaan tuottavuutesi ty\u00f6aikana v\u00e4hent\u00e4m\u00e4ll\u00e4 pitk\u00e4\u00e4n istumisesta johtuvaa v\u00e4symyst\u00e4 ja stressi\u00e4. Se on valmistettu hikoilua est\u00e4v\u00e4st\u00e4 verkkokankaasta. Olemme kyll\u00e4styneet hikoilemaan tuoliin kiinni. Hengitt\u00e4v\u00e4n verkon ansiosta ik\u00e4v\u00e4 hikoilun haju on vihdoin historiaa! Tuoli on varustettu my\u00f6s lannerangatuella ja kolmella vivulla, joilla voi s\u00e4\u00e4t\u00e4\u00e4 istuinta, selk\u00e4nojaa sek\u00e4 selk\u00e4nojaa ja istuinta samanaikaisesti. Pehme\u00e4t PU-k\u00e4sinojat ovat korkeuss\u00e4\u00e4dett\u00e4v\u00e4t. \u00c4l\u00e4 odota en\u00e4\u00e4, vaan hanki t\u00e4m\u00e4 v\u00e4ltt\u00e4m\u00e4t\u00f6n ty\u00f6v\u00e4line! Erinomainen asiakaspalvelumme on k\u00e4ytett\u00e4viss\u00e4si ennen ja j\u00e4lkeen ostoksesi ja vastaa kysymyksiisi s\u00e4hk\u00f6postitse 24 tunnin kuluessa. Prioriteettimme on, ett\u00e4 olet t\u00e4ysin tyytyv\u00e4inen, ja siksi takaamme sen sinulle. Valitse SONGMICS! Tuotetiedot: &#8211; V\u00e4ri: musta &#8211; Tuotteen koko: &#8211; Kokonaiskorkeus: 96-105,5 cm &#8211; Leveys: 67 cm &#8211; Syvyys: 63 cm &#8211; Istuinkorkeus: 45\u201354,5 cm &#8211; Istuimen leveys: 49 cm &#8211; Istuimen syvyys: 45 cm &#8211; K\u00e4sinojien korkeus (istuinpinnasta): 22,5\u201330 cm &#8211; Selk\u00e4nojan korkeus: 48\u201355 cm &#8211; Jalkaristin halkaisija: 66 cm &#8211; Py\u00f6rien halkaisija: 50 mm &#8211; Tapin halkaisija: 11 mm Materiaalit &#8211; Jalkaristi: Nailon &#8211; K\u00e4sinojien varsi: Ter\u00e4s &#8211; K\u00e4sinojien verhoilu: PU &#8211; Selk\u00e4noja: Polyesteriverkko &#8211; Istuin: Vaahtomuovi, polyesteriverkko &#8211; Paino: 18,1 kg &#8211; Maks. kantavuus: 120 kg Toimitus sis\u00e4lt\u00e4\u00e4: &#8211; 1 x ty\u00f6tuoli &#8211; 1 x kuusiokoloavain &#8211; 1 x kiinnitystarvikepussi &#8211; 1 x ohjeet (DE, EN, FR, ES, IT)<\/p>\n","protected":false},"excerpt":{"rendered":"<p>SONGMICS-ty\u00f6tuoli, ergonominen py\u00f6riv\u00e4 tuoli, verkkokankaasta valmistettu ty\u00f6tuoli, korkeuss\u00e4\u00e4dett\u00e4v\u00e4 selk\u00e4noja, 3 s\u00e4\u00e4t\u00f6vipua, lanneratatuki ja s\u00e4\u00e4dett\u00e4v\u00e4t PU-k\u00e4sinojat, OBN52BK<\/p>\n","protected":false},"featured_media":44607,"comment_status":"open","ping_status":"closed","template":"","meta":[],"product_brand":[],"product_cat":[32],"product_tag":[],"class_list":{"0":"post-36304","1":"product","2":"type-product","3":"status-publish","4":"has-post-thumbnail","6":"product_cat-uncategorized-fi","8":"first","9":"instock","10":"shipping-taxable","11":"purchasable","12":"product-type-simple"},"_links":{"self":[{"href":"https:\/\/nordicmart.andreevmaster.com\/fi\/wp-json\/wp\/v2\/product\/36304","targetHints":{"allow":["GET"]}}],"collection":[{"href":"https:\/\/nordicmart.andreevmaster.com\/fi\/wp-json\/wp\/v2\/product"}],"about":[{"href":"https:\/\/nordicmart.andreevmaster.com\/fi\/wp-json\/wp\/v2\/types\/product"}],"replies":[{"embeddable":true,"href":"https:\/\/nordicmart.andreevmaster.com\/fi\/wp-json\/wp\/v2\/comments?post=36304"}],"wp:featuredmedia":[{"embeddable":true,"href":"https:\/\/nordicmart.andreevmaster.com\/fi\/wp-json\/wp\/v2\/media\/44607"}],"wp:attachment":[{"href":"https:\/\/nordicmart.andreevmaster.com\/fi\/wp-json\/wp\/v2\/media?parent=36304"}],"wp:term":[{"taxonomy":"product_brand","embeddable":true,"href":"https:\/\/nordicmart.andreevmaster.com\/fi\/wp-json\/wp\/v2\/product_brand?post=36304"},{"taxonomy":"product_cat","embeddable":true,"href":"https:\/\/nordicmart.andreevmaster.com\/fi\/wp-json\/wp\/v2\/product_cat?post=36304"},{"taxonomy":"product_tag","embeddable":true,"href":"https:\/\/nordicmart.andreevmaster.com\/fi\/wp-json\/wp\/v2\/product_tag?post=36304"}],"curies":[{"name":"wp","href":"https:\/\/api.w.org\/{rel}","templated":true}]}}