{"id":36301,"date":"2026-02-27T00:33:50","date_gmt":"2026-02-27T00:33:50","guid":{"rendered":"https:\/\/nordicmart.andreevmaster.com\/product\/songmics-toimistotuoli-jossa-on-ylos-nostettavat-kasinojat\/"},"modified":"2026-02-27T09:51:43","modified_gmt":"2026-02-27T09:51:43","slug":"songmics-toimistotuoli-jossa-on-ylos-nostettavat-kasinojat","status":"publish","type":"product","link":"https:\/\/nordicmart.andreevmaster.com\/fi\/tuote\/songmics-toimistotuoli-jossa-on-ylos-nostettavat-kasinojat\/","title":{"rendered":"SONGMICS toimistotuoli, jossa on yl\u00f6s nostettavat k\u00e4sinojat"},"content":{"rendered":"<p>Lis\u00e4ys ajatushautomoosi Tulevatko parhaat ideasi, kun istut illalla ty\u00f6p\u00f6yd\u00e4n \u00e4\u00e4ress\u00e4, kupillinen teet\u00e4 ja keksej\u00e4 vieress\u00e4si ja kuunvalo loistaa lempe\u00e4sti ty\u00f6huoneeseesi? \u00c4l\u00e4 sitten tuhoa t\u00e4t\u00e4 luovaa ilmapiiri\u00e4 ep\u00e4mukavalla ty\u00f6tuolilla! Hemmottele itse\u00e4si t\u00e4ll\u00e4 hyvin pehmustetulla SONGMICS-ty\u00f6tuolilla ja keinuta edestakaisin nopeuttaaksesi ajatteluprosessiasi. Jos kuitenkin tarvitset luovan tauon, voit nojata mukavasti verkkokankaalla p\u00e4\u00e4llystettyyn selk\u00e4nojaan; s\u00e4\u00e4dett\u00e4v\u00e4 lanneratuki ja leve\u00e4 istuin takaavat sinulle tukevan ja mukavan istuimen. Muita t\u00e4m\u00e4n ty\u00f6tuolin etuja yhdell\u00e4 silm\u00e4yksell\u00e4: &#8211; Yl\u00f6s nostettavat k\u00e4sinojat; ty\u00f6nn\u00e4 tietokonetuoli tilaa s\u00e4\u00e4st\u00e4en ty\u00f6p\u00f6yd\u00e4n alle &#8211; Tukeva ter\u00e4ksinen jalustan ristikkorakenne ja nailonrullat; takaa parhaan vakauden jopa 120 kg:n painolle &#8211; 15\u00b0 keinutoiminto; vastus s\u00e4\u00e4dett\u00e4viss\u00e4 &#8211; Hengitt\u00e4v\u00e4 verkkop\u00e4\u00e4llinen Tuotetiedot: &#8211; V\u00e4ri: musta &#8211; Materiaali: muovi, vaahtomuovi, nailon, ter\u00e4s &#8211; Koko: kokonaiskoko: 66 x 60 x (99-107) cm (P x L x K) istuimen korkeus (lattiasta): 46\u201354 cm Istuimen mitat: 53 x 53 cm Selk\u00e4nojan korkeus ja leveys: 53 x 51 cm K\u00e4sinojien korkeus (istuinpinnasta): 22 cm &#8211; Maks. staattinen kantavuus: 120 kg Toimitus sis\u00e4lt\u00e4\u00e4:- 1 x verkkop\u00e4\u00e4llysteinen ty\u00f6tuoli &#8211; 1 x kuusiokoloavain &#8211; 1 x lis\u00e4varusteet &#8211; 1 x ohjeet (DE, EN, IT, FR, ES) SONGMICS-ohjeet: &#8211; \u00c4l\u00e4 altista tuotetta suoralle auringonvalolle pitk\u00e4ksi aikaa. &#8211; Pid\u00e4 tuote poissa ter\u00e4vien ja ter\u00e4vien esineiden l\u00e4heisyydest\u00e4, jotta sen pinta ei vahingoitu.Tuotekuvaus<\/p>\n","protected":false},"excerpt":{"rendered":"<p>SONGMICS toimistotuoli, jossa on yl\u00f6s nostettavat k\u00e4sinojat, ty\u00f6tuoli verkkokankaalla, ergonominen tietokonetuoli, 360\u00b0 k\u00e4\u00e4ntyv\u00e4 tuoli, s\u00e4\u00e4dett\u00e4v\u00e4 lanneratuki, tilaa s\u00e4\u00e4st\u00e4v\u00e4, musta OBN37BK<\/p>\n","protected":false},"featured_media":44604,"comment_status":"open","ping_status":"closed","template":"","meta":[],"product_brand":[],"product_cat":[32],"product_tag":[],"class_list":{"0":"post-36301","1":"product","2":"type-product","3":"status-publish","4":"has-post-thumbnail","6":"product_cat-uncategorized-fi","8":"first","9":"instock","10":"shipping-taxable","11":"purchasable","12":"product-type-simple"},"_links":{"self":[{"href":"https:\/\/nordicmart.andreevmaster.com\/fi\/wp-json\/wp\/v2\/product\/36301","targetHints":{"allow":["GET"]}}],"collection":[{"href":"https:\/\/nordicmart.andreevmaster.com\/fi\/wp-json\/wp\/v2\/product"}],"about":[{"href":"https:\/\/nordicmart.andreevmaster.com\/fi\/wp-json\/wp\/v2\/types\/product"}],"replies":[{"embeddable":true,"href":"https:\/\/nordicmart.andreevmaster.com\/fi\/wp-json\/wp\/v2\/comments?post=36301"}],"wp:featuredmedia":[{"embeddable":true,"href":"https:\/\/nordicmart.andreevmaster.com\/fi\/wp-json\/wp\/v2\/media\/44604"}],"wp:attachment":[{"href":"https:\/\/nordicmart.andreevmaster.com\/fi\/wp-json\/wp\/v2\/media?parent=36301"}],"wp:term":[{"taxonomy":"product_brand","embeddable":true,"href":"https:\/\/nordicmart.andreevmaster.com\/fi\/wp-json\/wp\/v2\/product_brand?post=36301"},{"taxonomy":"product_cat","embeddable":true,"href":"https:\/\/nordicmart.andreevmaster.com\/fi\/wp-json\/wp\/v2\/product_cat?post=36301"},{"taxonomy":"product_tag","embeddable":true,"href":"https:\/\/nordicmart.andreevmaster.com\/fi\/wp-json\/wp\/v2\/product_tag?post=36301"}],"curies":[{"name":"wp","href":"https:\/\/api.w.org\/{rel}","templated":true}]}}