{"id":36297,"date":"2026-02-27T00:33:49","date_gmt":"2026-02-27T00:33:49","guid":{"rendered":"https:\/\/nordicmart.andreevmaster.com\/product\/songmics-tyotuoli-2-kpl-ergonominen-toimistotuoli-kasinojilla-istuinkorkeus-55-75-cm-korkea-pyoriva-tuoli-saadettavalla-jalkarenkaalla-kantavuus-120-kg-musta-obn25bk-2\/"},"modified":"2026-02-27T09:51:42","modified_gmt":"2026-02-27T09:51:42","slug":"songmics-tyotuoli-2-kpl-ergonominen-toimistotuoli-kasinojilla-istuinkorkeus-55-75-cm-korkea-pyoriva-tuoli-saadettavalla-jalkarenkaalla-kantavuus-120-kg-musta-obn25bk-2","status":"publish","type":"product","link":"https:\/\/nordicmart.andreevmaster.com\/fi\/tuote\/songmics-tyotuoli-2-kpl-ergonominen-toimistotuoli-kasinojilla-istuinkorkeus-55-75-cm-korkea-pyoriva-tuoli-saadettavalla-jalkarenkaalla-kantavuus-120-kg-musta-obn25bk-2\/","title":{"rendered":"SONGMICS ty\u00f6tuoli, 2 kpl, ergonominen toimistotuoli k\u00e4sinojilla, istuinkorkeus 55\u201375 cm, korkea py\u00f6riv\u00e4 tuoli s\u00e4\u00e4dett\u00e4v\u00e4ll\u00e4 jalkarenkaalla, kantavuus 120 kg, musta OBN25BK-2"},"content":{"rendered":"<p>Tuotetiedot:<\/p>\n<p>V\u00e4ri: musta<br \/>\nMateriaali:<br \/>\nJalkarengas: Nailon<br \/>\nSelk\u00e4noja: PP-muovi, polyesteriverkko<br \/>\nIstuin: puulevy, vaahtomuovi, polyesteri<br \/>\nPy\u00f6r\u00e4t: Nailon<br \/>\nAutomaattinen paluusylinteri: ter\u00e4s<br \/>\nKoko: 64 x 64 x (97-117) cm (P x L x K)<br \/>\nIstuimen korkeus: 55\u201375 cm<br \/>\nIstuimen leveys: 46 cm<br \/>\nIstuimen syvyys: 45 cm<br \/>\nSelk\u00e4nojan korkeus: 42 cm<br \/>\nJalkaristikon halkaisija: 64 cm<br \/>\nPy\u00f6rien halkaisija: 50 mm<br \/>\nAkselin halkaisija: 11 mm<br \/>\nPaino: 11,3 kg<br \/>\nMaks. staattinen kantavuus: 120 kg<br \/>\nToimitus sis\u00e4lt\u00e4\u00e4:<\/p>\n<p>2 x verkkop\u00e4\u00e4llysteinen ty\u00f6tuoli<br \/>\n2 x kuusiokoloavain<br \/>\n2 x lis\u00e4varuste<br \/>\n2 x k\u00e4ytt\u00f6ohje (DE, EN, IT, FR, ES)<br \/>\nSONGMICS-huomautukset:<\/p>\n<p>Asennuksen yhteydess\u00e4 varmista, ett\u00e4 levyyn merkitty teksti \u201dFRONT\u201d osoittaa istuinmekanismin etuosaa kohti.<br \/>\nK\u00e4yt\u00e4 alustaa, jos haluat k\u00e4ytt\u00e4\u00e4 tuolia puulattialla.<\/p>\n","protected":false},"excerpt":{"rendered":"<p>SONGMICS toimistotuoli, ergonominen ty\u00f6tuoli k\u00e4sinojilla, istuinkorkeus 55\u201375 cm, korkea ty\u00f6tuoli s\u00e4\u00e4dett\u00e4v\u00e4ll\u00e4 jalkarenkaalla, kantavuus 120 kg, musta OBN25BK<\/p>\n","protected":false},"featured_media":44600,"comment_status":"open","ping_status":"closed","template":"","meta":[],"product_brand":[],"product_cat":[32],"product_tag":[],"class_list":{"0":"post-36297","1":"product","2":"type-product","3":"status-publish","4":"has-post-thumbnail","6":"product_cat-uncategorized-fi","8":"first","9":"instock","10":"shipping-taxable","11":"purchasable","12":"product-type-simple"},"_links":{"self":[{"href":"https:\/\/nordicmart.andreevmaster.com\/fi\/wp-json\/wp\/v2\/product\/36297","targetHints":{"allow":["GET"]}}],"collection":[{"href":"https:\/\/nordicmart.andreevmaster.com\/fi\/wp-json\/wp\/v2\/product"}],"about":[{"href":"https:\/\/nordicmart.andreevmaster.com\/fi\/wp-json\/wp\/v2\/types\/product"}],"replies":[{"embeddable":true,"href":"https:\/\/nordicmart.andreevmaster.com\/fi\/wp-json\/wp\/v2\/comments?post=36297"}],"wp:featuredmedia":[{"embeddable":true,"href":"https:\/\/nordicmart.andreevmaster.com\/fi\/wp-json\/wp\/v2\/media\/44600"}],"wp:attachment":[{"href":"https:\/\/nordicmart.andreevmaster.com\/fi\/wp-json\/wp\/v2\/media?parent=36297"}],"wp:term":[{"taxonomy":"product_brand","embeddable":true,"href":"https:\/\/nordicmart.andreevmaster.com\/fi\/wp-json\/wp\/v2\/product_brand?post=36297"},{"taxonomy":"product_cat","embeddable":true,"href":"https:\/\/nordicmart.andreevmaster.com\/fi\/wp-json\/wp\/v2\/product_cat?post=36297"},{"taxonomy":"product_tag","embeddable":true,"href":"https:\/\/nordicmart.andreevmaster.com\/fi\/wp-json\/wp\/v2\/product_tag?post=36297"}],"curies":[{"name":"wp","href":"https:\/\/api.w.org\/{rel}","templated":true}]}}