{"id":36296,"date":"2026-02-27T00:33:49","date_gmt":"2026-02-27T00:33:49","guid":{"rendered":"https:\/\/nordicmart.andreevmaster.com\/product\/songmics-yksinkertainen-toimistotuoli-verkkokankaalla\/"},"modified":"2026-02-27T09:51:42","modified_gmt":"2026-02-27T09:51:42","slug":"songmics-yksinkertainen-toimistotuoli-verkkokankaalla","status":"publish","type":"product","link":"https:\/\/nordicmart.andreevmaster.com\/fi\/tuote\/songmics-yksinkertainen-toimistotuoli-verkkokankaalla\/","title":{"rendered":"SONGMICS Yksinkertainen toimistotuoli verkkokankaalla"},"content":{"rendered":"<p>Mukava ja hengitt\u00e4v\u00e4 Etsitk\u00f6 mukavaa py\u00f6riv\u00e4\u00e4 tuolia, joka sopii ty\u00f6- tai keitti\u00f6ty\u00f6pisteeseesi? T\u00e4m\u00e4 360 astetta k\u00e4\u00e4ntyv\u00e4 tuoli on ihanteellinen vaihtoehto sinulle. Verkkokankaasta valmistettu selk\u00e4noja varmistaa ilmankierron ja miellytt\u00e4v\u00e4n olon my\u00f6s kuumina kes\u00e4p\u00e4ivin\u00e4, kun joudut istumaan pitk\u00e4\u00e4n. T\u00e4ysin s\u00e4\u00e4dett\u00e4viss\u00e4 S\u00e4\u00e4dett\u00e4v\u00e4 jalkatuki ja istuinkorkeus sopivat ty\u00f6skentelyyn p\u00f6yd\u00e4n \u00e4\u00e4ress\u00e4, keitti\u00f6n ty\u00f6tasolla tai maalaust\u00f6iden parissa.  Turvallinen k\u00e4ytt\u00e4\u00e4  T\u00e4htijalka ja korkealaatuinen kaasujousi tarjoavat 120 kg:n kantavuuden, ja korkealaatuinen jalkatuki takaa t\u00e4m\u00e4n tuolin optimaalisen mukavuuden ja kest\u00e4vyyden. \u00c4l\u00e4 en\u00e4\u00e4 ep\u00e4r\u00f6i, vaan klikkaa &#8221;Lis\u00e4\u00e4 ostoskoriin&#8221; ja tilaa t\u00e4m\u00e4 tuoli kotiisi. Tuotetiedot: &#8211; V\u00e4ri: musta &#8211; Materiaali: &#8211; Jalkapohja: nailon &#8211; Selk\u00e4noja: PP, polyesteriverkko &#8211; Istuin: puulevy, vaahtomuovi, polyesterikangas &#8211; Py\u00f6r\u00e4t: nailon &#8211; Kaasujousi: ter\u00e4s &#8211; Mekaniikka &#8211; Pohjalevy: ter\u00e4s &#8211; Tuotteen koko: &#8211; Korkeus: 98,5-117,5 cm &#8211; Istuinkorkeus: 56-75 cm &#8211; Istuimen leveys: 48 cm &#8211; Istuimen syvyys: 45 cm &#8211; Selk\u00e4nojan korkeus: 47 cm &#8211; Jalkaristin halkaisija: 64 cm  &#8211; Tuotteen paino:- Nettopaino: 9,9 kg &#8211; Suurin kantavuus: 120 kg Toimitus sis\u00e4lt\u00e4\u00e4: &#8211; 1 x py\u00f6riv\u00e4 tuoli &#8211; 1 x kuusiokoloavain &#8211; 1 x lis\u00e4varustepussi &#8211; 1 x ohjeet (DE, EN, FR, ES, IT)<\/p>\n","protected":false},"excerpt":{"rendered":"<p>SONGMICS-ty\u00f6tuoli, ergonominen ty\u00f6jakkara, istuinkorkeus 51,5\u201371,5 cm, korkea ty\u00f6tuoli s\u00e4\u00e4dett\u00e4v\u00e4ll\u00e4 jalkarenkaalla, kantavuus 120 kg, musta OBN15BK<\/p>\n","protected":false},"featured_media":44599,"comment_status":"open","ping_status":"closed","template":"","meta":[],"product_brand":[],"product_cat":[32],"product_tag":[],"class_list":{"0":"post-36296","1":"product","2":"type-product","3":"status-publish","4":"has-post-thumbnail","6":"product_cat-uncategorized-fi","8":"first","9":"instock","10":"shipping-taxable","11":"purchasable","12":"product-type-simple"},"_links":{"self":[{"href":"https:\/\/nordicmart.andreevmaster.com\/fi\/wp-json\/wp\/v2\/product\/36296","targetHints":{"allow":["GET"]}}],"collection":[{"href":"https:\/\/nordicmart.andreevmaster.com\/fi\/wp-json\/wp\/v2\/product"}],"about":[{"href":"https:\/\/nordicmart.andreevmaster.com\/fi\/wp-json\/wp\/v2\/types\/product"}],"replies":[{"embeddable":true,"href":"https:\/\/nordicmart.andreevmaster.com\/fi\/wp-json\/wp\/v2\/comments?post=36296"}],"wp:featuredmedia":[{"embeddable":true,"href":"https:\/\/nordicmart.andreevmaster.com\/fi\/wp-json\/wp\/v2\/media\/44599"}],"wp:attachment":[{"href":"https:\/\/nordicmart.andreevmaster.com\/fi\/wp-json\/wp\/v2\/media?parent=36296"}],"wp:term":[{"taxonomy":"product_brand","embeddable":true,"href":"https:\/\/nordicmart.andreevmaster.com\/fi\/wp-json\/wp\/v2\/product_brand?post=36296"},{"taxonomy":"product_cat","embeddable":true,"href":"https:\/\/nordicmart.andreevmaster.com\/fi\/wp-json\/wp\/v2\/product_cat?post=36296"},{"taxonomy":"product_tag","embeddable":true,"href":"https:\/\/nordicmart.andreevmaster.com\/fi\/wp-json\/wp\/v2\/product_tag?post=36296"}],"curies":[{"name":"wp","href":"https:\/\/api.w.org\/{rel}","templated":true}]}}