{"id":36295,"date":"2026-02-27T00:33:48","date_gmt":"2026-02-27T00:33:48","guid":{"rendered":"https:\/\/nordicmart.andreevmaster.com\/product\/songmics-toimistotuoli-selkanojalla-ja-kasinojilla-cappuccinobeige\/"},"modified":"2026-02-27T09:51:42","modified_gmt":"2026-02-27T09:51:42","slug":"songmics-toimistotuoli-selkanojalla-ja-kasinojilla-cappuccinobeige","status":"publish","type":"product","link":"https:\/\/nordicmart.andreevmaster.com\/fi\/tuote\/songmics-toimistotuoli-selkanojalla-ja-kasinojilla-cappuccinobeige\/","title":{"rendered":"SONGMICS toimistotuoli selk\u00e4nojalla ja k\u00e4sinojilla, cappuccinobeige"},"content":{"rendered":"<p>SONGMICS toimistotuoli, ty\u00f6tuoli, ergonominen selk\u00e4noja, korkeuss\u00e4\u00e4dett\u00e4v\u00e4, yl\u00f6s nostettavat k\u00e4sinojat, py\u00f6riv\u00e4 tuoli p\u00e4\u00e4ntuella, kantavuus 150 kg, musta OBN088B01<\/p>\n","protected":false},"excerpt":{"rendered":"<p>SONGMICS toimistotuoli, ty\u00f6tuoli, ergonominen selk\u00e4noja, korkeuss\u00e4\u00e4dett\u00e4v\u00e4, yl\u00f6s nostettavat k\u00e4sinojat, py\u00f6riv\u00e4 tuoli p\u00e4\u00e4ntuella, kantavuus 150 kg, musta OBN088B01<\/p>\n","protected":false},"featured_media":44598,"comment_status":"open","ping_status":"closed","template":"","meta":[],"product_brand":[],"product_cat":[32],"product_tag":[],"class_list":{"0":"post-36295","1":"product","2":"type-product","3":"status-publish","4":"has-post-thumbnail","6":"product_cat-uncategorized-fi","8":"first","9":"instock","10":"shipping-taxable","11":"purchasable","12":"product-type-simple"},"_links":{"self":[{"href":"https:\/\/nordicmart.andreevmaster.com\/fi\/wp-json\/wp\/v2\/product\/36295","targetHints":{"allow":["GET"]}}],"collection":[{"href":"https:\/\/nordicmart.andreevmaster.com\/fi\/wp-json\/wp\/v2\/product"}],"about":[{"href":"https:\/\/nordicmart.andreevmaster.com\/fi\/wp-json\/wp\/v2\/types\/product"}],"replies":[{"embeddable":true,"href":"https:\/\/nordicmart.andreevmaster.com\/fi\/wp-json\/wp\/v2\/comments?post=36295"}],"wp:featuredmedia":[{"embeddable":true,"href":"https:\/\/nordicmart.andreevmaster.com\/fi\/wp-json\/wp\/v2\/media\/44598"}],"wp:attachment":[{"href":"https:\/\/nordicmart.andreevmaster.com\/fi\/wp-json\/wp\/v2\/media?parent=36295"}],"wp:term":[{"taxonomy":"product_brand","embeddable":true,"href":"https:\/\/nordicmart.andreevmaster.com\/fi\/wp-json\/wp\/v2\/product_brand?post=36295"},{"taxonomy":"product_cat","embeddable":true,"href":"https:\/\/nordicmart.andreevmaster.com\/fi\/wp-json\/wp\/v2\/product_cat?post=36295"},{"taxonomy":"product_tag","embeddable":true,"href":"https:\/\/nordicmart.andreevmaster.com\/fi\/wp-json\/wp\/v2\/product_tag?post=36295"}],"curies":[{"name":"wp","href":"https:\/\/api.w.org\/{rel}","templated":true}]}}