{"id":36293,"date":"2026-02-27T00:33:48","date_gmt":"2026-02-27T00:33:48","guid":{"rendered":"https:\/\/nordicmart.andreevmaster.com\/product\/songmics-toimistotuoli-saadettavilla-kasinojilla-musta\/"},"modified":"2026-02-27T09:51:41","modified_gmt":"2026-02-27T09:51:41","slug":"songmics-toimistotuoli-saadettavilla-kasinojilla-musta","status":"publish","type":"product","link":"https:\/\/nordicmart.andreevmaster.com\/fi\/tuote\/songmics-toimistotuoli-saadettavilla-kasinojilla-musta\/","title":{"rendered":"SONGMICS toimistotuoli s\u00e4\u00e4dett\u00e4vill\u00e4 k\u00e4sinojilla, musta"},"content":{"rendered":"<p>Tuotetiedot: V\u00e4ri: musta Materiaali: ter\u00e4s, nailonpy\u00f6r\u00e4t, polyesteri, vaahtomuovi Kokonaismitat: 64 x 62 x (117-127) cm (P x L x K) Istuinkorkeus: 43-53 cm Istuimen mitat: 52 x 50 cm (P x L) Selk\u00e4nojan mitat: 47,5 x 74 cm (P x K)K\u00e4sinojien korkeus (istuinpinnasta): 25 cmPaino: 11,5 kgMaks. staattinen kantavuus: 120 kgToimitus sis\u00e4lt\u00e4\u00e4:1 x toimistotuoli2 x k\u00e4sineet (yksi pari)1 x lis\u00e4varustepaketti1 x ohjeSONGMICS Huomautukset:K\u00e4yt\u00e4 alustaa, jos haluat k\u00e4ytt\u00e4\u00e4 tuolia puulattialla. Kun k\u00e4yt\u00e4t keinutoimintoa, tuolin istuin ja selk\u00e4noja kallistuvat taaksep\u00e4in samanaikaisesti; selk\u00e4nojaa ei voi kallistaa erikseen.<\/p>\n","protected":false},"excerpt":{"rendered":"<p>SONGMICS toimistotuoli, tietokonetuoli, ergonominen tuoli, s\u00e4\u00e4dett\u00e4v\u00e4t k\u00e4sinojat ja p\u00e4\u00e4ntuki, keinutoiminto, hengitt\u00e4v\u00e4 verkkokangas, korkeuss\u00e4\u00e4dett\u00e4v\u00e4, musta OBN087B01<\/p>\n","protected":false},"featured_media":44596,"comment_status":"open","ping_status":"closed","template":"","meta":[],"product_brand":[],"product_cat":[32],"product_tag":[],"class_list":{"0":"post-36293","1":"product","2":"type-product","3":"status-publish","4":"has-post-thumbnail","6":"product_cat-uncategorized-fi","8":"first","9":"instock","10":"shipping-taxable","11":"purchasable","12":"product-type-simple"},"_links":{"self":[{"href":"https:\/\/nordicmart.andreevmaster.com\/fi\/wp-json\/wp\/v2\/product\/36293","targetHints":{"allow":["GET"]}}],"collection":[{"href":"https:\/\/nordicmart.andreevmaster.com\/fi\/wp-json\/wp\/v2\/product"}],"about":[{"href":"https:\/\/nordicmart.andreevmaster.com\/fi\/wp-json\/wp\/v2\/types\/product"}],"replies":[{"embeddable":true,"href":"https:\/\/nordicmart.andreevmaster.com\/fi\/wp-json\/wp\/v2\/comments?post=36293"}],"wp:featuredmedia":[{"embeddable":true,"href":"https:\/\/nordicmart.andreevmaster.com\/fi\/wp-json\/wp\/v2\/media\/44596"}],"wp:attachment":[{"href":"https:\/\/nordicmart.andreevmaster.com\/fi\/wp-json\/wp\/v2\/media?parent=36293"}],"wp:term":[{"taxonomy":"product_brand","embeddable":true,"href":"https:\/\/nordicmart.andreevmaster.com\/fi\/wp-json\/wp\/v2\/product_brand?post=36293"},{"taxonomy":"product_cat","embeddable":true,"href":"https:\/\/nordicmart.andreevmaster.com\/fi\/wp-json\/wp\/v2\/product_cat?post=36293"},{"taxonomy":"product_tag","embeddable":true,"href":"https:\/\/nordicmart.andreevmaster.com\/fi\/wp-json\/wp\/v2\/product_tag?post=36293"}],"curies":[{"name":"wp","href":"https:\/\/api.w.org\/{rel}","templated":true}]}}