{"id":36291,"date":"2026-02-27T00:33:47","date_gmt":"2026-02-27T00:33:47","guid":{"rendered":"https:\/\/nordicmart.andreevmaster.com\/product\/songmics-tyotuoli-paantuella\/"},"modified":"2026-02-27T09:51:41","modified_gmt":"2026-02-27T09:51:41","slug":"songmics-tyotuoli-paantuella","status":"publish","type":"product","link":"https:\/\/nordicmart.andreevmaster.com\/fi\/tuote\/songmics-tyotuoli-paantuella\/","title":{"rendered":"SONGMICS-ty\u00f6tuoli p\u00e4\u00e4ntuella"},"content":{"rendered":"<p>Parempi tuottavuus, parempi mieliala V\u00e4\u00e4r\u00e4 ryhti tekee jo muutenkin raskaista ty\u00f6p\u00e4ivist\u00e4 viel\u00e4kin ep\u00e4miellytt\u00e4v\u00e4mpi\u00e4. L\u00f6yd\u00e4 ihanteellinen ryhti t\u00e4ll\u00e4 ty\u00f6tuolilla: kehosi rentoutuu, mielesi muuttuu tuottavammaksi ja kahdeksan ty\u00f6tuntia kuluu kuin siivill\u00e4.   T\u00e4m\u00e4n ty\u00f6tuolin edut: &#8211; S\u00e4\u00e4d\u00e4 tuolin korkeutta l\u00f6yt\u00e4\u00e4ksesi ihanteellisen istuma-asennon, joka vastaa n\u00e4yt\u00f6n korkeutta. &#8211; Ergonomisen muotoisen selk\u00e4nojan ansiosta voit ty\u00f6skennell\u00e4 rentoutuneena ja selk\u00e4 suorana. &#8211; Anna k\u00e4sivartesi lev\u00e4t\u00e4 mukavilla, PU-keinonahalla verhoilluilla k\u00e4sinojilla. &#8211; Rentouta niskaasi ja hartioitasi korkean selk\u00e4nojan ansiosta, joka jatkuu p\u00e4\u00e4ntueksi.   Tuotetiedot: &#8211; V\u00e4ri: musta-sininen-tummanharmaa &#8211; Materiaali: ter\u00e4s, vaahtomuovipehmuste, muovi, PU-keinonahka, kangaspinta, nailonpy\u00f6r\u00e4t &#8211; Tuolin koko: 64 x 54 x (113-123) cm (P x L x K) &#8211; Istuimen korkeus (lattiasta): 42\u201352 cm &#8211; Istuimen mitat: 50 x 50 cm (P x L) &#8211; Selk\u00e4nojan mitat: 47 x 70 cm (P x K) &#8211; P\u00e4\u00e4ntuen mitat: 25 x 20 cm (L x K) &#8211; K\u00e4sinojien korkeus (istuinpinnasta): 21 cm &#8211; Paino: 13,5 kg &#8211; Maks. staattinen kantavuus: 130 kg Toimitus sis\u00e4lt\u00e4\u00e4: &#8211; 1 x ty\u00f6tuoli &#8211; 1 x lis\u00e4varustepaketti &#8211; 1 x ohjeet (DE, EN, IT, FR, ES) SONGMICS Huomautukset: &#8211; \u00c4l\u00e4 aseta tuotetta<\/p>\n","protected":false},"excerpt":{"rendered":"<p>SONGMICS toimistotuoli verkkokankaalla, tuoli p\u00e4\u00e4ntuella ja k\u00e4sinojilla, korkeuss\u00e4\u00e4dett\u00e4v\u00e4, 360\u00b0 k\u00e4\u00e4ntyv\u00e4, keinutoiminto, kantavuus 130 kg, ergonominen, musta-sininen-tummanharmaa OBN086B02<\/p>\n","protected":false},"featured_media":44594,"comment_status":"open","ping_status":"closed","template":"","meta":[],"product_brand":[],"product_cat":[32],"product_tag":[],"class_list":{"0":"post-36291","1":"product","2":"type-product","3":"status-publish","4":"has-post-thumbnail","6":"product_cat-uncategorized-fi","8":"first","9":"instock","10":"shipping-taxable","11":"purchasable","12":"product-type-simple"},"_links":{"self":[{"href":"https:\/\/nordicmart.andreevmaster.com\/fi\/wp-json\/wp\/v2\/product\/36291","targetHints":{"allow":["GET"]}}],"collection":[{"href":"https:\/\/nordicmart.andreevmaster.com\/fi\/wp-json\/wp\/v2\/product"}],"about":[{"href":"https:\/\/nordicmart.andreevmaster.com\/fi\/wp-json\/wp\/v2\/types\/product"}],"replies":[{"embeddable":true,"href":"https:\/\/nordicmart.andreevmaster.com\/fi\/wp-json\/wp\/v2\/comments?post=36291"}],"wp:featuredmedia":[{"embeddable":true,"href":"https:\/\/nordicmart.andreevmaster.com\/fi\/wp-json\/wp\/v2\/media\/44594"}],"wp:attachment":[{"href":"https:\/\/nordicmart.andreevmaster.com\/fi\/wp-json\/wp\/v2\/media?parent=36291"}],"wp:term":[{"taxonomy":"product_brand","embeddable":true,"href":"https:\/\/nordicmart.andreevmaster.com\/fi\/wp-json\/wp\/v2\/product_brand?post=36291"},{"taxonomy":"product_cat","embeddable":true,"href":"https:\/\/nordicmart.andreevmaster.com\/fi\/wp-json\/wp\/v2\/product_cat?post=36291"},{"taxonomy":"product_tag","embeddable":true,"href":"https:\/\/nordicmart.andreevmaster.com\/fi\/wp-json\/wp\/v2\/product_tag?post=36291"}],"curies":[{"name":"wp","href":"https:\/\/api.w.org\/{rel}","templated":true}]}}